{"id":22884,"date":"2025-06-18T09:45:41","date_gmt":"2025-06-18T09:45:41","guid":{"rendered":"https:\/\/oroel.com\/producto\/sweat-shirt-multipoches-pour-soudeur\/"},"modified":"2025-06-18T09:45:41","modified_gmt":"2025-06-18T09:45:41","slug":"sweat-shirt-multipoches-pour-soudeur","status":"publish","type":"product","link":"https:\/\/oroel.com\/fr\/producto\/sweat-shirt-multipoches-pour-soudeur\/","title":{"rendered":"Sweat-shirt multipoches pour soudeur"},"content":{"rendered":"<p>Cette combinaison ferm\u00e9e sp\u00e9cialement con\u00e7ue pour les <strong>t\u00e2ches de soudage<\/strong> offre aux travailleurs une grande protection et un grand confort, car ils ont leur \u00e9quipement de protection en une seule pi\u00e8ce.<\/p>\n<p>Sa couleur est le bleu marine, et il poss\u00e8de plusieurs bandes jaunes sur les bras et les jambes, qui garantissent la <strong>bonne visibilit\u00e9 de l\u2019op\u00e9rateur n\u2019importe<\/strong> o\u00f9, quelles que soient les conditions de lumi\u00e8re pr\u00e9sentes.<\/p>\n<p>Ses <strong>poignets sont \u00e9lastiques et ferm\u00e9s<\/strong> , offrant ainsi une s\u00e9curit\u00e9 maximale. Il dispose \u00e9galement d\u2019une fermeture \u00e9clair qui est cach\u00e9e par un velcro et qui s\u2019\u00e9tend de la taille au cou. <\/p>\n<p>De plus, ce sweat-shirt de soudure dispose de plusieurs poches en haut et en bas, toutes prot\u00e9g\u00e9es par un rabat.<\/p>\n","protected":false},"excerpt":{"rendered":"<p>Combinaison de protection Oroel. Avec des bandes jaunes sur les bras et les jambes.<br \/>\nComposition : 99&nbsp;% coton ignifuge &#8211; 1&nbsp;% antistatique, 335 g\/m\u00b2 <\/p>\n","protected":false},"featured_media":20235,"comment_status":"closed","ping_status":"closed","template":"","meta":{"_acf_changed":false},"product_brand":[],"product_cat":[301,207,146],"product_tag":[],"class_list":{"0":"post-22884","1":"product","2":"type-product","3":"status-publish","4":"has-post-thumbnail","6":"product_cat-plongeurs-du-soudeur","7":"product_cat-vetements-de-soudeur","8":"product_cat-vetements-de-travail-industriels","9":"resize-featured-image","10":"sales-flash-overlay","11":"woocommerce-text-align-center","12":"woocommerce-image-align-center","13":"do-quantity-buttons","15":"first","16":"instock","17":"shipping-taxable","18":"product-type-simple"},"acf":[],"_links":{"self":[{"href":"https:\/\/oroel.com\/fr\/wp-json\/wp\/v2\/product\/22884","targetHints":{"allow":["GET"]}}],"collection":[{"href":"https:\/\/oroel.com\/fr\/wp-json\/wp\/v2\/product"}],"about":[{"href":"https:\/\/oroel.com\/fr\/wp-json\/wp\/v2\/types\/product"}],"replies":[{"embeddable":true,"href":"https:\/\/oroel.com\/fr\/wp-json\/wp\/v2\/comments?post=22884"}],"wp:featuredmedia":[{"embeddable":true,"href":"https:\/\/oroel.com\/fr\/wp-json\/wp\/v2\/media\/20235"}],"wp:attachment":[{"href":"https:\/\/oroel.com\/fr\/wp-json\/wp\/v2\/media?parent=22884"}],"wp:term":[{"taxonomy":"product_brand","embeddable":true,"href":"https:\/\/oroel.com\/fr\/wp-json\/wp\/v2\/product_brand?post=22884"},{"taxonomy":"product_cat","embeddable":true,"href":"https:\/\/oroel.com\/fr\/wp-json\/wp\/v2\/product_cat?post=22884"},{"taxonomy":"product_tag","embeddable":true,"href":"https:\/\/oroel.com\/fr\/wp-json\/wp\/v2\/product_tag?post=22884"}],"curies":[{"name":"wp","href":"https:\/\/api.w.org\/{rel}","templated":true}]}}