{"id":22879,"date":"2025-06-18T09:45:41","date_gmt":"2025-06-18T09:45:41","guid":{"rendered":"https:\/\/oroel.com\/producto\/gilet-rembourre-contre-la-chaleur-et-le-feu\/"},"modified":"2025-06-18T09:45:41","modified_gmt":"2025-06-18T09:45:41","slug":"gilet-rembourre-contre-la-chaleur-et-le-feu","status":"publish","type":"product","link":"https:\/\/oroel.com\/fr\/producto\/gilet-rembourre-contre-la-chaleur-et-le-feu\/","title":{"rendered":"Gilet rembourr\u00e9 contre la chaleur et le feu"},"content":{"rendered":"","protected":false},"excerpt":{"rendered":"<p>Composition : Mati\u00e8re premi\u00e8re : 50&nbsp;% viscose ignifuge &#8211; 30&nbsp;% laine &#8211; 18&nbsp;% polyamide &#8211; 2&nbsp;% antistatique, 370 g\/m\u00b2<br \/>\nIsolation thermique : 100&nbsp;% polyester ignifuge, 200 g\/m\u00b2<br \/>\nDoublure : 54&nbsp;% coton &#8211; 45&nbsp;% modaacrylique &#8211; 1&nbsp;% antistatique, 150 g\/m\u00b2<\/p>\n","protected":false},"featured_media":20255,"comment_status":"closed","ping_status":"closed","template":"","meta":{"_acf_changed":false},"product_brand":[],"product_cat":[299,204,146],"product_tag":[],"class_list":{"0":"post-22879","1":"product","2":"type-product","3":"status-publish","4":"has-post-thumbnail","6":"product_cat-gilets-chauffants-et-coupe-feu","7":"product_cat-vetements-de-protection-contre-la-chaleur-et-les-incendies","8":"product_cat-vetements-de-travail-industriels","9":"resize-featured-image","10":"sales-flash-overlay","11":"woocommerce-text-align-center","12":"woocommerce-image-align-center","13":"do-quantity-buttons","15":"first","16":"instock","17":"shipping-taxable","18":"product-type-simple"},"acf":[],"_links":{"self":[{"href":"https:\/\/oroel.com\/fr\/wp-json\/wp\/v2\/product\/22879","targetHints":{"allow":["GET"]}}],"collection":[{"href":"https:\/\/oroel.com\/fr\/wp-json\/wp\/v2\/product"}],"about":[{"href":"https:\/\/oroel.com\/fr\/wp-json\/wp\/v2\/types\/product"}],"replies":[{"embeddable":true,"href":"https:\/\/oroel.com\/fr\/wp-json\/wp\/v2\/comments?post=22879"}],"wp:featuredmedia":[{"embeddable":true,"href":"https:\/\/oroel.com\/fr\/wp-json\/wp\/v2\/media\/20255"}],"wp:attachment":[{"href":"https:\/\/oroel.com\/fr\/wp-json\/wp\/v2\/media?parent=22879"}],"wp:term":[{"taxonomy":"product_brand","embeddable":true,"href":"https:\/\/oroel.com\/fr\/wp-json\/wp\/v2\/product_brand?post=22879"},{"taxonomy":"product_cat","embeddable":true,"href":"https:\/\/oroel.com\/fr\/wp-json\/wp\/v2\/product_cat?post=22879"},{"taxonomy":"product_tag","embeddable":true,"href":"https:\/\/oroel.com\/fr\/wp-json\/wp\/v2\/product_tag?post=22879"}],"curies":[{"name":"wp","href":"https:\/\/api.w.org\/{rel}","templated":true}]}}