{"id":22872,"date":"2025-06-18T09:45:23","date_gmt":"2025-06-18T09:45:23","guid":{"rendered":"https:\/\/oroel.com\/producto\/pantalon-ferme-ignifuge-et-antistatique\/"},"modified":"2025-06-18T09:45:23","modified_gmt":"2025-06-18T09:45:23","slug":"pantalon-ferme-ignifuge-et-antistatique","status":"publish","type":"product","link":"https:\/\/oroel.com\/fr\/producto\/pantalon-ferme-ignifuge-et-antistatique\/","title":{"rendered":"Pantalon ferm\u00e9 ignifuge et antistatique"},"content":{"rendered":"<p>Ce pantalon ferm\u00e9 ignifuge et antistatique avec 54&nbsp;% de modacrylique, 44&nbsp;% de coton et 2&nbsp;% d\u2019antistatique <strong>prot\u00e8ge<\/strong> les membres inf\u00e9rieurs <strong>des risques de br\u00fblures<\/strong>.<\/p>\n<p>\u00c9tant un v\u00eatement con\u00e7u pour le domaine professionnel, il comprend <strong>une taille ajustable et une fermeture \u00e0 glissi\u00e8re et \u00e0<\/strong> bouton pour allier s\u00e9curit\u00e9 et confort.<\/p>\n<p>Son grammage est de 240 g\/m\u00b2 et ses poches sont incluses.<\/p>\n<p>Ses caract\u00e9ristiques techniques lui font rejeter la combustion ainsi qu\u2019emp\u00eacher le d\u00e9veloppement ou l\u2019accumulation d\u2019\u00e9lectricit\u00e9. Combin\u00e9s avec des v\u00eatements d\u2019attributs similaires d\u00e9di\u00e9s au tronc et aux membres sup\u00e9rieurs, ils parviennent \u00e0 assurer la s\u00e9curit\u00e9 dans l\u2019environnement de travail contre les professions expos\u00e9es au feu. <\/p>\n<h3>Normes pour les pantalons ignifuges et antistatiques E150702 \u2013 ST<\/h3>\n<p><strong>EN ISO 11612 :<\/strong> Cette norme certifie qu\u2019il existe des exigences internationales auxquelles le v\u00eatement est conforme et, par cons\u00e9quent, qu\u2019il est adapt\u00e9 \u00e0 une utilisation dans des environnements de travail o\u00f9 il peut \u00eatre en contact avec des \u00e9tincelles ou un feu.<\/p>\n<p><strong>EN 1149-5 :<\/strong> Gr\u00e2ce \u00e0 cette norme, nous savons que le v\u00eatement dispose d\u2019un certificat qui garantit qu\u2019il ne transmet pas de charge \u00e9lectrostatique. Cette caract\u00e9ristique est d\u2019une importance vitale lorsque vous travaillez dans des environnements dangereux en raison de charges incendiaires <\/p>\n","protected":false},"excerpt":{"rendered":"<p>Pantalon avec taille r\u00e9glable et fermeture zipp\u00e9e et boutonn\u00e9e.<br \/>\nComposition : 54&nbsp;% modaacrylique &#8211; 44&nbsp;% coton &#8211; 2&nbsp;% antistatique, 240 g\/m\u00b2<\/p>\n","protected":false},"featured_media":20207,"comment_status":"closed","ping_status":"closed","template":"","meta":{"_acf_changed":false},"product_brand":[],"product_cat":[295,141,146,279],"product_tag":[],"class_list":{"0":"post-22872","1":"product","2":"type-product","3":"status-publish","4":"has-post-thumbnail","6":"product_cat-pantalon-ignifuge-antistatique","7":"product_cat-pantalons-de-travail","8":"product_cat-vetements-de-travail-industriels","9":"product_cat-vetements-ignifuges-et-antistatiques","10":"resize-featured-image","11":"sales-flash-overlay","12":"woocommerce-text-align-center","13":"woocommerce-image-align-center","14":"do-quantity-buttons","16":"first","17":"instock","18":"shipping-taxable","19":"product-type-simple"},"acf":[],"_links":{"self":[{"href":"https:\/\/oroel.com\/fr\/wp-json\/wp\/v2\/product\/22872","targetHints":{"allow":["GET"]}}],"collection":[{"href":"https:\/\/oroel.com\/fr\/wp-json\/wp\/v2\/product"}],"about":[{"href":"https:\/\/oroel.com\/fr\/wp-json\/wp\/v2\/types\/product"}],"replies":[{"embeddable":true,"href":"https:\/\/oroel.com\/fr\/wp-json\/wp\/v2\/comments?post=22872"}],"wp:featuredmedia":[{"embeddable":true,"href":"https:\/\/oroel.com\/fr\/wp-json\/wp\/v2\/media\/20207"}],"wp:attachment":[{"href":"https:\/\/oroel.com\/fr\/wp-json\/wp\/v2\/media?parent=22872"}],"wp:term":[{"taxonomy":"product_brand","embeddable":true,"href":"https:\/\/oroel.com\/fr\/wp-json\/wp\/v2\/product_brand?post=22872"},{"taxonomy":"product_cat","embeddable":true,"href":"https:\/\/oroel.com\/fr\/wp-json\/wp\/v2\/product_cat?post=22872"},{"taxonomy":"product_tag","embeddable":true,"href":"https:\/\/oroel.com\/fr\/wp-json\/wp\/v2\/product_tag?post=22872"}],"curies":[{"name":"wp","href":"https:\/\/api.w.org\/{rel}","templated":true}]}}