{"id":22871,"date":"2025-06-18T09:45:23","date_gmt":"2025-06-18T09:45:23","guid":{"rendered":"https:\/\/oroel.com\/producto\/veste-fermee-ignifuge-et-antistatique\/"},"modified":"2025-06-18T09:45:23","modified_gmt":"2025-06-18T09:45:23","slug":"veste-fermee-ignifuge-et-antistatique","status":"publish","type":"product","link":"https:\/\/oroel.com\/fr\/producto\/veste-fermee-ignifuge-et-antistatique\/","title":{"rendered":"Veste ferm\u00e9e ignifuge et antistatique"},"content":{"rendered":"<p>Cette gaine noire ignifuge et antistatique a \u00e9t\u00e9 soigneusement con\u00e7ue pour prot\u00e9ger dans les environnements de travail o\u00f9 l\u2019on peut trouver de la poussi\u00e8re en suspension ou des activit\u00e9s de peinture ou d\u2019assemblage d\u2019\u00e9quipements \u00e9lectriques.<\/p>\n<p>Sa composition est \u00e0 base de 54&nbsp;% de modacrylique, 44&nbsp;% de coton et 2&nbsp;% d\u2019antistatique. Sa taille et ses poignets sont r\u00e9glables, ce qui donne au professionnel qui le porte un grand soutien et un grand confort. De plus, sa fermeture \u00e9clair est toujours cach\u00e9e.  <\/p>\n<p>Ce v\u00eatement poss\u00e8de les certificats qui garantissent le respect de toutes les exigences de protection, ce qui en fait un v\u00eatement ignifuge et antistatique. De plus, vous pouvez retrouver le niveau de retrait et sa dur\u00e9e de vie utile tout au long de sa fiche technique. <\/p>\n<h3>Normes de la D082702 Veste ferm\u00e9e ignifuge et antistatique \u2013 ST<\/h3>\n<p><strong>EN ISO 11611 :<\/strong> cette norme \u00e9tablit les exigences qui doivent \u00eatre respect\u00e9es au niveau de la conception et de la protection thermique des v\u00eatements utilis\u00e9s par les soudeurs et les professionnels de secteurs similaires.<\/p>\n<p><strong>EN ISO 11612 :<\/strong> cette norme r\u00e9alise une analyse des propri\u00e9t\u00e9s offertes par les v\u00eatements de protection contre la chaleur et les flammes.<\/p>\n<p><strong>EN 1149-5 :<\/strong> Cette norme d\u00e9finit \u00e0 la fois les exigences \u00e9lectrostatiques et les exigences de conception auxquelles doivent r\u00e9pondre les v\u00eatements de protection antistatiques.<\/p>\n","protected":false},"excerpt":{"rendered":"<p>V\u00eatement noir.<br \/>\nComposition : 54&nbsp;% modaacrylique &#8211; 44&nbsp;% coton &#8211; 2&nbsp;% antistatique, 240 g\/m\u00b2<br \/>\nTaille et poignets r\u00e9glables.<\/p>\n","protected":false},"featured_media":20205,"comment_status":"closed","ping_status":"closed","template":"","meta":{"_acf_changed":false},"product_brand":[],"product_cat":[150,294,146,279],"product_tag":[],"class_list":{"0":"post-22871","1":"product","2":"type-product","3":"status-publish","4":"has-post-thumbnail","6":"product_cat-veste-de-travail","7":"product_cat-vestes-ignifuges-antistatiques-fr","8":"product_cat-vetements-de-travail-industriels","9":"product_cat-vetements-ignifuges-et-antistatiques","10":"resize-featured-image","11":"sales-flash-overlay","12":"woocommerce-text-align-center","13":"woocommerce-image-align-center","14":"do-quantity-buttons","16":"first","17":"instock","18":"shipping-taxable","19":"product-type-simple"},"acf":[],"_links":{"self":[{"href":"https:\/\/oroel.com\/fr\/wp-json\/wp\/v2\/product\/22871","targetHints":{"allow":["GET"]}}],"collection":[{"href":"https:\/\/oroel.com\/fr\/wp-json\/wp\/v2\/product"}],"about":[{"href":"https:\/\/oroel.com\/fr\/wp-json\/wp\/v2\/types\/product"}],"replies":[{"embeddable":true,"href":"https:\/\/oroel.com\/fr\/wp-json\/wp\/v2\/comments?post=22871"}],"wp:featuredmedia":[{"embeddable":true,"href":"https:\/\/oroel.com\/fr\/wp-json\/wp\/v2\/media\/20205"}],"wp:attachment":[{"href":"https:\/\/oroel.com\/fr\/wp-json\/wp\/v2\/media?parent=22871"}],"wp:term":[{"taxonomy":"product_brand","embeddable":true,"href":"https:\/\/oroel.com\/fr\/wp-json\/wp\/v2\/product_brand?post=22871"},{"taxonomy":"product_cat","embeddable":true,"href":"https:\/\/oroel.com\/fr\/wp-json\/wp\/v2\/product_cat?post=22871"},{"taxonomy":"product_tag","embeddable":true,"href":"https:\/\/oroel.com\/fr\/wp-json\/wp\/v2\/product_tag?post=22871"}],"curies":[{"name":"wp","href":"https:\/\/api.w.org\/{rel}","templated":true}]}}