{"id":22867,"date":"2025-06-18T09:45:23","date_gmt":"2025-06-18T09:45:23","guid":{"rendered":"https:\/\/oroel.com\/producto\/gilet-rembourre-ignifuge-et-antistatique\/"},"modified":"2025-06-18T09:45:23","modified_gmt":"2025-06-18T09:45:23","slug":"gilet-rembourre-ignifuge-et-antistatique","status":"publish","type":"product","link":"https:\/\/oroel.com\/fr\/producto\/gilet-rembourre-ignifuge-et-antistatique\/","title":{"rendered":"Gilet rembourr\u00e9 ignifuge et antistatique"},"content":{"rendered":"<p>Ce gilet rembourr\u00e9 ignifuge et antistatique est id\u00e9al pour les travaux qui se d\u00e9roulent dans des environnements o\u00f9 il y a de la poussi\u00e8re en suspension, de la peinture ou des assemblages d\u2019\u00e9quipements \u00e9lectriques, il y a donc un risque de cr\u00e9er des \u00e9tincelles qui peuvent g\u00e9n\u00e9rer un embrasement.<\/p>\n<p>En plus de nous aider \u00e0 dissiper les charges \u00e9lectrostatiques, ce gilet ainsi que les accessoires de protection appropri\u00e9s peuvent nous prot\u00e9ger des gaz combustibles et des poussi\u00e8res. Ce v\u00eatement de protection ignifuge et antistatique contient 54&nbsp;% de modacrylique, 44&nbsp;% de coton et 2&nbsp;% d\u2019antistatique. De plus, il comprend une isolation thermique en 100&nbsp;% polyester et une doublure.  <\/p>\n<p>Gr\u00e2ce \u00e0 son ouverture dans les bras, ce gilet offre une protection sur l\u2019ensemble du tronc permettant une grande libert\u00e9 de mouvement, ce qui facilite grandement le travail au sein des diff\u00e9rents secteurs d\u2019activit\u00e9 o\u00f9 il peut \u00eatre utilis\u00e9.<\/p>\n<h3>Normes de L045702 Gilet rembourr\u00e9 ignifuge et antistatique &#8211; ST<\/h3>\n<p><strong>EN 14058 :<\/strong> Cette norme \u00e9tablit les sp\u00e9cifications et les m\u00e9thodes d\u2019essai des v\u00eatements simples en termes de protection qu\u2019ils offrent au corps dans des environnements froids avec des temp\u00e9ratures sup\u00e9rieures \u00e0 -5\u00baC.<\/p>\n<p><strong>EN 1149-5 :<\/strong> Cette norme \u00e9tablit les sp\u00e9cifications \u00e9lectrostatiques et de conception auxquelles les v\u00eatements de protection antistatiques doivent r\u00e9pondre, emp\u00eachant ainsi la formation d\u2019\u00e9tincelles pouvant provoquer un incendie.<\/p>\n<p><strong>EN ISO 11612 :<\/strong> Cette norme r\u00e9alise une analyse des propri\u00e9t\u00e9s protectrices des v\u00eatements, de leurs mat\u00e9riaux (tissus) et de leurs accessoires, en termes de chaleur et de flammes.<\/p>\n","protected":false},"excerpt":{"rendered":"<p>Composition : Mati\u00e8re principale : 54&nbsp;% modaacrylique &#8211; 44&nbsp;% coton &#8211; 2&nbsp;% antistatique, 240 g\/m\u00b2<br \/>\nIsolation thermique : 100&nbsp;% polyester FR, 100 g\/m\u00b2<br \/>\nDoublure : 54&nbsp;% coton &#8211; 45&nbsp;% modaacrylique &#8211; 1&nbsp;% antistatique, 150 g\/m\u00b2<\/p>\n","protected":false},"featured_media":20211,"comment_status":"closed","ping_status":"closed","template":"","meta":{"_acf_changed":false},"product_brand":[],"product_cat":[292,146,279],"product_tag":[],"class_list":{"0":"post-22867","1":"product","2":"type-product","3":"status-publish","4":"has-post-thumbnail","6":"product_cat-gilets-ignifuges-antistatiques","7":"product_cat-vetements-de-travail-industriels","8":"product_cat-vetements-ignifuges-et-antistatiques","9":"resize-featured-image","10":"sales-flash-overlay","11":"woocommerce-text-align-center","12":"woocommerce-image-align-center","13":"do-quantity-buttons","15":"first","16":"instock","17":"shipping-taxable","18":"product-type-simple"},"acf":[],"_links":{"self":[{"href":"https:\/\/oroel.com\/fr\/wp-json\/wp\/v2\/product\/22867","targetHints":{"allow":["GET"]}}],"collection":[{"href":"https:\/\/oroel.com\/fr\/wp-json\/wp\/v2\/product"}],"about":[{"href":"https:\/\/oroel.com\/fr\/wp-json\/wp\/v2\/types\/product"}],"replies":[{"embeddable":true,"href":"https:\/\/oroel.com\/fr\/wp-json\/wp\/v2\/comments?post=22867"}],"wp:featuredmedia":[{"embeddable":true,"href":"https:\/\/oroel.com\/fr\/wp-json\/wp\/v2\/media\/20211"}],"wp:attachment":[{"href":"https:\/\/oroel.com\/fr\/wp-json\/wp\/v2\/media?parent=22867"}],"wp:term":[{"taxonomy":"product_brand","embeddable":true,"href":"https:\/\/oroel.com\/fr\/wp-json\/wp\/v2\/product_brand?post=22867"},{"taxonomy":"product_cat","embeddable":true,"href":"https:\/\/oroel.com\/fr\/wp-json\/wp\/v2\/product_cat?post=22867"},{"taxonomy":"product_tag","embeddable":true,"href":"https:\/\/oroel.com\/fr\/wp-json\/wp\/v2\/product_tag?post=22867"}],"curies":[{"name":"wp","href":"https:\/\/api.w.org\/{rel}","templated":true}]}}