{"id":22857,"date":"2025-06-18T09:45:23","date_gmt":"2025-06-18T09:45:23","guid":{"rendered":"https:\/\/oroel.com\/producto\/gilet-ferme-par-velcro-orange\/"},"modified":"2025-06-18T09:45:23","modified_gmt":"2025-06-18T09:45:23","slug":"gilet-ferme-par-velcro-orange","status":"publish","type":"product","link":"https:\/\/oroel.com\/fr\/producto\/gilet-ferme-par-velcro-orange\/","title":{"rendered":"Gilet ferm\u00e9 par velcro orange"},"content":{"rendered":"","protected":false},"excerpt":{"rendered":"<p>Composition&nbsp;: 30&nbsp;% modaacrylique &#8211; 44&nbsp;% polyester &#8211; 25&nbsp;% coton &#8211; 1&nbsp;% antistatique, 375 g\/m\u00b2<\/p>\n<p><img loading=\"lazy\" decoding=\"async\" class=\"alignnone wp-image-5248 size-full\" src=\"https:\/\/oroel.com\/wp-content\/uploads\/2021\/11\/EN-ISO-11612.svg\" alt=\"Gilet ferm\u00e9 avec velcro orange \u00e0 faible visibilit\u00e9 Norme EN ISO 11612\" width=\"80\" height=\"80\"><img loading=\"lazy\" decoding=\"async\" class=\"alignnone wp-image-5245 size-full\" src=\"https:\/\/oroel.com\/wp-content\/uploads\/2021\/11\/EN-ISO-11611.svg\" alt=\"Gilet ferm\u00e9 avec velcro orange pour une faible visibilit\u00e9 Norme EN ISO 11611\" width=\"80\" height=\"80\"><img loading=\"lazy\" decoding=\"async\" class=\"alignnone wp-image-5215 size-full\" src=\"https:\/\/oroel.com\/wp-content\/uploads\/2021\/11\/EN-1149-5.svg\" alt=\"Gilet ferm\u00e9 avec velcro orange pour la norme de faible visibilit\u00e9 EN 1149-5\" width=\"80\" height=\"80\"><img loading=\"lazy\" decoding=\"async\" class=\"alignnone wp-image-5251 size-full\" src=\"https:\/\/oroel.com\/wp-content\/uploads\/2021\/11\/EN-ISO-20471.svg\" alt=\"Gilet ferm\u00e9 avec velcro orange pour une faible visibilit\u00e9 Norme EN ISO 20471\" width=\"80\" height=\"80\"><\/p>\n","protected":false},"featured_media":831,"comment_status":"closed","ping_status":"closed","template":"","meta":{"_acf_changed":false},"product_brand":[],"product_cat":[146],"product_tag":[],"class_list":{"0":"post-22857","1":"product","2":"type-product","3":"status-publish","4":"has-post-thumbnail","6":"product_cat-vetements-de-travail-industriels","7":"resize-featured-image","8":"sales-flash-overlay","9":"woocommerce-text-align-center","10":"woocommerce-image-align-center","11":"do-quantity-buttons","13":"first","14":"instock","15":"shipping-taxable","16":"product-type-simple"},"acf":[],"_links":{"self":[{"href":"https:\/\/oroel.com\/fr\/wp-json\/wp\/v2\/product\/22857","targetHints":{"allow":["GET"]}}],"collection":[{"href":"https:\/\/oroel.com\/fr\/wp-json\/wp\/v2\/product"}],"about":[{"href":"https:\/\/oroel.com\/fr\/wp-json\/wp\/v2\/types\/product"}],"replies":[{"embeddable":true,"href":"https:\/\/oroel.com\/fr\/wp-json\/wp\/v2\/comments?post=22857"}],"wp:featuredmedia":[{"embeddable":true,"href":"https:\/\/oroel.com\/fr\/wp-json\/wp\/v2\/media\/831"}],"wp:attachment":[{"href":"https:\/\/oroel.com\/fr\/wp-json\/wp\/v2\/media?parent=22857"}],"wp:term":[{"taxonomy":"product_brand","embeddable":true,"href":"https:\/\/oroel.com\/fr\/wp-json\/wp\/v2\/product_brand?post=22857"},{"taxonomy":"product_cat","embeddable":true,"href":"https:\/\/oroel.com\/fr\/wp-json\/wp\/v2\/product_cat?post=22857"},{"taxonomy":"product_tag","embeddable":true,"href":"https:\/\/oroel.com\/fr\/wp-json\/wp\/v2\/product_tag?post=22857"}],"curies":[{"name":"wp","href":"https:\/\/api.w.org\/{rel}","templated":true}]}}