{"id":22852,"date":"2025-06-18T09:45:22","date_gmt":"2025-06-18T09:45:22","guid":{"rendered":"https:\/\/oroel.com\/producto\/blouse-fermee-ignifuge-et-antistatique\/"},"modified":"2025-06-18T09:45:22","modified_gmt":"2025-06-18T09:45:22","slug":"blouse-fermee-ignifuge-et-antistatique","status":"publish","type":"product","link":"https:\/\/oroel.com\/fr\/producto\/blouse-fermee-ignifuge-et-antistatique\/","title":{"rendered":"Blouse ferm\u00e9e ignifuge et antistatique"},"content":{"rendered":"<p>Pour les environnements de travail o\u00f9 vous avez affaire \u00e0 des mat\u00e9riaux en combustion, comme les industries chimiques, il est important de prot\u00e9ger tous les travailleurs contre les \u00e9claboussures potentielles de certains produits.<\/p>\n<p>Ce peignoir ferm\u00e9 ignifuge et antistatique est compos\u00e9 de 75 % de coton, 24 % de polyester et 1 % d\u2019antistatique et d\u2019une \u00e9paisseur de 245 g\/m\u00b2.<\/p>\n<p>Ses trois grandes poches avant, ses poignets r\u00e9glables et sa fermeture \u00e0 boutons offrent un grand confort pour un travail sans entrave. De plus, s\u2019il est enti\u00e8rement attach\u00e9, il atteint le milieu du cou. <\/p>\n<p>Ce rev\u00eatement est sans aucun doute id\u00e9al pour les postes de laboratoire o\u00f9 vous avez affaire \u00e0 des mat\u00e9riaux qui peuvent accidentellement provoquer un incendie ou une combustion.<\/p>\n<h3>Normes sur les blouses de travail ignifuges F007383IG \u2013 ST<\/h3>\n<p><strong>EN 1149-5 :<\/strong> Cette norme indique que le v\u00eatement ne transmet pas de charge \u00e9lectrostatique. Cette caract\u00e9ristique est d\u2019une importance vitale lorsque vous travaillez dans des environnements dangereux en raison des charges incendiaires qui peuvent en provenir. <\/p>\n<p><strong>EN ISO 1162 :<\/strong> Cette norme certifie que le v\u00eatement en question r\u00e9pond aux exigences internationales g\u00e9n\u00e9rales pour une utilisation dans un environnement de travail o\u00f9 des \u00e9tincelles ou un feu peuvent entrer en contact.<\/p>\n","protected":false},"excerpt":{"rendered":"<p>Composition : 75&nbsp;% coton FR &#8211; 24&nbsp;% polyester &#8211; 1&nbsp;% antistatique, 245 g\/m\u00b2<\/p>\n","protected":false},"featured_media":20213,"comment_status":"closed","ping_status":"closed","template":"","meta":{"_acf_changed":false},"product_brand":[],"product_cat":[290,146,279],"product_tag":[],"class_list":{"0":"post-22852","1":"product","2":"type-product","3":"status-publish","4":"has-post-thumbnail","6":"product_cat-blouses-de-feu-antistatiques","7":"product_cat-vetements-de-travail-industriels","8":"product_cat-vetements-ignifuges-et-antistatiques","9":"resize-featured-image","10":"sales-flash-overlay","11":"woocommerce-text-align-center","12":"woocommerce-image-align-center","13":"do-quantity-buttons","15":"first","16":"instock","17":"shipping-taxable","18":"product-type-simple"},"acf":[],"_links":{"self":[{"href":"https:\/\/oroel.com\/fr\/wp-json\/wp\/v2\/product\/22852","targetHints":{"allow":["GET"]}}],"collection":[{"href":"https:\/\/oroel.com\/fr\/wp-json\/wp\/v2\/product"}],"about":[{"href":"https:\/\/oroel.com\/fr\/wp-json\/wp\/v2\/types\/product"}],"replies":[{"embeddable":true,"href":"https:\/\/oroel.com\/fr\/wp-json\/wp\/v2\/comments?post=22852"}],"wp:featuredmedia":[{"embeddable":true,"href":"https:\/\/oroel.com\/fr\/wp-json\/wp\/v2\/media\/20213"}],"wp:attachment":[{"href":"https:\/\/oroel.com\/fr\/wp-json\/wp\/v2\/media?parent=22852"}],"wp:term":[{"taxonomy":"product_brand","embeddable":true,"href":"https:\/\/oroel.com\/fr\/wp-json\/wp\/v2\/product_brand?post=22852"},{"taxonomy":"product_cat","embeddable":true,"href":"https:\/\/oroel.com\/fr\/wp-json\/wp\/v2\/product_cat?post=22852"},{"taxonomy":"product_tag","embeddable":true,"href":"https:\/\/oroel.com\/fr\/wp-json\/wp\/v2\/product_tag?post=22852"}],"curies":[{"name":"wp","href":"https:\/\/api.w.org\/{rel}","templated":true}]}}