{"id":22848,"date":"2025-06-18T09:45:22","date_gmt":"2025-06-18T09:45:22","guid":{"rendered":"https:\/\/oroel.com\/producto\/veste-rembourree-ignifuge-et-antistatique\/"},"modified":"2025-06-18T09:45:22","modified_gmt":"2025-06-18T09:45:22","slug":"veste-rembourree-ignifuge-et-antistatique","status":"publish","type":"product","link":"https:\/\/oroel.com\/fr\/producto\/veste-rembourree-ignifuge-et-antistatique\/","title":{"rendered":"Veste rembourr\u00e9e ignifuge et antistatique"},"content":{"rendered":"<p>Le confort au travail le rend plus r\u00e9ussi. C\u2019est pour cette raison que notre veste rembourr\u00e9e ignifuge et antistatique est un v\u00eatement ext\u00e9rieur largement utilis\u00e9 dans les travaux avec un risque d\u2019incendie ou d\u2019\u00e9lectrocution, car elle offre au professionnel la plus grande projection et une libert\u00e9 de mouvement totale. <\/p>\n<p>Cette veste est dot\u00e9e de deux grandes poches avant et d\u2019une fermeture \u00e9clair cach\u00e9e qui remonte jusqu\u2019\u00e0 l\u2019extr\u00e9mit\u00e9 du col. De plus, ses poignets sont r\u00e9glables gr\u00e2ce \u00e0 son syst\u00e8me de velcro int\u00e9gr\u00e9. <\/p>\n<p>Sa composition est compos\u00e9e de 54&nbsp;% de modacrylique, 44&nbsp;% de coton et 2&nbsp;% d\u2019antistatique. De plus, \u00e9tant un v\u00eatement ax\u00e9 sur les situations froides, il dispose d\u2019un isolant thermique enti\u00e8rement en polyester. <\/p>\n<h3>Normes pour la veste ignifuge et antistatique. H119802 \u2013 ST <\/h3>\n<p><strong>EN ISO 11612 :<\/strong> Cette norme certifie que le v\u00eatement en question r\u00e9pond aux exigences internationales g\u00e9n\u00e9rales pour une utilisation dans un environnement de travail o\u00f9 des \u00e9tincelles ou un feu peuvent entrer en contact.<\/p>\n<p><strong>EN 1149-5 :<\/strong> Gr\u00e2ce \u00e0 ce certificat, nous savons que le v\u00eatement est consid\u00e9r\u00e9 comme adapt\u00e9 et s\u00fbr pour une utilisation dans des endroits o\u00f9 il existe un risque de charges incendiaires.<\/p>\n<p><strong>EN 13034 :<\/strong> Ce certificat de v\u00eatements de protection indique que le v\u00eatement est recommand\u00e9 pour les environnements o\u00f9 des produits chimiques peuvent \u00eatre trouv\u00e9s.<\/p>\n","protected":false},"excerpt":{"rendered":"<p>Composition&nbsp;: Mati\u00e8re principale&nbsp;: 54&nbsp;% modaacrylique &#8211; 44&nbsp;% coton &#8211; 2&nbsp;% antistatique avec finition FC, 240 g\/m\u00b2<br \/>\nIsolation thermique&nbsp;: 100&nbsp;% polyester FR, 100 g\/m\u00b2<br \/>\nDoublure&nbsp;: 54&nbsp;% coton &#8211; 45&nbsp;% modaacrylique -1&nbsp;% antistatique, 150 g\/m\u00b2<\/p>\n","protected":false},"featured_media":20215,"comment_status":"closed","ping_status":"closed","template":"","meta":{"_acf_changed":false},"product_brand":[],"product_cat":[287,146,279],"product_tag":[],"class_list":{"0":"post-22848","1":"product","2":"type-product","3":"status-publish","4":"has-post-thumbnail","6":"product_cat-parkas-ignifuges-antistatiques","7":"product_cat-vetements-de-travail-industriels","8":"product_cat-vetements-ignifuges-et-antistatiques","9":"resize-featured-image","10":"sales-flash-overlay","11":"woocommerce-text-align-center","12":"woocommerce-image-align-center","13":"do-quantity-buttons","15":"first","16":"instock","17":"shipping-taxable","18":"product-type-simple"},"acf":[],"_links":{"self":[{"href":"https:\/\/oroel.com\/fr\/wp-json\/wp\/v2\/product\/22848","targetHints":{"allow":["GET"]}}],"collection":[{"href":"https:\/\/oroel.com\/fr\/wp-json\/wp\/v2\/product"}],"about":[{"href":"https:\/\/oroel.com\/fr\/wp-json\/wp\/v2\/types\/product"}],"replies":[{"embeddable":true,"href":"https:\/\/oroel.com\/fr\/wp-json\/wp\/v2\/comments?post=22848"}],"wp:featuredmedia":[{"embeddable":true,"href":"https:\/\/oroel.com\/fr\/wp-json\/wp\/v2\/media\/20215"}],"wp:attachment":[{"href":"https:\/\/oroel.com\/fr\/wp-json\/wp\/v2\/media?parent=22848"}],"wp:term":[{"taxonomy":"product_brand","embeddable":true,"href":"https:\/\/oroel.com\/fr\/wp-json\/wp\/v2\/product_brand?post=22848"},{"taxonomy":"product_cat","embeddable":true,"href":"https:\/\/oroel.com\/fr\/wp-json\/wp\/v2\/product_cat?post=22848"},{"taxonomy":"product_tag","embeddable":true,"href":"https:\/\/oroel.com\/fr\/wp-json\/wp\/v2\/product_tag?post=22848"}],"curies":[{"name":"wp","href":"https:\/\/api.w.org\/{rel}","templated":true}]}}