{"id":22847,"date":"2025-06-18T09:45:22","date_gmt":"2025-06-18T09:45:22","guid":{"rendered":"https:\/\/oroel.com\/producto\/t-shirt-ignifuge-et-antistatique\/"},"modified":"2025-06-18T09:45:22","modified_gmt":"2025-06-18T09:45:22","slug":"t-shirt-ignifuge-et-antistatique","status":"publish","type":"product","link":"https:\/\/oroel.com\/fr\/producto\/t-shirt-ignifuge-et-antistatique\/","title":{"rendered":"T-shirt ignifuge et antistatique"},"content":{"rendered":"<p>Ce t-shirt ignifuge et antistatique est un compl\u00e9ment id\u00e9al \u00e0 d\u2019autres v\u00eatements d\u2019ext\u00e9rieur ayant les m\u00eames caract\u00e9ristiques. Sa composition de 30&nbsp;% de modacrylique, 30&nbsp;% de viscose, 20&nbsp;% de coton, 19&nbsp;% de polyamide et 1&nbsp;% d\u2019antistatique le rend id\u00e9al pour les travaux qui n\u00e9cessitent ce v\u00eatement. <\/p>\n<p>De plus, il a un poids de 260 g\/m\u00b2 et prot\u00e8ge l\u2019ensemble de la manche et une partie du cou, qui se ferme par une fermeture \u00e9clair, ce qui assure une grande couverture ainsi qu\u2019un confort.<\/p>\n<p>Pour les travaux o\u00f9 une v\u00e9ritable protection contre le feu ou la combustion est n\u00e9cessaire, comme les pompiers, les soudeurs ou les professionnels qui se trouvent dans des zones \u00e0 risque d\u2019incendie, il est fortement recommand\u00e9 que les couches ext\u00e9rieure et int\u00e9rieure de vos v\u00eatements de protection soient ignifuges et antistatiques.<\/p>\n<h3>Normes de l\u2019G217675 \u2013 T-shirt ignifuge et antistatique ST<\/h3>\n<p><strong>EN ISO 11612 :<\/strong> Cette norme garantit que le v\u00eatement en question r\u00e9pond aux exigences internationales g\u00e9n\u00e9rales pour une utilisation dans un environnement de travail o\u00f9 il peut entrer en contact avec des \u00e9tincelles ou un feu.<\/p>\n<p><strong>EN 1149-5 :<\/strong> Cette norme indique que le v\u00eatement ne transmet pas de charge \u00e9lectrostatique. Cette caract\u00e9ristique est d\u2019une importance vitale lorsque vous travaillez dans des environnements dangereux en raison de charges incendiaires. <\/p>\n","protected":false},"excerpt":{"rendered":"<p>Col haut ferm\u00e9 par une fermeture \u00e9clair.<br \/>\nComposition : 30&nbsp;% modaacrylique &#8211; 30&nbsp;% viscose &#8211; 20&nbsp;% coton &#8211; 19&nbsp;% polyamide &#8211; 1&nbsp;% antistatique, 260 g\/m\u00b2<\/p>\n","protected":false},"featured_media":20199,"comment_status":"closed","ping_status":"closed","template":"","meta":{"_acf_changed":false},"product_brand":[],"product_cat":[286,146,279],"product_tag":[],"class_list":{"0":"post-22847","1":"product","2":"type-product","3":"status-publish","4":"has-post-thumbnail","6":"product_cat-t-shirts-ignifuges-et-antistatiques","7":"product_cat-vetements-de-travail-industriels","8":"product_cat-vetements-ignifuges-et-antistatiques","9":"resize-featured-image","10":"sales-flash-overlay","11":"woocommerce-text-align-center","12":"woocommerce-image-align-center","13":"do-quantity-buttons","15":"first","16":"instock","17":"shipping-taxable","18":"product-type-simple"},"acf":[],"_links":{"self":[{"href":"https:\/\/oroel.com\/fr\/wp-json\/wp\/v2\/product\/22847","targetHints":{"allow":["GET"]}}],"collection":[{"href":"https:\/\/oroel.com\/fr\/wp-json\/wp\/v2\/product"}],"about":[{"href":"https:\/\/oroel.com\/fr\/wp-json\/wp\/v2\/types\/product"}],"replies":[{"embeddable":true,"href":"https:\/\/oroel.com\/fr\/wp-json\/wp\/v2\/comments?post=22847"}],"wp:featuredmedia":[{"embeddable":true,"href":"https:\/\/oroel.com\/fr\/wp-json\/wp\/v2\/media\/20199"}],"wp:attachment":[{"href":"https:\/\/oroel.com\/fr\/wp-json\/wp\/v2\/media?parent=22847"}],"wp:term":[{"taxonomy":"product_brand","embeddable":true,"href":"https:\/\/oroel.com\/fr\/wp-json\/wp\/v2\/product_brand?post=22847"},{"taxonomy":"product_cat","embeddable":true,"href":"https:\/\/oroel.com\/fr\/wp-json\/wp\/v2\/product_cat?post=22847"},{"taxonomy":"product_tag","embeddable":true,"href":"https:\/\/oroel.com\/fr\/wp-json\/wp\/v2\/product_tag?post=22847"}],"curies":[{"name":"wp","href":"https:\/\/api.w.org\/{rel}","templated":true}]}}