{"id":22844,"date":"2025-06-18T09:45:22","date_gmt":"2025-06-18T09:45:22","guid":{"rendered":"https:\/\/oroel.com\/producto\/kit-de-travail-ignifuge-etanche\/"},"modified":"2025-06-18T09:45:22","modified_gmt":"2025-06-18T09:45:22","slug":"kit-de-travail-ignifuge-etanche","status":"publish","type":"product","link":"https:\/\/oroel.com\/fr\/producto\/kit-de-travail-ignifuge-etanche\/","title":{"rendered":"Kit de travail ignifuge \u00e9tanche"},"content":{"rendered":"<p>Lorsque vous recherchez une protection compl\u00e8te du corps avec des mat\u00e9riaux ignifuges et imperm\u00e9ables, le haut et le bas du corps doivent \u00eatre couverts en plus de la t\u00eate.<\/p>\n<p>Cet ensemble de travail ignifuge imperm\u00e9able comprend 50&nbsp;% de modacrylique, 41&nbsp;% de coton, 7&nbsp;% de polyur\u00e9thane et 2&nbsp;% d\u2019antistatique et est tr\u00e8s facile et rapide \u00e0 enfiler.<\/p>\n<p>De plus, pour une fermeture compl\u00e8te, il dispose d\u2019une fermeture \u00e9clair et d\u2019un velcro sur la veste ainsi que de soufflets au bas du pantalon qui assurent une protection compl\u00e8te.<\/p>\n<p>Ce type de v\u00eatements de travail est obligatoire dans les emplois o\u00f9 il peut y avoir un fort contact avec des flammes, des \u00e9claboussures de m\u00e9tal ou une exposition \u00e0 de fortes charges \u00e9lectriques.<\/p>\n<h3>Normes d\u2019assemblage de travail ignifuge \u00e9tanche X021869 \u2013 ST<\/h3>\n<p> <strong> EN ISO 11612 :<\/strong> Cette norme indique que le v\u00eatement est recommand\u00e9 pour les environnements o\u00f9 un contact avec le feu ou la combustion peut se produire.<\/p>\n<p><strong>EN 1149-5 :<\/strong> Gr\u00e2ce \u00e0 ce certificat, nous savons que le v\u00eatement est recommand\u00e9 et s\u00fbr pour une utilisation dans des endroits o\u00f9 il existe un risque de charges incendiaires.<\/p>\n<p> <strong> EN 343 :<\/strong> Ce certificat indique deux caract\u00e9ristiques principales du v\u00eatement, qui sont l\u2019imperm\u00e9abilit\u00e9 ainsi que la respirabilit\u00e9.<\/p>\n","protected":false},"excerpt":{"rendered":"<p>Veste ferm\u00e9e par fermeture \u00e9clair et velcro. Pantalon \u00e0 soufflet en bas.<br \/>\nComposition&nbsp;: Mati\u00e8re principale&nbsp;: 50&nbsp;% modacrylique &#8211; 41&nbsp;% coton &#8211; 7&nbsp;% polyur\u00e9thane &#8211; 2&nbsp;% antistatique, 270 g\/m\u00b2<br \/>\nDoublure&nbsp;: 54&nbsp;% coton &#8211; 45&nbsp;% modacrylique &#8211; 1&nbsp;% antistatique, 150 g\/m\u00b2 <\/p>\n","protected":false},"featured_media":20217,"comment_status":"closed","ping_status":"closed","template":"","meta":{"_acf_changed":false},"product_brand":[],"product_cat":[283,146,279],"product_tag":[],"class_list":{"0":"post-22844","1":"product","2":"type-product","3":"status-publish","4":"has-post-thumbnail","6":"product_cat-vetements-de-protection-thermique","7":"product_cat-vetements-de-travail-industriels","8":"product_cat-vetements-ignifuges-et-antistatiques","9":"resize-featured-image","10":"sales-flash-overlay","11":"woocommerce-text-align-center","12":"woocommerce-image-align-center","13":"do-quantity-buttons","15":"first","16":"instock","17":"shipping-taxable","18":"product-type-simple"},"acf":[],"_links":{"self":[{"href":"https:\/\/oroel.com\/fr\/wp-json\/wp\/v2\/product\/22844","targetHints":{"allow":["GET"]}}],"collection":[{"href":"https:\/\/oroel.com\/fr\/wp-json\/wp\/v2\/product"}],"about":[{"href":"https:\/\/oroel.com\/fr\/wp-json\/wp\/v2\/types\/product"}],"replies":[{"embeddable":true,"href":"https:\/\/oroel.com\/fr\/wp-json\/wp\/v2\/comments?post=22844"}],"wp:featuredmedia":[{"embeddable":true,"href":"https:\/\/oroel.com\/fr\/wp-json\/wp\/v2\/media\/20217"}],"wp:attachment":[{"href":"https:\/\/oroel.com\/fr\/wp-json\/wp\/v2\/media?parent=22844"}],"wp:term":[{"taxonomy":"product_brand","embeddable":true,"href":"https:\/\/oroel.com\/fr\/wp-json\/wp\/v2\/product_brand?post=22844"},{"taxonomy":"product_cat","embeddable":true,"href":"https:\/\/oroel.com\/fr\/wp-json\/wp\/v2\/product_cat?post=22844"},{"taxonomy":"product_tag","embeddable":true,"href":"https:\/\/oroel.com\/fr\/wp-json\/wp\/v2\/product_tag?post=22844"}],"curies":[{"name":"wp","href":"https:\/\/api.w.org\/{rel}","templated":true}]}}