{"id":22842,"date":"2025-06-18T09:45:22","date_gmt":"2025-06-18T09:45:22","guid":{"rendered":"https:\/\/oroel.com\/producto\/enveloppe-fermee-ignifuge-et-antistatique\/"},"modified":"2025-06-18T09:45:22","modified_gmt":"2025-06-18T09:45:22","slug":"enveloppe-fermee-ignifuge-et-antistatique","status":"publish","type":"product","link":"https:\/\/oroel.com\/fr\/producto\/enveloppe-fermee-ignifuge-et-antistatique\/","title":{"rendered":"Enveloppe ferm\u00e9e ignifuge et antistatique"},"content":{"rendered":"<p>Lorsque nous parlons de v\u00eatements de s\u00e9curit\u00e9 contre les incendies et les courants d\u2019air, nous pensons \u00e0 des v\u00eatements tels que les vestes, les pantalons et les vestes qui nous offrent une protection externe. Cependant, il est n\u00e9cessaire que le salari\u00e9 puisse enlever cette veste si celle-ci le g\u00eane ou si la temp\u00e9rature est \u00e9lev\u00e9e et continuer \u00e0 \u00eatre prot\u00e9g\u00e9 contre les risques pr\u00e9sents sur son lieu de travail. <\/p>\n<p>Cette veste ferm\u00e9e ignifuge et antistatique est compos\u00e9e de 50&nbsp;% de viscose, 43&nbsp;% de m-aramide, 55&nbsp;% de p-aramide et 2&nbsp;% d\u2019antistatique, ce qui la rend id\u00e9ale pour les travaux de peinture ou d\u2019assemblage d\u2019appareils \u00e9lectriques qui sont effectu\u00e9s dans des environnements o\u00f9 la poussi\u00e8re en suspension est pr\u00e9sente.<\/p>\n<p>De plus, cette chemise a un design tr\u00e8s fonctionnel avec une ouverture \u00e0 boutons et deux poches avant. Le col de la chemise est haut, offrant ainsi une plus grande couverture. <\/p>\n<p>Cette gaine est indiqu\u00e9e pour les proc\u00e9d\u00e9s de soudage, la protection contre les courants \u00e9lectriques et les situations \u00e0 risque d\u2019incendie ou similaires.<\/p>\n<h3>Normes de l\u2019G033282 Veste ignifuge et antistatique \u2013 ST<\/h3>\n<p><strong>EN ISO 11612 :<\/strong> Ce certificat international garantit que le v\u00eatement en question est adapt\u00e9 au travail dans des emplois pr\u00e9sentant un risque d\u2019incendie, de combustion ou similaire.<\/p>\n<p><strong>EN 1149-5 :<\/strong> Ce certificat garantit que le v\u00eatement en question est adapt\u00e9 au travail dans des travaux pr\u00e9sentant un risque de courant \u00e9lectrique, car le mat\u00e9riau avec lequel il a \u00e9t\u00e9 fabriqu\u00e9 emp\u00eache le d\u00e9veloppement et l\u2019accumulation d\u2019\u00e9lectricit\u00e9.<\/p>\n","protected":false},"excerpt":{"rendered":"<p>Composition : 50&nbsp;% viscose FR &#8211; 43&nbsp;% m-aramide &#8211; 5&nbsp;% p-aramide &#8211; 2&nbsp;% antistatique, 170 g\/m\u00b2<\/p>\n","protected":false},"featured_media":20209,"comment_status":"closed","ping_status":"closed","template":"","meta":{"_acf_changed":false},"product_brand":[],"product_cat":[282,146,279],"product_tag":[],"class_list":{"0":"post-22842","1":"product","2":"type-product","3":"status-publish","4":"has-post-thumbnail","6":"product_cat-vestes-ignifuges-antistatiques","7":"product_cat-vetements-de-travail-industriels","8":"product_cat-vetements-ignifuges-et-antistatiques","9":"resize-featured-image","10":"sales-flash-overlay","11":"woocommerce-text-align-center","12":"woocommerce-image-align-center","13":"do-quantity-buttons","15":"first","16":"instock","17":"shipping-taxable","18":"product-type-simple"},"acf":[],"_links":{"self":[{"href":"https:\/\/oroel.com\/fr\/wp-json\/wp\/v2\/product\/22842","targetHints":{"allow":["GET"]}}],"collection":[{"href":"https:\/\/oroel.com\/fr\/wp-json\/wp\/v2\/product"}],"about":[{"href":"https:\/\/oroel.com\/fr\/wp-json\/wp\/v2\/types\/product"}],"replies":[{"embeddable":true,"href":"https:\/\/oroel.com\/fr\/wp-json\/wp\/v2\/comments?post=22842"}],"wp:featuredmedia":[{"embeddable":true,"href":"https:\/\/oroel.com\/fr\/wp-json\/wp\/v2\/media\/20209"}],"wp:attachment":[{"href":"https:\/\/oroel.com\/fr\/wp-json\/wp\/v2\/media?parent=22842"}],"wp:term":[{"taxonomy":"product_brand","embeddable":true,"href":"https:\/\/oroel.com\/fr\/wp-json\/wp\/v2\/product_brand?post=22842"},{"taxonomy":"product_cat","embeddable":true,"href":"https:\/\/oroel.com\/fr\/wp-json\/wp\/v2\/product_cat?post=22842"},{"taxonomy":"product_tag","embeddable":true,"href":"https:\/\/oroel.com\/fr\/wp-json\/wp\/v2\/product_tag?post=22842"}],"curies":[{"name":"wp","href":"https:\/\/api.w.org\/{rel}","templated":true}]}}