{"id":22841,"date":"2025-06-18T09:45:22","date_gmt":"2025-06-18T09:45:22","guid":{"rendered":"https:\/\/oroel.com\/producto\/polo-a-manches-longues-ignifuge-et-antistatique\/"},"modified":"2025-06-18T09:45:22","modified_gmt":"2025-06-18T09:45:22","slug":"polo-a-manches-longues-ignifuge-et-antistatique","status":"publish","type":"product","link":"https:\/\/oroel.com\/fr\/producto\/polo-a-manches-longues-ignifuge-et-antistatique\/","title":{"rendered":"Polo \u00e0 manches longues, ignifuge et antistatique"},"content":{"rendered":"<p>Notre polo \u00e0 manches longues ignifuge et antistatique a \u00e9t\u00e9 fabriqu\u00e9 pour assurer une dissipation \u00e9lectrostatique suffisante, afin de garantir la s\u00e9curit\u00e9 du professionnel qui le porte en \u00e9vitant les d\u00e9charges incendiaires.<\/p>\n<p>C\u2019est un v\u00eatement tr\u00e8s appropri\u00e9 qui sert de compl\u00e9ment \u00e0 un \u00e9quipement complet compos\u00e9 de pantalons, de vestes et de parkas de protection.<\/p>\n<p>Il a trois boutons en haut et la manche du bras se termine par un poignet, offrant un plus grand confort et un meilleur soutien. De plus, il int\u00e8gre une poche sur le haut de la poitrine. <\/p>\n<p>Le polo \u00e0 manches longues ignifuge et antistatique jaune est compos\u00e9 de 54&nbsp;% de modacrylique, 44&nbsp;% de coton et 2&nbsp;% d\u2019antistatique.<\/p>\n<h3>Normes de la G142790ML Polo \u00e0 manches longues ignifuge et antistatique \u2013 ST<\/h3>\n<p><strong>EN ISO 11612 :<\/strong> l\u2019objectif de cette norme est d\u2019analyser ses caract\u00e9ristiques au niveau de la protection et de la s\u00e9curit\u00e9, ainsi que celle des tissus qui composent le v\u00eatement vis-\u00e0-vis de la chaleur et des flammes.<\/p>\n<p><strong>EN 1149-5 :<\/strong> cette norme europ\u00e9enne \u00e9tablit les exigences requises pour les mat\u00e9riaux et la conception des v\u00eatements de protection \u00e0 dissipation \u00e9lectrostatique.<\/p>\n","protected":false},"excerpt":{"rendered":"<p>Col en tissu principal. Poignets \u00e9lastiques.<br \/>\nComposition&nbsp;: 54&nbsp;% modaacrylique &#8211; 44&nbsp;% coton &#8211; 2&nbsp;% antistatique, 200 g\/m\u00b2 <\/p>\n","protected":false},"featured_media":20203,"comment_status":"closed","ping_status":"closed","template":"","meta":{"_acf_changed":false},"product_brand":[],"product_cat":[280,146,279],"product_tag":[],"class_list":{"0":"post-22841","1":"product","2":"type-product","3":"status-publish","4":"has-post-thumbnail","6":"product_cat-poteaux-ignifuges-antistatiques","7":"product_cat-vetements-de-travail-industriels","8":"product_cat-vetements-ignifuges-et-antistatiques","9":"resize-featured-image","10":"sales-flash-overlay","11":"woocommerce-text-align-center","12":"woocommerce-image-align-center","13":"do-quantity-buttons","15":"first","16":"instock","17":"shipping-taxable","18":"product-type-simple"},"acf":[],"_links":{"self":[{"href":"https:\/\/oroel.com\/fr\/wp-json\/wp\/v2\/product\/22841","targetHints":{"allow":["GET"]}}],"collection":[{"href":"https:\/\/oroel.com\/fr\/wp-json\/wp\/v2\/product"}],"about":[{"href":"https:\/\/oroel.com\/fr\/wp-json\/wp\/v2\/types\/product"}],"replies":[{"embeddable":true,"href":"https:\/\/oroel.com\/fr\/wp-json\/wp\/v2\/comments?post=22841"}],"wp:featuredmedia":[{"embeddable":true,"href":"https:\/\/oroel.com\/fr\/wp-json\/wp\/v2\/media\/20203"}],"wp:attachment":[{"href":"https:\/\/oroel.com\/fr\/wp-json\/wp\/v2\/media?parent=22841"}],"wp:term":[{"taxonomy":"product_brand","embeddable":true,"href":"https:\/\/oroel.com\/fr\/wp-json\/wp\/v2\/product_brand?post=22841"},{"taxonomy":"product_cat","embeddable":true,"href":"https:\/\/oroel.com\/fr\/wp-json\/wp\/v2\/product_cat?post=22841"},{"taxonomy":"product_tag","embeddable":true,"href":"https:\/\/oroel.com\/fr\/wp-json\/wp\/v2\/product_tag?post=22841"}],"curies":[{"name":"wp","href":"https:\/\/api.w.org\/{rel}","templated":true}]}}