{"id":22836,"date":"2025-06-18T09:45:22","date_gmt":"2025-06-18T09:45:22","guid":{"rendered":"https:\/\/oroel.com\/producto\/polo-a-manches-ignifuges-et-antistatiques\/"},"modified":"2025-06-18T09:45:22","modified_gmt":"2025-06-18T09:45:22","slug":"polo-a-manches-ignifuges-et-antistatiques","status":"publish","type":"product","link":"https:\/\/oroel.com\/fr\/producto\/polo-a-manches-ignifuges-et-antistatiques\/","title":{"rendered":"Polo \u00e0 manches ignifuges et antistatiques"},"content":{"rendered":"<p>Notre polo \u00e0 manches courtes ignifuge et antistatique offre une dissipation \u00e9lectrostatique suffisante tout en prot\u00e9geant le professionnel des d\u00e9charges incendiaires.<\/p>\n<p>C\u2019est un v\u00eatement id\u00e9al pour une protection compl\u00e8te lorsque d\u2019autres v\u00eatements ext\u00e9rieurs tels que des vestes, des vestes, des parkas ou des pantalons ignifuges et antistatiques sont \u00e9galement port\u00e9s.<\/p>\n<p>Son design bleu \u00e9lectrique conserve une ligne tr\u00e8s \u00e9l\u00e9gante, et comporte trois boutons sur le haut du devant et une poche sur le c\u00f4t\u00e9 droit.<\/p>\n<p>En ce qui concerne sa composition, on peut dire que ce v\u00eatement a \u00e9t\u00e9 fabriqu\u00e9 avec 54&nbsp;% de modacrylique, 44&nbsp;% de coton et 2&nbsp;% de tissu antistatique.<\/p>\n<h3>Normes de G142790 Polo \u00e0 manches courtes ignifuge et antistatique \u2013 ST<\/h3>\n<p><strong>EN ISO 11612 :<\/strong> cette norme analyse les caract\u00e9ristiques de protection des v\u00eatements, ainsi que des tissus et accessoires qui les composent, contre les risques de chaleur et de flammes.<\/p>\n<p><strong>EN 1149-5 :<\/strong> Cette norme d\u00e9finit les exigences relatives aux mat\u00e9riaux et \u00e0 la conception des v\u00eatements de protection \u00e0 dissipation \u00e9lectrostatique, qui sont utilis\u00e9s dans le cadre d\u2019un assemblage mis \u00e0 la terre, afin d\u2019\u00e9viter les d\u00e9charges dangereuses.<\/p>\n","protected":false},"excerpt":{"rendered":"<p>Le polo \u00e0 manches courtes avec col est fabriqu\u00e9 avec le tissu principal.<br \/>\nComposition : 54&nbsp;% modaacrylique &#8211; 44&nbsp;% coton &#8211; 2&nbsp;% antistatique, 200 g\/m\u00b2.<br \/>\nV\u00eatement d\u2019Oroel.<\/p>\n","protected":false},"featured_media":20201,"comment_status":"closed","ping_status":"closed","template":"","meta":{"_acf_changed":false},"product_brand":[],"product_cat":[280,146,279],"product_tag":[],"class_list":{"0":"post-22836","1":"product","2":"type-product","3":"status-publish","4":"has-post-thumbnail","6":"product_cat-poteaux-ignifuges-antistatiques","7":"product_cat-vetements-de-travail-industriels","8":"product_cat-vetements-ignifuges-et-antistatiques","9":"resize-featured-image","10":"sales-flash-overlay","11":"woocommerce-text-align-center","12":"woocommerce-image-align-center","13":"do-quantity-buttons","15":"first","16":"instock","17":"shipping-taxable","18":"product-type-simple"},"acf":[],"_links":{"self":[{"href":"https:\/\/oroel.com\/fr\/wp-json\/wp\/v2\/product\/22836","targetHints":{"allow":["GET"]}}],"collection":[{"href":"https:\/\/oroel.com\/fr\/wp-json\/wp\/v2\/product"}],"about":[{"href":"https:\/\/oroel.com\/fr\/wp-json\/wp\/v2\/types\/product"}],"replies":[{"embeddable":true,"href":"https:\/\/oroel.com\/fr\/wp-json\/wp\/v2\/comments?post=22836"}],"wp:featuredmedia":[{"embeddable":true,"href":"https:\/\/oroel.com\/fr\/wp-json\/wp\/v2\/media\/20201"}],"wp:attachment":[{"href":"https:\/\/oroel.com\/fr\/wp-json\/wp\/v2\/media?parent=22836"}],"wp:term":[{"taxonomy":"product_brand","embeddable":true,"href":"https:\/\/oroel.com\/fr\/wp-json\/wp\/v2\/product_brand?post=22836"},{"taxonomy":"product_cat","embeddable":true,"href":"https:\/\/oroel.com\/fr\/wp-json\/wp\/v2\/product_cat?post=22836"},{"taxonomy":"product_tag","embeddable":true,"href":"https:\/\/oroel.com\/fr\/wp-json\/wp\/v2\/product_tag?post=22836"}],"curies":[{"name":"wp","href":"https:\/\/api.w.org\/{rel}","templated":true}]}}