{"id":22835,"date":"2025-06-18T09:45:06","date_gmt":"2025-06-18T09:45:06","guid":{"rendered":"https:\/\/oroel.com\/producto\/softshell-ferme-par-une-fermeture-eclair-et-velcro\/"},"modified":"2025-06-18T09:45:06","modified_gmt":"2025-06-18T09:45:06","slug":"softshell-ferme-par-une-fermeture-eclair-et-velcro","status":"publish","type":"product","link":"https:\/\/oroel.com\/fr\/producto\/softshell-ferme-par-une-fermeture-eclair-et-velcro\/","title":{"rendered":"Softshell ferm\u00e9 par une fermeture \u00e9clair et velcro"},"content":{"rendered":"","protected":false},"excerpt":{"rendered":"<p>Peut \u00eatre fix\u00e9 \u00e0 un caban H078869-ST.<br \/>\nComposition : 50&nbsp;% modaacrylique &#8211; 41&nbsp;% coton &#8211; 7&nbsp;% polyur\u00e9thane &#8211; 1&nbsp;% \u00e9lasthanne &#8211; 1&nbsp;% antistatique, 550 g\/m\u00b2<\/p>\n","protected":false},"featured_media":774,"comment_status":"closed","ping_status":"closed","template":"","meta":{"_acf_changed":false},"product_brand":[],"product_cat":[250,188,248,146],"product_tag":[],"class_list":{"0":"post-22835","1":"product","2":"type-product","3":"status-publish","4":"has-post-thumbnail","6":"product_cat-enveloppes-darc-electrique","7":"product_cat-softshell-de-travail","8":"product_cat-vetements-contre-les-arcs-electriques","9":"product_cat-vetements-de-travail-industriels","10":"resize-featured-image","11":"sales-flash-overlay","12":"woocommerce-text-align-center","13":"woocommerce-image-align-center","14":"do-quantity-buttons","16":"first","17":"instock","18":"shipping-taxable","19":"product-type-simple"},"acf":[],"_links":{"self":[{"href":"https:\/\/oroel.com\/fr\/wp-json\/wp\/v2\/product\/22835","targetHints":{"allow":["GET"]}}],"collection":[{"href":"https:\/\/oroel.com\/fr\/wp-json\/wp\/v2\/product"}],"about":[{"href":"https:\/\/oroel.com\/fr\/wp-json\/wp\/v2\/types\/product"}],"replies":[{"embeddable":true,"href":"https:\/\/oroel.com\/fr\/wp-json\/wp\/v2\/comments?post=22835"}],"wp:featuredmedia":[{"embeddable":true,"href":"https:\/\/oroel.com\/fr\/wp-json\/wp\/v2\/media\/774"}],"wp:attachment":[{"href":"https:\/\/oroel.com\/fr\/wp-json\/wp\/v2\/media?parent=22835"}],"wp:term":[{"taxonomy":"product_brand","embeddable":true,"href":"https:\/\/oroel.com\/fr\/wp-json\/wp\/v2\/product_brand?post=22835"},{"taxonomy":"product_cat","embeddable":true,"href":"https:\/\/oroel.com\/fr\/wp-json\/wp\/v2\/product_cat?post=22835"},{"taxonomy":"product_tag","embeddable":true,"href":"https:\/\/oroel.com\/fr\/wp-json\/wp\/v2\/product_tag?post=22835"}],"curies":[{"name":"wp","href":"https:\/\/api.w.org\/{rel}","templated":true}]}}