{"id":22824,"date":"2025-06-18T09:45:05","date_gmt":"2025-06-18T09:45:05","guid":{"rendered":"https:\/\/oroel.com\/producto\/pantalon-ferme-par-fermeture-eclair-et-bouton\/"},"modified":"2025-06-18T09:45:05","modified_gmt":"2025-06-18T09:45:05","slug":"pantalon-ferme-par-fermeture-eclair-et-bouton","status":"publish","type":"product","link":"https:\/\/oroel.com\/fr\/producto\/pantalon-ferme-par-fermeture-eclair-et-bouton\/","title":{"rendered":"Pantalon ferm\u00e9 par fermeture \u00e9clair et bouton"},"content":{"rendered":"","protected":false},"excerpt":{"rendered":"<p>Genoux fa\u00e7onn\u00e9s.<br \/>\nComposition : 91&nbsp;% m-aramide &#8211; 5&nbsp;% p-aramide &#8211; 2&nbsp;% antistatique &#8211; 2&nbsp;% \u00e9lasthanne, 220 g\/m\u00b2<\/p>\n","protected":false},"featured_media":20151,"comment_status":"closed","ping_status":"closed","template":"","meta":{"_acf_changed":false},"product_brand":[],"product_cat":[249,248,146],"product_tag":[],"class_list":{"0":"post-22824","1":"product","2":"type-product","3":"status-publish","4":"has-post-thumbnail","6":"product_cat-pantalon-anti-arc-electrique","7":"product_cat-vetements-contre-les-arcs-electriques","8":"product_cat-vetements-de-travail-industriels","9":"resize-featured-image","10":"sales-flash-overlay","11":"woocommerce-text-align-center","12":"woocommerce-image-align-center","13":"do-quantity-buttons","15":"first","16":"instock","17":"shipping-taxable","18":"product-type-simple"},"acf":[],"_links":{"self":[{"href":"https:\/\/oroel.com\/fr\/wp-json\/wp\/v2\/product\/22824","targetHints":{"allow":["GET"]}}],"collection":[{"href":"https:\/\/oroel.com\/fr\/wp-json\/wp\/v2\/product"}],"about":[{"href":"https:\/\/oroel.com\/fr\/wp-json\/wp\/v2\/types\/product"}],"replies":[{"embeddable":true,"href":"https:\/\/oroel.com\/fr\/wp-json\/wp\/v2\/comments?post=22824"}],"wp:featuredmedia":[{"embeddable":true,"href":"https:\/\/oroel.com\/fr\/wp-json\/wp\/v2\/media\/20151"}],"wp:attachment":[{"href":"https:\/\/oroel.com\/fr\/wp-json\/wp\/v2\/media?parent=22824"}],"wp:term":[{"taxonomy":"product_brand","embeddable":true,"href":"https:\/\/oroel.com\/fr\/wp-json\/wp\/v2\/product_brand?post=22824"},{"taxonomy":"product_cat","embeddable":true,"href":"https:\/\/oroel.com\/fr\/wp-json\/wp\/v2\/product_cat?post=22824"},{"taxonomy":"product_tag","embeddable":true,"href":"https:\/\/oroel.com\/fr\/wp-json\/wp\/v2\/product_tag?post=22824"}],"curies":[{"name":"wp","href":"https:\/\/api.w.org\/{rel}","templated":true}]}}