{"id":22817,"date":"2025-06-18T09:45:05","date_gmt":"2025-06-18T09:45:05","guid":{"rendered":"https:\/\/oroel.com\/producto\/combinaison-multi-poches-contre-les-arcs-electriques\/"},"modified":"2025-06-18T09:45:05","modified_gmt":"2025-06-18T09:45:05","slug":"combinaison-multi-poches-contre-les-arcs-electriques","status":"publish","type":"product","link":"https:\/\/oroel.com\/fr\/producto\/combinaison-multi-poches-contre-les-arcs-electriques\/","title":{"rendered":"Combinaison multi-poches contre les arcs \u00e9lectriques"},"content":{"rendered":"","protected":false},"excerpt":{"rendered":"<p>Genoux profil\u00e9s, avec fermeture \u00e9clair et velcro.<br \/>\nComposition : 50&nbsp;% coton &#8211; 39&nbsp;% modacrylique &#8211; 10&nbsp;% viscose &#8211; 1&nbsp;% antistatique, 295 g\/m\u00b2<br \/>\nV\u00eatement de protection Oroel.<\/p>\n","protected":false},"featured_media":20133,"comment_status":"closed","ping_status":"closed","template":"","meta":{"_acf_changed":false},"product_brand":[],"product_cat":[266,248,146],"product_tag":[],"class_list":{"0":"post-22817","1":"product","2":"type-product","3":"status-publish","4":"has-post-thumbnail","6":"product_cat-combinaisons-contre-les-arcs-electriques","7":"product_cat-vetements-contre-les-arcs-electriques","8":"product_cat-vetements-de-travail-industriels","9":"resize-featured-image","10":"sales-flash-overlay","11":"woocommerce-text-align-center","12":"woocommerce-image-align-center","13":"do-quantity-buttons","15":"first","16":"instock","17":"shipping-taxable","18":"product-type-simple"},"acf":[],"_links":{"self":[{"href":"https:\/\/oroel.com\/fr\/wp-json\/wp\/v2\/product\/22817","targetHints":{"allow":["GET"]}}],"collection":[{"href":"https:\/\/oroel.com\/fr\/wp-json\/wp\/v2\/product"}],"about":[{"href":"https:\/\/oroel.com\/fr\/wp-json\/wp\/v2\/types\/product"}],"replies":[{"embeddable":true,"href":"https:\/\/oroel.com\/fr\/wp-json\/wp\/v2\/comments?post=22817"}],"wp:featuredmedia":[{"embeddable":true,"href":"https:\/\/oroel.com\/fr\/wp-json\/wp\/v2\/media\/20133"}],"wp:attachment":[{"href":"https:\/\/oroel.com\/fr\/wp-json\/wp\/v2\/media?parent=22817"}],"wp:term":[{"taxonomy":"product_brand","embeddable":true,"href":"https:\/\/oroel.com\/fr\/wp-json\/wp\/v2\/product_brand?post=22817"},{"taxonomy":"product_cat","embeddable":true,"href":"https:\/\/oroel.com\/fr\/wp-json\/wp\/v2\/product_cat?post=22817"},{"taxonomy":"product_tag","embeddable":true,"href":"https:\/\/oroel.com\/fr\/wp-json\/wp\/v2\/product_tag?post=22817"}],"curies":[{"name":"wp","href":"https:\/\/api.w.org\/{rel}","templated":true}]}}