{"id":22796,"date":"2025-06-18T09:45:05","date_gmt":"2025-06-18T09:45:05","guid":{"rendered":"https:\/\/oroel.com\/producto\/gilet-rembourre-pour-le-soudage-par-etincelle-a-larc\/"},"modified":"2025-06-18T09:45:05","modified_gmt":"2025-06-18T09:45:05","slug":"gilet-rembourre-pour-le-soudage-par-etincelle-a-larc","status":"publish","type":"product","link":"https:\/\/oroel.com\/fr\/producto\/gilet-rembourre-pour-le-soudage-par-etincelle-a-larc\/","title":{"rendered":"Gilet rembourr\u00e9 pour le soudage par \u00e9tincelle \u00e0 l\u2019arc"},"content":{"rendered":"","protected":false},"excerpt":{"rendered":"<p>Composition : Mati\u00e8re principale : 93&nbsp;% m-aramide &#8211; 5&nbsp;% p-aramide &#8211; 2&nbsp;% antistatique, 220 g\/m\u00b2<br \/>\nIsolation thermique : 100&nbsp;% polyester FR, 100 g\/m\u00b2<br \/>\nDoublure : 54&nbsp;% coton &#8211; 45&nbsp;% modachlorique &#8211; 1&nbsp;% antistatique, 150 g\/m\u00b2<\/p>\n","protected":false},"featured_media":20155,"comment_status":"closed","ping_status":"closed","template":"","meta":{"_acf_changed":false},"product_brand":[],"product_cat":[268,248,146],"product_tag":[],"class_list":{"0":"post-22796","1":"product","2":"type-product","3":"status-publish","4":"has-post-thumbnail","6":"product_cat-gilets-anti-arcs-electriques","7":"product_cat-vetements-contre-les-arcs-electriques","8":"product_cat-vetements-de-travail-industriels","9":"resize-featured-image","10":"sales-flash-overlay","11":"woocommerce-text-align-center","12":"woocommerce-image-align-center","13":"do-quantity-buttons","15":"first","16":"instock","17":"shipping-taxable","18":"product-type-simple"},"acf":[],"_links":{"self":[{"href":"https:\/\/oroel.com\/fr\/wp-json\/wp\/v2\/product\/22796","targetHints":{"allow":["GET"]}}],"collection":[{"href":"https:\/\/oroel.com\/fr\/wp-json\/wp\/v2\/product"}],"about":[{"href":"https:\/\/oroel.com\/fr\/wp-json\/wp\/v2\/types\/product"}],"replies":[{"embeddable":true,"href":"https:\/\/oroel.com\/fr\/wp-json\/wp\/v2\/comments?post=22796"}],"wp:featuredmedia":[{"embeddable":true,"href":"https:\/\/oroel.com\/fr\/wp-json\/wp\/v2\/media\/20155"}],"wp:attachment":[{"href":"https:\/\/oroel.com\/fr\/wp-json\/wp\/v2\/media?parent=22796"}],"wp:term":[{"taxonomy":"product_brand","embeddable":true,"href":"https:\/\/oroel.com\/fr\/wp-json\/wp\/v2\/product_brand?post=22796"},{"taxonomy":"product_cat","embeddable":true,"href":"https:\/\/oroel.com\/fr\/wp-json\/wp\/v2\/product_cat?post=22796"},{"taxonomy":"product_tag","embeddable":true,"href":"https:\/\/oroel.com\/fr\/wp-json\/wp\/v2\/product_tag?post=22796"}],"curies":[{"name":"wp","href":"https:\/\/api.w.org\/{rel}","templated":true}]}}