{"id":22789,"date":"2025-06-18T09:45:04","date_gmt":"2025-06-18T09:45:04","guid":{"rendered":"https:\/\/oroel.com\/producto\/chemise-de-soudeur\/"},"modified":"2025-06-18T09:45:04","modified_gmt":"2025-06-18T09:45:04","slug":"chemise-de-soudeur","status":"publish","type":"product","link":"https:\/\/oroel.com\/fr\/producto\/chemise-de-soudeur\/","title":{"rendered":"Chemise de soudeur"},"content":{"rendered":"<p>Cette chemise<strong> ferm\u00e9e \u00e0 manches longues<\/strong> pour soudeurs est compos\u00e9e de 54&nbsp;% de modacrylique, 45&nbsp;% de coton et 1&nbsp;% d\u2019antistatique pour un grammage de 210 g\/m\u00b2. Ses <strong>boutons restent cach\u00e9s<\/strong> et il dispose \u00e9galement de deux poches \u00e0 rabat avec une fermeture centrale sur le devant. <\/p>\n<p>Ses <strong>poignets droits<\/strong> sont dot\u00e9s d\u2019une fermeture \u00e0 boutons, assurant ainsi le confort du travailleur dans l\u2019ex\u00e9cution de toute t\u00e2che.<\/p>\n<p>Ce v\u00eatement a \u00e9t\u00e9 con\u00e7u pour pouvoir \u00eatre utilis\u00e9 dans tous les types d\u2019activit\u00e9s qui comportent des risques de projection de m\u00e9tal en fusion, d\u00e9riv\u00e9 des proc\u00e9d\u00e9s de soudage, entre autres. Il est \u00e9galement indiqu\u00e9 pour les endroits o\u00f9 le risque d\u2019incendie ou d\u2019explosion caus\u00e9 par des projections de m\u00e9tal en fusion est \u00e9lev\u00e9, tels que les enceintes o\u00f9 des gaz non visibles peuvent \u00eatre stock\u00e9s, comme les raffineries, les usines de production et de manutention d\u2019explosifs ou les industries appartenant au secteur chimique, p\u00e9trochimique ou minier. <\/p>\n<h3>Normes de chemise de soudeur G126701 \u2013 ST<\/h3>\n<p><strong>EN ISO 11612 :<\/strong> Cette norme internationale sp\u00e9cifie les performances de cette veste de soudeur qui a \u00e9t\u00e9 fabriqu\u00e9e \u00e0 partir de mat\u00e9riaux souples, et a \u00e9t\u00e9 con\u00e7ue pour prot\u00e9ger le corps de l\u2019utilisateur de la chaleur et\/ou des flammes, \u00e0 l\u2019exception des mains.<\/p>\n<p><strong>EN ISO 11611 :<\/strong> Cette norme sp\u00e9cifie que cet \u00e9quipement de protection r\u00e9pond aux exigences minimales de s\u00e9curit\u00e9 qui doivent \u00eatre assur\u00e9es lors des activit\u00e9s de soudage et d\u2019autres processus techniques pr\u00e9sentant des risques similaires.<\/p>\n<p><strong>EN 1149-5 :<\/strong> Cette norme europ\u00e9enne d\u00e9taille les exigences auxquelles doivent r\u00e9pondre les mat\u00e9riaux et la conception des \u00e9quipements de protection \u00e0 dissipation \u00e9lectrostatique, utilis\u00e9s dans le cadre d\u2019un assemblage mis \u00e0 la terre, afin d\u2019\u00e9viter les d\u00e9charges incendiaires.<\/p>\n","protected":false},"excerpt":{"rendered":"<p>Composition&nbsp;: 54&nbsp;% modaacrylique &#8211; 45&nbsp;% coton &#8211; 1&nbsp;% antistatique, 210 g\/m\u00b2<\/p>\n","protected":false},"featured_media":869,"comment_status":"closed","ping_status":"closed","template":"","meta":{"_acf_changed":false},"product_brand":[],"product_cat":[261,207,146],"product_tag":[],"class_list":{"0":"post-22789","1":"product","2":"type-product","3":"status-publish","4":"has-post-thumbnail","6":"product_cat-chemises-de-soudeur","7":"product_cat-vetements-de-soudeur","8":"product_cat-vetements-de-travail-industriels","9":"resize-featured-image","10":"sales-flash-overlay","11":"woocommerce-text-align-center","12":"woocommerce-image-align-center","13":"do-quantity-buttons","15":"first","16":"instock","17":"shipping-taxable","18":"product-type-simple"},"acf":[],"_links":{"self":[{"href":"https:\/\/oroel.com\/fr\/wp-json\/wp\/v2\/product\/22789","targetHints":{"allow":["GET"]}}],"collection":[{"href":"https:\/\/oroel.com\/fr\/wp-json\/wp\/v2\/product"}],"about":[{"href":"https:\/\/oroel.com\/fr\/wp-json\/wp\/v2\/types\/product"}],"replies":[{"embeddable":true,"href":"https:\/\/oroel.com\/fr\/wp-json\/wp\/v2\/comments?post=22789"}],"wp:featuredmedia":[{"embeddable":true,"href":"https:\/\/oroel.com\/fr\/wp-json\/wp\/v2\/media\/869"}],"wp:attachment":[{"href":"https:\/\/oroel.com\/fr\/wp-json\/wp\/v2\/media?parent=22789"}],"wp:term":[{"taxonomy":"product_brand","embeddable":true,"href":"https:\/\/oroel.com\/fr\/wp-json\/wp\/v2\/product_brand?post=22789"},{"taxonomy":"product_cat","embeddable":true,"href":"https:\/\/oroel.com\/fr\/wp-json\/wp\/v2\/product_cat?post=22789"},{"taxonomy":"product_tag","embeddable":true,"href":"https:\/\/oroel.com\/fr\/wp-json\/wp\/v2\/product_tag?post=22789"}],"curies":[{"name":"wp","href":"https:\/\/api.w.org\/{rel}","templated":true}]}}