{"id":22781,"date":"2025-06-18T09:45:04","date_gmt":"2025-06-18T09:45:04","guid":{"rendered":"https:\/\/oroel.com\/producto\/couvre-pantalon-impermeable-avec-fentes-laterales\/"},"modified":"2025-06-18T09:45:04","modified_gmt":"2025-06-18T09:45:04","slug":"couvre-pantalon-impermeable-avec-fentes-laterales","status":"publish","type":"product","link":"https:\/\/oroel.com\/fr\/producto\/couvre-pantalon-impermeable-avec-fentes-laterales\/","title":{"rendered":"Couvre-pantalon imperm\u00e9able avec fentes lat\u00e9rales"},"content":{"rendered":"","protected":false},"excerpt":{"rendered":"<p>V\u00eatement de protection imperm\u00e9able d\u2019Oroel.<br \/>\nComposition&nbsp;: Mati\u00e8re principale&nbsp;: 29&nbsp;% modaacrylique &#8211; 46&nbsp;% polyester &#8211; 24&nbsp;% coton &#8211; 1&nbsp;% antistatique avec membrane PU, 320 g\/m\u00b2<br \/>\nDoublure&nbsp;: 50&nbsp;% m-aramide &#8211; 50&nbsp;% viscose FR, 115 g\/m\u00b2<br \/>\nR\u00e9tror\u00e9fl\u00e9chissante discontinue.<\/p>\n<p><img loading=\"lazy\" decoding=\"async\" class=\"alignnone size-full wp-image-5257\" src=\"https:\/\/oroel.com\/wp-content\/uploads\/2021\/11\/IEC-61482-2.svg\" alt=\"housse de pantalon \u00e9tanche aux arcs \u00e9lectriques norme IEC 61482 -2\" width=\"80\" height=\"80\"> <img loading=\"lazy\" decoding=\"async\" class=\"alignnone size-full wp-image-5248\" src=\"https:\/\/oroel.com\/wp-content\/uploads\/2021\/11\/EN-ISO-11612.svg\" alt=\"couvre-pantalons imperm\u00e9ables \u00e0 arc \u00e9lectrique norme EN ISO 11612\" width=\"80\" height=\"80\"> <img loading=\"lazy\" decoding=\"async\" class=\"alignnone size-full wp-image-5215\" src=\"https:\/\/oroel.com\/wp-content\/uploads\/2021\/11\/EN-1149-5.svg\" alt=\"Housse de pantalon \u00e9tanche aux arcs \u00e9lectriques Norme EN 1149-5\" width=\"80\" height=\"80\"> <img loading=\"lazy\" decoding=\"async\" class=\"alignnone size-full wp-image-5206\" src=\"https:\/\/oroel.com\/wp-content\/uploads\/2021\/11\/EN-343.svg\" alt=\"couvre-pantalons \u00e9lectriques \u00e0 arc imperm\u00e9able norme EN 343\" width=\"80\" height=\"80\"> <img loading=\"lazy\" decoding=\"async\" class=\"alignnone size-full wp-image-5221\" src=\"https:\/\/oroel.com\/wp-content\/uploads\/2021\/11\/EN-13034.svg\" alt=\"Norme EN 13034\" width=\"80\" height=\"80\"> <img loading=\"lazy\" decoding=\"async\" class=\"alignnone size-full wp-image-5251\" src=\"https:\/\/oroel.com\/wp-content\/uploads\/2021\/11\/EN-ISO-20471.svg\" alt=\"couvre-pantalons imperm\u00e9ables aux arcs \u00e9lectriques Norme EN ISO 20471\" width=\"80\" height=\"80\"><\/p>\n","protected":false},"featured_media":20163,"comment_status":"closed","ping_status":"closed","template":"","meta":{"_acf_changed":false},"product_brand":[],"product_cat":[249,248,146],"product_tag":[],"class_list":{"0":"post-22781","1":"product","2":"type-product","3":"status-publish","4":"has-post-thumbnail","6":"product_cat-pantalon-anti-arc-electrique","7":"product_cat-vetements-contre-les-arcs-electriques","8":"product_cat-vetements-de-travail-industriels","9":"resize-featured-image","10":"sales-flash-overlay","11":"woocommerce-text-align-center","12":"woocommerce-image-align-center","13":"do-quantity-buttons","15":"first","16":"instock","17":"shipping-taxable","18":"product-type-simple"},"acf":[],"_links":{"self":[{"href":"https:\/\/oroel.com\/fr\/wp-json\/wp\/v2\/product\/22781","targetHints":{"allow":["GET"]}}],"collection":[{"href":"https:\/\/oroel.com\/fr\/wp-json\/wp\/v2\/product"}],"about":[{"href":"https:\/\/oroel.com\/fr\/wp-json\/wp\/v2\/types\/product"}],"replies":[{"embeddable":true,"href":"https:\/\/oroel.com\/fr\/wp-json\/wp\/v2\/comments?post=22781"}],"wp:featuredmedia":[{"embeddable":true,"href":"https:\/\/oroel.com\/fr\/wp-json\/wp\/v2\/media\/20163"}],"wp:attachment":[{"href":"https:\/\/oroel.com\/fr\/wp-json\/wp\/v2\/media?parent=22781"}],"wp:term":[{"taxonomy":"product_brand","embeddable":true,"href":"https:\/\/oroel.com\/fr\/wp-json\/wp\/v2\/product_brand?post=22781"},{"taxonomy":"product_cat","embeddable":true,"href":"https:\/\/oroel.com\/fr\/wp-json\/wp\/v2\/product_cat?post=22781"},{"taxonomy":"product_tag","embeddable":true,"href":"https:\/\/oroel.com\/fr\/wp-json\/wp\/v2\/product_tag?post=22781"}],"curies":[{"name":"wp","href":"https:\/\/api.w.org\/{rel}","templated":true}]}}