{"id":22778,"date":"2025-06-18T09:45:04","date_gmt":"2025-06-18T09:45:04","guid":{"rendered":"https:\/\/oroel.com\/producto\/combinaison-bleue-a-arc-electrique-fermeture-eclair-velcro\/"},"modified":"2025-06-18T09:45:04","modified_gmt":"2025-06-18T09:45:04","slug":"combinaison-bleue-a-arc-electrique-fermeture-eclair-velcro","status":"publish","type":"product","link":"https:\/\/oroel.com\/fr\/producto\/combinaison-bleue-a-arc-electrique-fermeture-eclair-velcro\/","title":{"rendered":"Combinaison bleue \u00e0 arc \u00e9lectrique, fermeture \u00e9clair, velcro"},"content":{"rendered":"","protected":false},"excerpt":{"rendered":"<p>Composition : 84&nbsp;% coton ignifuge &#8211; 15&nbsp;% polyamide &#8211; 1&nbsp;% antistatique, 250 g\/m\u00b2<\/p>\n","protected":false},"featured_media":20179,"comment_status":"closed","ping_status":"closed","template":"","meta":{"_acf_changed":false},"product_brand":[],"product_cat":[256,248,146],"product_tag":[],"class_list":{"0":"post-22778","1":"product","2":"type-product","3":"status-publish","4":"has-post-thumbnail","6":"product_cat-combinaisons-anti-arc-electrique","7":"product_cat-vetements-contre-les-arcs-electriques","8":"product_cat-vetements-de-travail-industriels","9":"resize-featured-image","10":"sales-flash-overlay","11":"woocommerce-text-align-center","12":"woocommerce-image-align-center","13":"do-quantity-buttons","15":"first","16":"instock","17":"shipping-taxable","18":"product-type-simple"},"acf":[],"_links":{"self":[{"href":"https:\/\/oroel.com\/fr\/wp-json\/wp\/v2\/product\/22778","targetHints":{"allow":["GET"]}}],"collection":[{"href":"https:\/\/oroel.com\/fr\/wp-json\/wp\/v2\/product"}],"about":[{"href":"https:\/\/oroel.com\/fr\/wp-json\/wp\/v2\/types\/product"}],"replies":[{"embeddable":true,"href":"https:\/\/oroel.com\/fr\/wp-json\/wp\/v2\/comments?post=22778"}],"wp:featuredmedia":[{"embeddable":true,"href":"https:\/\/oroel.com\/fr\/wp-json\/wp\/v2\/media\/20179"}],"wp:attachment":[{"href":"https:\/\/oroel.com\/fr\/wp-json\/wp\/v2\/media?parent=22778"}],"wp:term":[{"taxonomy":"product_brand","embeddable":true,"href":"https:\/\/oroel.com\/fr\/wp-json\/wp\/v2\/product_brand?post=22778"},{"taxonomy":"product_cat","embeddable":true,"href":"https:\/\/oroel.com\/fr\/wp-json\/wp\/v2\/product_cat?post=22778"},{"taxonomy":"product_tag","embeddable":true,"href":"https:\/\/oroel.com\/fr\/wp-json\/wp\/v2\/product_tag?post=22778"}],"curies":[{"name":"wp","href":"https:\/\/api.w.org\/{rel}","templated":true}]}}