{"id":22775,"date":"2025-06-18T09:45:04","date_gmt":"2025-06-18T09:45:04","guid":{"rendered":"https:\/\/oroel.com\/producto\/arc-electrique-a-enveloppe-fermee\/"},"modified":"2025-06-18T09:45:04","modified_gmt":"2025-06-18T09:45:04","slug":"arc-electrique-a-enveloppe-fermee","status":"publish","type":"product","link":"https:\/\/oroel.com\/fr\/producto\/arc-electrique-a-enveloppe-fermee\/","title":{"rendered":"Arc \u00e9lectrique \u00e0 enveloppe ferm\u00e9e"},"content":{"rendered":"","protected":false},"excerpt":{"rendered":"<p>Coudes fa\u00e7onn\u00e9s.<br \/>\nComposition : 91&nbsp;% m-aramide &#8211; 5&nbsp;% p-aramide &#8211; 2&nbsp;% antistatique &#8211; 2&nbsp;% \u00e9lasthanne, 220 g\/m\u00b2<\/p>\n","protected":false},"featured_media":20149,"comment_status":"closed","ping_status":"closed","template":"","meta":{"_acf_changed":false},"product_brand":[],"product_cat":[253,248,146],"product_tag":[],"class_list":{"0":"post-22775","1":"product","2":"type-product","3":"status-publish","4":"has-post-thumbnail","6":"product_cat-vestes-anti-arc-electrique","7":"product_cat-vetements-contre-les-arcs-electriques","8":"product_cat-vetements-de-travail-industriels","9":"resize-featured-image","10":"sales-flash-overlay","11":"woocommerce-text-align-center","12":"woocommerce-image-align-center","13":"do-quantity-buttons","15":"first","16":"instock","17":"shipping-taxable","18":"product-type-simple"},"acf":[],"_links":{"self":[{"href":"https:\/\/oroel.com\/fr\/wp-json\/wp\/v2\/product\/22775","targetHints":{"allow":["GET"]}}],"collection":[{"href":"https:\/\/oroel.com\/fr\/wp-json\/wp\/v2\/product"}],"about":[{"href":"https:\/\/oroel.com\/fr\/wp-json\/wp\/v2\/types\/product"}],"replies":[{"embeddable":true,"href":"https:\/\/oroel.com\/fr\/wp-json\/wp\/v2\/comments?post=22775"}],"wp:featuredmedia":[{"embeddable":true,"href":"https:\/\/oroel.com\/fr\/wp-json\/wp\/v2\/media\/20149"}],"wp:attachment":[{"href":"https:\/\/oroel.com\/fr\/wp-json\/wp\/v2\/media?parent=22775"}],"wp:term":[{"taxonomy":"product_brand","embeddable":true,"href":"https:\/\/oroel.com\/fr\/wp-json\/wp\/v2\/product_brand?post=22775"},{"taxonomy":"product_cat","embeddable":true,"href":"https:\/\/oroel.com\/fr\/wp-json\/wp\/v2\/product_cat?post=22775"},{"taxonomy":"product_tag","embeddable":true,"href":"https:\/\/oroel.com\/fr\/wp-json\/wp\/v2\/product_tag?post=22775"}],"curies":[{"name":"wp","href":"https:\/\/api.w.org\/{rel}","templated":true}]}}