{"id":22772,"date":"2025-06-18T09:45:04","date_gmt":"2025-06-18T09:45:04","guid":{"rendered":"https:\/\/oroel.com\/producto\/veste-impermeable-avec-capuche-retractable-bleu\/"},"modified":"2025-06-18T09:45:04","modified_gmt":"2025-06-18T09:45:04","slug":"veste-impermeable-avec-capuche-retractable-bleu","status":"publish","type":"product","link":"https:\/\/oroel.com\/fr\/producto\/veste-impermeable-avec-capuche-retractable-bleu\/","title":{"rendered":"Veste imperm\u00e9able avec capuche r\u00e9tractable bleu"},"content":{"rendered":"","protected":false},"excerpt":{"rendered":"<p>Composition&nbsp;: Mati\u00e8re principale&nbsp;: 50&nbsp;% modaacrylique &#8211; 41&nbsp;% coton &#8211; 7&nbsp;% polyur\u00e9thane &#8211; 2&nbsp;% antistatique, 270 g\/m\u00b2<br \/>\nIsolation thermique&nbsp;: 55&nbsp;% modaacrylique &#8211; 30&nbsp;% aramide &#8211; 15&nbsp;% polyester, 120 g\/m\u00b2<br \/>\nDoublure&nbsp;: 54&nbsp;% modaacrylique &#8211; 45&nbsp;% coton &#8211; 1&nbsp;% antistatique, 210 g\/m\u00b2<\/p>\n","protected":false},"featured_media":20167,"comment_status":"closed","ping_status":"closed","template":"","meta":{"_acf_changed":false},"product_brand":[],"product_cat":[250,248,146],"product_tag":[],"class_list":{"0":"post-22772","1":"product","2":"type-product","3":"status-publish","4":"has-post-thumbnail","6":"product_cat-enveloppes-darc-electrique","7":"product_cat-vetements-contre-les-arcs-electriques","8":"product_cat-vetements-de-travail-industriels","9":"resize-featured-image","10":"sales-flash-overlay","11":"woocommerce-text-align-center","12":"woocommerce-image-align-center","13":"do-quantity-buttons","15":"first","16":"instock","17":"shipping-taxable","18":"product-type-simple"},"acf":[],"_links":{"self":[{"href":"https:\/\/oroel.com\/fr\/wp-json\/wp\/v2\/product\/22772","targetHints":{"allow":["GET"]}}],"collection":[{"href":"https:\/\/oroel.com\/fr\/wp-json\/wp\/v2\/product"}],"about":[{"href":"https:\/\/oroel.com\/fr\/wp-json\/wp\/v2\/types\/product"}],"replies":[{"embeddable":true,"href":"https:\/\/oroel.com\/fr\/wp-json\/wp\/v2\/comments?post=22772"}],"wp:featuredmedia":[{"embeddable":true,"href":"https:\/\/oroel.com\/fr\/wp-json\/wp\/v2\/media\/20167"}],"wp:attachment":[{"href":"https:\/\/oroel.com\/fr\/wp-json\/wp\/v2\/media?parent=22772"}],"wp:term":[{"taxonomy":"product_brand","embeddable":true,"href":"https:\/\/oroel.com\/fr\/wp-json\/wp\/v2\/product_brand?post=22772"},{"taxonomy":"product_cat","embeddable":true,"href":"https:\/\/oroel.com\/fr\/wp-json\/wp\/v2\/product_cat?post=22772"},{"taxonomy":"product_tag","embeddable":true,"href":"https:\/\/oroel.com\/fr\/wp-json\/wp\/v2\/product_tag?post=22772"}],"curies":[{"name":"wp","href":"https:\/\/api.w.org\/{rel}","templated":true}]}}