{"id":22754,"date":"2025-06-18T09:45:03","date_gmt":"2025-06-18T09:45:03","guid":{"rendered":"https:\/\/oroel.com\/producto\/combinaison-de-sauvetage-technique\/"},"modified":"2025-06-18T09:45:03","modified_gmt":"2025-06-18T09:45:03","slug":"combinaison-de-sauvetage-technique","status":"publish","type":"product","link":"https:\/\/oroel.com\/fr\/producto\/combinaison-de-sauvetage-technique\/","title":{"rendered":"Combinaison de sauvetage technique"},"content":{"rendered":"","protected":false},"excerpt":{"rendered":"<p>Coudes et genoux renforc\u00e9s, r\u00e9glables et profil\u00e9s, r\u00e9fl\u00e9chissants discontinus, fermeture \u00e9clair et velcro.<br \/>\nComposition : 56&nbsp;% m-aramide &#8211; 36&nbsp;% viscose FR &#8211; 6&nbsp;% p-aramide &#8211; 2&nbsp;% antistatique avec finition FC, 225 g\/ m2<\/p>\n","protected":false},"featured_media":20113,"comment_status":"closed","ping_status":"closed","template":"","meta":{"_acf_changed":false},"product_brand":[],"product_cat":[241,146,136],"product_tag":[],"class_list":{"0":"post-22754","1":"product","2":"type-product","3":"status-publish","4":"has-post-thumbnail","6":"product_cat-kits-de-sauvetage-techniques","7":"product_cat-vetements-de-travail-industriels","8":"product_cat-vetements-techniques-de-sauvetage","9":"resize-featured-image","10":"sales-flash-overlay","11":"woocommerce-text-align-center","12":"woocommerce-image-align-center","13":"do-quantity-buttons","15":"first","16":"instock","17":"shipping-taxable","18":"product-type-simple"},"acf":[],"_links":{"self":[{"href":"https:\/\/oroel.com\/fr\/wp-json\/wp\/v2\/product\/22754","targetHints":{"allow":["GET"]}}],"collection":[{"href":"https:\/\/oroel.com\/fr\/wp-json\/wp\/v2\/product"}],"about":[{"href":"https:\/\/oroel.com\/fr\/wp-json\/wp\/v2\/types\/product"}],"replies":[{"embeddable":true,"href":"https:\/\/oroel.com\/fr\/wp-json\/wp\/v2\/comments?post=22754"}],"wp:featuredmedia":[{"embeddable":true,"href":"https:\/\/oroel.com\/fr\/wp-json\/wp\/v2\/media\/20113"}],"wp:attachment":[{"href":"https:\/\/oroel.com\/fr\/wp-json\/wp\/v2\/media?parent=22754"}],"wp:term":[{"taxonomy":"product_brand","embeddable":true,"href":"https:\/\/oroel.com\/fr\/wp-json\/wp\/v2\/product_brand?post=22754"},{"taxonomy":"product_cat","embeddable":true,"href":"https:\/\/oroel.com\/fr\/wp-json\/wp\/v2\/product_cat?post=22754"},{"taxonomy":"product_tag","embeddable":true,"href":"https:\/\/oroel.com\/fr\/wp-json\/wp\/v2\/product_tag?post=22754"}],"curies":[{"name":"wp","href":"https:\/\/api.w.org\/{rel}","templated":true}]}}