{"id":22751,"date":"2025-06-18T09:45:03","date_gmt":"2025-06-18T09:45:03","guid":{"rendered":"https:\/\/oroel.com\/producto\/kit-de-secours-technique\/"},"modified":"2025-06-18T09:45:03","modified_gmt":"2025-06-18T09:45:03","slug":"kit-de-secours-technique","status":"publish","type":"product","link":"https:\/\/oroel.com\/fr\/producto\/kit-de-secours-technique\/","title":{"rendered":"Kit de secours technique"},"content":{"rendered":"","protected":false},"excerpt":{"rendered":"<p><strong>Pantalon:<\/strong> Type de bavette, compos\u00e9 de l\u2019avant, du dos, des poches, des bretelles et des r\u00e9flecteurs.<\/p>\n<p><strong>Veste:<\/strong> Ferm\u00e9 par une fermeture \u00e9clair, compos\u00e9 de devants, dos, manches, col, poches et r\u00e9flecteurs.<\/p>\n<p><strong>Composition<\/strong> : RipStop, 55&nbsp;% m-aramide &#8211; 38&nbsp;% viscose FR &#8211; 5&nbsp;% p-aramide &#8211; 2&nbsp;% antistatique (finition HYDROFUGE+OLEOFUGE), 220 g\/m2 +\/-5&nbsp;%, couleur beige.<\/p>\n","protected":false},"featured_media":20479,"comment_status":"closed","ping_status":"closed","template":"","meta":{"_acf_changed":false},"product_brand":[],"product_cat":[241,146,136],"product_tag":[],"class_list":{"0":"post-22751","1":"product","2":"type-product","3":"status-publish","4":"has-post-thumbnail","6":"product_cat-kits-de-sauvetage-techniques","7":"product_cat-vetements-de-travail-industriels","8":"product_cat-vetements-techniques-de-sauvetage","9":"resize-featured-image","10":"sales-flash-overlay","11":"woocommerce-text-align-center","12":"woocommerce-image-align-center","13":"do-quantity-buttons","15":"first","16":"instock","17":"shipping-taxable","18":"product-type-simple"},"acf":[],"_links":{"self":[{"href":"https:\/\/oroel.com\/fr\/wp-json\/wp\/v2\/product\/22751","targetHints":{"allow":["GET"]}}],"collection":[{"href":"https:\/\/oroel.com\/fr\/wp-json\/wp\/v2\/product"}],"about":[{"href":"https:\/\/oroel.com\/fr\/wp-json\/wp\/v2\/types\/product"}],"replies":[{"embeddable":true,"href":"https:\/\/oroel.com\/fr\/wp-json\/wp\/v2\/comments?post=22751"}],"wp:featuredmedia":[{"embeddable":true,"href":"https:\/\/oroel.com\/fr\/wp-json\/wp\/v2\/media\/20479"}],"wp:attachment":[{"href":"https:\/\/oroel.com\/fr\/wp-json\/wp\/v2\/media?parent=22751"}],"wp:term":[{"taxonomy":"product_brand","embeddable":true,"href":"https:\/\/oroel.com\/fr\/wp-json\/wp\/v2\/product_brand?post=22751"},{"taxonomy":"product_cat","embeddable":true,"href":"https:\/\/oroel.com\/fr\/wp-json\/wp\/v2\/product_cat?post=22751"},{"taxonomy":"product_tag","embeddable":true,"href":"https:\/\/oroel.com\/fr\/wp-json\/wp\/v2\/product_tag?post=22751"}],"curies":[{"name":"wp","href":"https:\/\/api.w.org\/{rel}","templated":true}]}}