{"id":22742,"date":"2025-06-18T09:46:01","date_gmt":"2025-06-18T09:46:01","guid":{"rendered":"https:\/\/oroel.com\/producto\/gilet-ferme-haute-visibilite\/"},"modified":"2025-06-18T09:46:01","modified_gmt":"2025-06-18T09:46:01","slug":"gilet-ferme-haute-visibilite","status":"publish","type":"product","link":"https:\/\/oroel.com\/fr\/producto\/gilet-ferme-haute-visibilite\/","title":{"rendered":"Gilet ferm\u00e9 haute visibilit\u00e9"},"content":{"rendered":"<p>Ce gilet ferm\u00e9 haute visibilit\u00e9 orange a \u00e9t\u00e9 fabriqu\u00e9 en 100&nbsp;% polyester. Sa fermeture dans la zone avant avec velcro offre un confort optimal. <\/p>\n<p>Il dispose d\u2019une poche pratique pour t\u00e9l\u00e9phone portable au bas et de deux bandes r\u00e9tror\u00e9fl\u00e9chissantes qui garantissent une visibilit\u00e9 ad\u00e9quate \u00e0 tous ceux qui le portent.<\/p>\n<p>\u00catre vu \u00e0 temps peut sauver des vies. Gr\u00e2ce \u00e0 ses zones r\u00e9fl\u00e9chissantes, le travailleur sera correctement signal\u00e9, quel que soit le type de lumi\u00e8re ou qu\u2019il s\u2019agisse du jour ou de la nuit. Ce v\u00eatement, en plus d\u2019offrir un haut niveau de s\u00e9curit\u00e9, garantit un grand confort et une grande commodit\u00e9 dans l\u2019ex\u00e9cution de toute t\u00e2che.  <\/p>\n<h3>Gilet ferm\u00e9 haute visibilit\u00e9 L060336B8 \u2013 Normes ST<\/h3>\n<p><strong>EN ISO 20471<\/strong> : cette norme internationale sp\u00e9cifie toutes les exigences auxquelles les v\u00eatements haute visibilit\u00e9 doivent r\u00e9pondre dans des environnements \u00e0 haut risque.<\/p>\n","protected":false},"excerpt":{"rendered":"<p>Poche pour t\u00e9l\u00e9phone portable.<br \/>\nComposition : 100&nbsp;% polyester, 135 g\/m\u00b2<\/p>\n","protected":false},"featured_media":20319,"comment_status":"closed","ping_status":"closed","template":"","meta":{"_acf_changed":false},"product_brand":[],"product_cat":[177,146,176],"product_tag":[],"class_list":{"0":"post-22742","1":"product","2":"type-product","3":"status-publish","4":"has-post-thumbnail","6":"product_cat-gilets-a-v","7":"product_cat-vetements-de-travail-industriels","8":"product_cat-vetements-haute-visibilite","9":"resize-featured-image","10":"sales-flash-overlay","11":"woocommerce-text-align-center","12":"woocommerce-image-align-center","13":"do-quantity-buttons","15":"first","16":"instock","17":"shipping-taxable","18":"product-type-simple"},"acf":[],"_links":{"self":[{"href":"https:\/\/oroel.com\/fr\/wp-json\/wp\/v2\/product\/22742","targetHints":{"allow":["GET"]}}],"collection":[{"href":"https:\/\/oroel.com\/fr\/wp-json\/wp\/v2\/product"}],"about":[{"href":"https:\/\/oroel.com\/fr\/wp-json\/wp\/v2\/types\/product"}],"replies":[{"embeddable":true,"href":"https:\/\/oroel.com\/fr\/wp-json\/wp\/v2\/comments?post=22742"}],"wp:featuredmedia":[{"embeddable":true,"href":"https:\/\/oroel.com\/fr\/wp-json\/wp\/v2\/media\/20319"}],"wp:attachment":[{"href":"https:\/\/oroel.com\/fr\/wp-json\/wp\/v2\/media?parent=22742"}],"wp:term":[{"taxonomy":"product_brand","embeddable":true,"href":"https:\/\/oroel.com\/fr\/wp-json\/wp\/v2\/product_brand?post=22742"},{"taxonomy":"product_cat","embeddable":true,"href":"https:\/\/oroel.com\/fr\/wp-json\/wp\/v2\/product_cat?post=22742"},{"taxonomy":"product_tag","embeddable":true,"href":"https:\/\/oroel.com\/fr\/wp-json\/wp\/v2\/product_tag?post=22742"}],"curies":[{"name":"wp","href":"https:\/\/api.w.org\/{rel}","templated":true}]}}