{"id":22740,"date":"2025-06-18T09:46:01","date_gmt":"2025-06-18T09:46:01","guid":{"rendered":"https:\/\/oroel.com\/producto\/caban-impermeable-reflechissant-discontinu\/"},"modified":"2025-06-18T09:46:01","modified_gmt":"2025-06-18T09:46:01","slug":"caban-impermeable-reflechissant-discontinu","status":"publish","type":"product","link":"https:\/\/oroel.com\/fr\/producto\/caban-impermeable-reflechissant-discontinu\/","title":{"rendered":"Caban imperm\u00e9able r\u00e9fl\u00e9chissant discontinu"},"content":{"rendered":"<p>Cette veste jaune et bleu marine avec des bandes r\u00e9fl\u00e9chissantes discontinues r\u00e9duit le risque de subir un accident du travail.<\/p>\n<p>Il est dot\u00e9 d\u2019une capuche qui peut \u00eatre ajust\u00e9e selon les pr\u00e9f\u00e9rences de l\u2019employ\u00e9 et d\u2019une fermeture \u00e0 glissi\u00e8re avec deux boutons qui le scellent. Quant \u00e0 ses poignets, ceux-ci sont r\u00e9glables pour que la veste s\u2019adapte parfaitement \u00e0 chaque travailleur. <\/p>\n<p>De plus, il dispose de deux poches sur le bas du devant situ\u00e9es sp\u00e9cifiquement sur les c\u00f4t\u00e9s du v\u00eatement. La veste a deux couches suppl\u00e9mentaires qui sont l\u2019isolation thermique et la doublure. La composition principale de tous est compos\u00e9e \u00e0 100&nbsp;% de polyester avec du polyur\u00e9thane.  <\/p>\n<p>Le haut du v\u00eatement est jaune tandis que la moiti\u00e9 inf\u00e9rieure est bleu marine. Il dispose de deux bandes r\u00e9fl\u00e9chissantes dispos\u00e9es horizontalement qui traversent le corps et sont \u00e9galement situ\u00e9es sur les manches. Le tissu, totalement imperm\u00e9able, garantit que le porteur, en plus de ne pas avoir froid, reste au sec.  <\/p>\n<h3>Normes de la H071175F7 Rev\u00eatement imperm\u00e9able r\u00e9fl\u00e9chissant discontinu \u2013 ST<\/h3>\n<p><strong>EN ISO 20471 :<\/strong> cette norme sp\u00e9cifie les exigences auxquelles les v\u00eatements de travail doivent r\u00e9pondre afin de garantir une visibilit\u00e9 maximale du porteur dans les environnements \u00e0 haut risque.<\/p>\n<p><strong>EN 343 :<\/strong> Norme europ\u00e9enne de protection qui effectue une \u00e9valuation des propri\u00e9t\u00e9s essentielles d\u2019imperm\u00e9abilit\u00e9 \u00e0 l\u2019eau et de r\u00e9sistance \u00e0 la vapeur d\u2019eau.<\/p>\n<p><strong>EN 14058 :<\/strong> cette norme \u00e9tablit les exigences et les m\u00e9thodes d\u2019essai pour ces v\u00eatements simples qui prot\u00e8gent notre corps des environnements froids.<\/p>\n","protected":false},"excerpt":{"rendered":"<p>Capuche r\u00e9tractable. R\u00e9fl\u00e9chissant discontinu.<br \/>\nComposition&nbsp;: Mati\u00e8re principale&nbsp;: 100&nbsp;% polyester avec polyur\u00e9thane, 160 g\/m\u00b2<br \/>\nIsolation thermique&nbsp;: 100&nbsp;% polyester, 100 g\/m2<br \/>\nDoublure&nbsp;: 100&nbsp;% polyester, 50 g\/m\u00b2 <\/p>\n","protected":false},"featured_media":982,"comment_status":"closed","ping_status":"closed","template":"","meta":{"_acf_changed":false},"product_brand":[],"product_cat":[190,146,176],"product_tag":[],"class_list":{"0":"post-22740","1":"product","2":"type-product","3":"status-publish","4":"has-post-thumbnail","6":"product_cat-parkas-a-v-fr","7":"product_cat-vetements-de-travail-industriels","8":"product_cat-vetements-haute-visibilite","9":"resize-featured-image","10":"sales-flash-overlay","11":"woocommerce-text-align-center","12":"woocommerce-image-align-center","13":"do-quantity-buttons","15":"first","16":"instock","17":"shipping-taxable","18":"product-type-simple"},"acf":[],"_links":{"self":[{"href":"https:\/\/oroel.com\/fr\/wp-json\/wp\/v2\/product\/22740","targetHints":{"allow":["GET"]}}],"collection":[{"href":"https:\/\/oroel.com\/fr\/wp-json\/wp\/v2\/product"}],"about":[{"href":"https:\/\/oroel.com\/fr\/wp-json\/wp\/v2\/types\/product"}],"replies":[{"embeddable":true,"href":"https:\/\/oroel.com\/fr\/wp-json\/wp\/v2\/comments?post=22740"}],"wp:featuredmedia":[{"embeddable":true,"href":"https:\/\/oroel.com\/fr\/wp-json\/wp\/v2\/media\/982"}],"wp:attachment":[{"href":"https:\/\/oroel.com\/fr\/wp-json\/wp\/v2\/media?parent=22740"}],"wp:term":[{"taxonomy":"product_brand","embeddable":true,"href":"https:\/\/oroel.com\/fr\/wp-json\/wp\/v2\/product_brand?post=22740"},{"taxonomy":"product_cat","embeddable":true,"href":"https:\/\/oroel.com\/fr\/wp-json\/wp\/v2\/product_cat?post=22740"},{"taxonomy":"product_tag","embeddable":true,"href":"https:\/\/oroel.com\/fr\/wp-json\/wp\/v2\/product_tag?post=22740"}],"curies":[{"name":"wp","href":"https:\/\/api.w.org\/{rel}","templated":true}]}}