{"id":22738,"date":"2025-06-18T09:46:00","date_gmt":"2025-06-18T09:46:00","guid":{"rendered":"https:\/\/oroel.com\/producto\/bavette-anti-coupure-tronconneuse-jaune-et-verte\/"},"modified":"2025-06-18T09:46:00","modified_gmt":"2025-06-18T09:46:00","slug":"bavette-anti-coupure-tronconneuse-jaune-et-verte","status":"publish","type":"product","link":"https:\/\/oroel.com\/fr\/producto\/bavette-anti-coupure-tronconneuse-jaune-et-verte\/","title":{"rendered":"Bavette anti-coupure tron\u00e7onneuse jaune et verte"},"content":{"rendered":"<p>Cette bavette r\u00e9sistante aux coupures offre le plus grand confort et assure une protection contre tout travail de coupe \u00e0 la tron\u00e7onneuse.<\/p>\n<p>Il r\u00e9pond \u00e0 toutes les exigences des r\u00e9glementations et normes ISO correspondantes.<\/p>\n<p>Fabriqu\u00e9 en polyester et coton, avec une couche de fibres r\u00e9sistantes au milieu, ce protecteur de <strong>coupure de tron\u00e7onneuse<\/strong> offre toute la s\u00e9curit\u00e9 n\u00e9cessaire par la r\u00e9glementation.<\/p>\n<p>Ses couleurs et sa bande r\u00e9fl\u00e9chissante assurent la visibilit\u00e9 n\u00e9cessaire.<\/p>\n","protected":false},"excerpt":{"rendered":"<p>Doublure multicouche pour une protection anti-coupure.<br \/>\nFermeture zipp\u00e9e et boutonn\u00e9e.<br \/>\nComposition : 65&nbsp;% polyester &#8211; 35&nbsp;% coton, 200 g\/m\u00b2<\/p>\n<p><strong>CLASSE 2<\/strong><\/p>\n<p><strong>TYPE A<\/strong><\/p>\n","protected":false},"featured_media":20297,"comment_status":"closed","ping_status":"closed","template":"","meta":{"_acf_changed":false},"product_brand":[],"product_cat":[217,146,216],"product_tag":[],"class_list":{"0":"post-22738","1":"product","2":"type-product","3":"status-publish","4":"has-post-thumbnail","6":"product_cat-bavoirs-anti-coupure","7":"product_cat-vetements-de-travail-industriels","8":"product_cat-vetements-resistants-aux-coupures-pour-tronconneuses","9":"resize-featured-image","10":"sales-flash-overlay","11":"woocommerce-text-align-center","12":"woocommerce-image-align-center","13":"do-quantity-buttons","15":"first","16":"instock","17":"shipping-taxable","18":"product-type-simple"},"acf":[],"_links":{"self":[{"href":"https:\/\/oroel.com\/fr\/wp-json\/wp\/v2\/product\/22738","targetHints":{"allow":["GET"]}}],"collection":[{"href":"https:\/\/oroel.com\/fr\/wp-json\/wp\/v2\/product"}],"about":[{"href":"https:\/\/oroel.com\/fr\/wp-json\/wp\/v2\/types\/product"}],"replies":[{"embeddable":true,"href":"https:\/\/oroel.com\/fr\/wp-json\/wp\/v2\/comments?post=22738"}],"wp:featuredmedia":[{"embeddable":true,"href":"https:\/\/oroel.com\/fr\/wp-json\/wp\/v2\/media\/20297"}],"wp:attachment":[{"href":"https:\/\/oroel.com\/fr\/wp-json\/wp\/v2\/media?parent=22738"}],"wp:term":[{"taxonomy":"product_brand","embeddable":true,"href":"https:\/\/oroel.com\/fr\/wp-json\/wp\/v2\/product_brand?post=22738"},{"taxonomy":"product_cat","embeddable":true,"href":"https:\/\/oroel.com\/fr\/wp-json\/wp\/v2\/product_cat?post=22738"},{"taxonomy":"product_tag","embeddable":true,"href":"https:\/\/oroel.com\/fr\/wp-json\/wp\/v2\/product_tag?post=22738"}],"curies":[{"name":"wp","href":"https:\/\/api.w.org\/{rel}","templated":true}]}}