{"id":22737,"date":"2025-06-18T09:46:01","date_gmt":"2025-06-18T09:46:01","guid":{"rendered":"https:\/\/oroel.com\/producto\/pantalon-ferme-orange-reflechissant\/"},"modified":"2025-06-18T09:46:01","modified_gmt":"2025-06-18T09:46:01","slug":"pantalon-ferme-orange-reflechissant","status":"publish","type":"product","link":"https:\/\/oroel.com\/fr\/producto\/pantalon-ferme-orange-reflechissant\/","title":{"rendered":"Pantalon ferm\u00e9 orange r\u00e9fl\u00e9chissant"},"content":{"rendered":"<p>Dans les situations de travail o\u00f9 les conditions sont sombres ou o\u00f9 des v\u00e9hicules ou des charges tr\u00e8s lourds sont travaill\u00e9s, il est essentiel que les employ\u00e9s soient bien prot\u00e9g\u00e9s avec des v\u00eatements \u00e0 haute visibilit\u00e9, qui offrent un maximum de s\u00e9curit\u00e9 et de confort dans tous les travaux que l\u2019op\u00e9rateur doit effectuer.<\/p>\n<p>Ce pantalon orange haute visibilit\u00e9 est dot\u00e9 de bandes r\u00e9fl\u00e9chissantes sur les membres inf\u00e9rieurs du pantalon. Il est compos\u00e9 de 60&nbsp;% de coton et de 40&nbsp;% de polyester. Il se ferme \u00e0 l\u2019aide d\u2019une fermeture \u00e9clair de pantalon de base et se termine par un bouton pour assurer un meilleur maintien et confort.  <\/p>\n<p>Il dispose d\u2019une grande poche lat\u00e9rale avec fermeture velcro et a une taille r\u00e9glable et des genoux fa\u00e7onn\u00e9s. Ses couleurs et ses bandes r\u00e9fl\u00e9chissantes permettent au travailleur d\u2019\u00eatre visible en toute circonstance, m\u00eame en p\u00e9riode de faible luminosit\u00e9 et d\u2019obscurit\u00e9. <\/p>\n<h3>Pantalon ferm\u00e9 orange r\u00e9fl\u00e9chissant E397288B8<\/h3>\n<p><strong>EN ISO 20471<\/strong> : ce certificat international garantit que le v\u00eatement garantit une visibilit\u00e9 maximale pour le porteur dans des environnements \u00e0 haut risque.<\/p>\n","protected":false},"excerpt":{"rendered":"<p>Taille ajustable. Genoux fa\u00e7onn\u00e9s.<br \/>\nComposition&nbsp;: 60&nbsp;% coton &#8211; 40&nbsp;% polyester, 240 g\/m\u00b2 <\/p>\n","protected":false},"featured_media":20321,"comment_status":"closed","ping_status":"closed","template":"","meta":{"_acf_changed":false},"product_brand":[],"product_cat":[182,146,176],"product_tag":[],"class_list":{"0":"post-22737","1":"product","2":"type-product","3":"status-publish","4":"has-post-thumbnail","6":"product_cat-pantalon-a-v-vetements-haute-visibilite","7":"product_cat-vetements-de-travail-industriels","8":"product_cat-vetements-haute-visibilite","9":"resize-featured-image","10":"sales-flash-overlay","11":"woocommerce-text-align-center","12":"woocommerce-image-align-center","13":"do-quantity-buttons","15":"first","16":"instock","17":"shipping-taxable","18":"product-type-simple"},"acf":[],"_links":{"self":[{"href":"https:\/\/oroel.com\/fr\/wp-json\/wp\/v2\/product\/22737","targetHints":{"allow":["GET"]}}],"collection":[{"href":"https:\/\/oroel.com\/fr\/wp-json\/wp\/v2\/product"}],"about":[{"href":"https:\/\/oroel.com\/fr\/wp-json\/wp\/v2\/types\/product"}],"replies":[{"embeddable":true,"href":"https:\/\/oroel.com\/fr\/wp-json\/wp\/v2\/comments?post=22737"}],"wp:featuredmedia":[{"embeddable":true,"href":"https:\/\/oroel.com\/fr\/wp-json\/wp\/v2\/media\/20321"}],"wp:attachment":[{"href":"https:\/\/oroel.com\/fr\/wp-json\/wp\/v2\/media?parent=22737"}],"wp:term":[{"taxonomy":"product_brand","embeddable":true,"href":"https:\/\/oroel.com\/fr\/wp-json\/wp\/v2\/product_brand?post=22737"},{"taxonomy":"product_cat","embeddable":true,"href":"https:\/\/oroel.com\/fr\/wp-json\/wp\/v2\/product_cat?post=22737"},{"taxonomy":"product_tag","embeddable":true,"href":"https:\/\/oroel.com\/fr\/wp-json\/wp\/v2\/product_tag?post=22737"}],"curies":[{"name":"wp","href":"https:\/\/api.w.org\/{rel}","templated":true}]}}