{"id":22734,"date":"2025-06-18T09:46:00","date_gmt":"2025-06-18T09:46:00","guid":{"rendered":"https:\/\/oroel.com\/producto\/sweat-shirt-haute-visibilite-orange-et-noir\/"},"modified":"2025-06-18T09:46:00","modified_gmt":"2025-06-18T09:46:00","slug":"sweat-shirt-haute-visibilite-orange-et-noir","status":"publish","type":"product","link":"https:\/\/oroel.com\/fr\/producto\/sweat-shirt-haute-visibilite-orange-et-noir\/","title":{"rendered":"Sweat-shirt haute visibilit\u00e9 orange et noir"},"content":{"rendered":"<p>\u00catre vu \u00e0 temps peut sauver des vies, et gr\u00e2ce aux v\u00eatements de protection \u00e0 haute visibilit\u00e9, nous pouvons garantir la s\u00e9curit\u00e9 de tous les op\u00e9rateurs et travailleurs qui op\u00e8rent dans des environnements \u00e0 faible visibilit\u00e9, soit en raison des conditions m\u00e9t\u00e9orologiques, soit en raison des activit\u00e9s nocturnes qu\u2019ils doivent effectuer.<\/p>\n<p>Cette combinaison orange et noire haute visibilit\u00e9 couvre absolument l\u2019ensemble du corps offrant au collaborateur un maximum de s\u00e9curit\u00e9 en termes de visibilit\u00e9.<\/p>\n<p>Sa composition est \u00e0 base de 60&nbsp;% de coton et 40&nbsp;% de polyester. De plus, son format de fermeture se compose d\u2019une fermeture \u00e9clair velcro, comprenant des poches pour plus de confort. <\/p>\n<p>Les couleurs vives et les grandes zones r\u00e9fl\u00e9chissantes garantissent que, qu\u2019il y ait de la lumi\u00e8re ou non, la personne qui porte le v\u00eatement sera correctement signal\u00e9e \u00e0 tout moment.<\/p>\n<h3>Combinaison haute visibilit\u00e9 orange et noire standard A134288B8<\/h3>\n<p><strong>EN ISO 20471 :<\/strong> Cette norme de s\u00e9curit\u00e9 internationale certifie que le v\u00eatement est adapt\u00e9 \u00e0 une utilisation dans des situations o\u00f9 une bonne visibilit\u00e9 de l\u2019employ\u00e9 est n\u00e9cessaire.<\/p>\n","protected":false},"excerpt":{"rendered":"<p>Passepoil r\u00e9fl\u00e9chissant sur les empi\u00e8cements. Avec fermeture \u00e9clair et velcro.<br \/>\nComposition&nbsp;: 60&nbsp;% coton &#8211; 40&nbsp;% polyester, 240 g\/m\u00b2 <\/p>\n","protected":false},"featured_media":20307,"comment_status":"closed","ping_status":"closed","template":"","meta":{"_acf_changed":false},"product_brand":[],"product_cat":[193,146,176],"product_tag":[],"class_list":{"0":"post-22734","1":"product","2":"type-product","3":"status-publish","4":"has-post-thumbnail","6":"product_cat-divers-a-v","7":"product_cat-vetements-de-travail-industriels","8":"product_cat-vetements-haute-visibilite","9":"resize-featured-image","10":"sales-flash-overlay","11":"woocommerce-text-align-center","12":"woocommerce-image-align-center","13":"do-quantity-buttons","15":"first","16":"instock","17":"shipping-taxable","18":"product-type-simple"},"acf":[],"_links":{"self":[{"href":"https:\/\/oroel.com\/fr\/wp-json\/wp\/v2\/product\/22734","targetHints":{"allow":["GET"]}}],"collection":[{"href":"https:\/\/oroel.com\/fr\/wp-json\/wp\/v2\/product"}],"about":[{"href":"https:\/\/oroel.com\/fr\/wp-json\/wp\/v2\/types\/product"}],"replies":[{"embeddable":true,"href":"https:\/\/oroel.com\/fr\/wp-json\/wp\/v2\/comments?post=22734"}],"wp:featuredmedia":[{"embeddable":true,"href":"https:\/\/oroel.com\/fr\/wp-json\/wp\/v2\/media\/20307"}],"wp:attachment":[{"href":"https:\/\/oroel.com\/fr\/wp-json\/wp\/v2\/media?parent=22734"}],"wp:term":[{"taxonomy":"product_brand","embeddable":true,"href":"https:\/\/oroel.com\/fr\/wp-json\/wp\/v2\/product_brand?post=22734"},{"taxonomy":"product_cat","embeddable":true,"href":"https:\/\/oroel.com\/fr\/wp-json\/wp\/v2\/product_cat?post=22734"},{"taxonomy":"product_tag","embeddable":true,"href":"https:\/\/oroel.com\/fr\/wp-json\/wp\/v2\/product_tag?post=22734"}],"curies":[{"name":"wp","href":"https:\/\/api.w.org\/{rel}","templated":true}]}}