{"id":22733,"date":"2025-06-18T09:46:00","date_gmt":"2025-06-18T09:46:00","guid":{"rendered":"https:\/\/oroel.com\/producto\/cuissardes-jaunes-a-la-tronconneuse\/"},"modified":"2025-06-18T09:46:00","modified_gmt":"2025-06-18T09:46:00","slug":"cuissardes-jaunes-a-la-tronconneuse","status":"publish","type":"product","link":"https:\/\/oroel.com\/fr\/producto\/cuissardes-jaunes-a-la-tronconneuse\/","title":{"rendered":"Cuissardes jaunes \u00e0 la tron\u00e7onneuse"},"content":{"rendered":"<p>Jambi\u00e8res anti-coupure avec ceinture \u00e9lastique.<\/p>\n<p>La ceinture et ses caract\u00e9ristiques font de ces jambes un v\u00eatement tr\u00e8s confortable, ce qui est essentiel pour ce type de travail.<\/p>\n<p>Ces <strong>tours de cuisse de tron\u00e7onneuse r\u00e9sistants aux coupures<\/strong> sont con\u00e7us pour effectuer des travaux n\u00e9cessitant la plus grande s\u00e9curit\u00e9 possible.<\/p>\n<p>Fabriqu\u00e9s en polyester et en coton, ils sont conformes \u00e0 toutes les r\u00e9glementations en vigueur.<\/p>\n","protected":false},"excerpt":{"rendered":"<p>V\u00eatement jaune et vert avec surface r\u00e9fl\u00e9chissante sur les jambes. La doublure int\u00e9rieure est multicouche de protection anti-coupure.<br \/>\nComposition : 65&nbsp;% polyester &#8211; 35&nbsp;% coton, 200 g\/m\u00b2 <\/p>\n<p><strong>CLASSE 2<\/strong><\/p>\n<p><strong>TYPE A<\/strong><\/p>\n","protected":false},"featured_media":20299,"comment_status":"closed","ping_status":"closed","template":"","meta":{"_acf_changed":false},"product_brand":[],"product_cat":[224,146,216],"product_tag":[],"class_list":{"0":"post-22733","1":"product","2":"type-product","3":"status-publish","4":"has-post-thumbnail","6":"product_cat-tours-de-cuisse-resistants-aux-coupures","7":"product_cat-vetements-de-travail-industriels","8":"product_cat-vetements-resistants-aux-coupures-pour-tronconneuses","9":"resize-featured-image","10":"sales-flash-overlay","11":"woocommerce-text-align-center","12":"woocommerce-image-align-center","13":"do-quantity-buttons","15":"first","16":"instock","17":"shipping-taxable","18":"product-type-simple"},"acf":[],"_links":{"self":[{"href":"https:\/\/oroel.com\/fr\/wp-json\/wp\/v2\/product\/22733","targetHints":{"allow":["GET"]}}],"collection":[{"href":"https:\/\/oroel.com\/fr\/wp-json\/wp\/v2\/product"}],"about":[{"href":"https:\/\/oroel.com\/fr\/wp-json\/wp\/v2\/types\/product"}],"replies":[{"embeddable":true,"href":"https:\/\/oroel.com\/fr\/wp-json\/wp\/v2\/comments?post=22733"}],"wp:featuredmedia":[{"embeddable":true,"href":"https:\/\/oroel.com\/fr\/wp-json\/wp\/v2\/media\/20299"}],"wp:attachment":[{"href":"https:\/\/oroel.com\/fr\/wp-json\/wp\/v2\/media?parent=22733"}],"wp:term":[{"taxonomy":"product_brand","embeddable":true,"href":"https:\/\/oroel.com\/fr\/wp-json\/wp\/v2\/product_brand?post=22733"},{"taxonomy":"product_cat","embeddable":true,"href":"https:\/\/oroel.com\/fr\/wp-json\/wp\/v2\/product_cat?post=22733"},{"taxonomy":"product_tag","embeddable":true,"href":"https:\/\/oroel.com\/fr\/wp-json\/wp\/v2\/product_tag?post=22733"}],"curies":[{"name":"wp","href":"https:\/\/api.w.org\/{rel}","templated":true}]}}