{"id":22731,"date":"2025-06-18T09:46:00","date_gmt":"2025-06-18T09:46:00","guid":{"rendered":"https:\/\/oroel.com\/producto\/chemise-fermee-avec-passepoils-reflechissants\/"},"modified":"2025-06-18T09:46:00","modified_gmt":"2025-06-18T09:46:00","slug":"chemise-fermee-avec-passepoils-reflechissants","status":"publish","type":"product","link":"https:\/\/oroel.com\/fr\/producto\/chemise-fermee-avec-passepoils-reflechissants\/","title":{"rendered":"Chemise ferm\u00e9e avec passepoils r\u00e9fl\u00e9chissants"},"content":{"rendered":"<p>Lorsqu\u2019il s\u2019agit de former une combinaison de protection deux pi\u00e8ces r\u00e9fl\u00e9chissante et haute visibilit\u00e9, il existe plusieurs options pour les parties sup\u00e9rieure et inf\u00e9rieure.<\/p>\n<p>Cette chemise ferm\u00e9e avec des boutons r\u00e9fl\u00e9chissants offre quelques avantages tels que des poches poitrine, une couverture du cou jusqu\u2019au milieu du cou, des poignets ajust\u00e9s et des boutons passepoil r\u00e9fl\u00e9chissants.<\/p>\n<p>Sa composition est \u00e0 base de 50&nbsp;% de coton et 50&nbsp;% de polyester. Il attire l\u2019attention sur le poids r\u00e9duit du mat\u00e9riau qui est de 180 g\/m\u00b2, ce qui rend la chemise l\u00e9g\u00e8re tout en prot\u00e9geant toujours le travailleur. <\/p>\n<p>Il dispose \u00e9galement d\u2019\u00e9paisses bandes r\u00e9fl\u00e9chissantes \u00e0 la fois sur le tronc et sur les manches, qui assurent sans aucun doute la visibilit\u00e9 du travailleur pour \u00e9viter les accidents et pr\u00e9venir tout type de risque professionnel.<\/p>\n<h3>Chemise ferm\u00e9e avec boutons-pression r\u00e9fl\u00e9chissants G289897B8<\/h3>\n<p><strong>EN ISO 20471 :<\/strong> ce certificat international garantit que les v\u00eatements de travail sont visibles de jour comme de nuit, quel que soit l\u2019angle o\u00f9 ils sont plac\u00e9s.<\/p>\n","protected":false},"excerpt":{"rendered":"<p>Passepoil r\u00e9fl\u00e9chissant sur les empi\u00e8cements.<br \/>\nComposition : 50&nbsp;% coton &#8211; 50&nbsp;% polyester, 180 g\/m\u00b2<\/p>\n","protected":false},"featured_media":929,"comment_status":"closed","ping_status":"closed","template":"","meta":{"_acf_changed":false},"product_brand":[],"product_cat":[146,176],"product_tag":[],"class_list":{"0":"post-22731","1":"product","2":"type-product","3":"status-publish","4":"has-post-thumbnail","6":"product_cat-vetements-de-travail-industriels","7":"product_cat-vetements-haute-visibilite","8":"resize-featured-image","9":"sales-flash-overlay","10":"woocommerce-text-align-center","11":"woocommerce-image-align-center","12":"do-quantity-buttons","14":"first","15":"instock","16":"shipping-taxable","17":"product-type-simple"},"acf":[],"_links":{"self":[{"href":"https:\/\/oroel.com\/fr\/wp-json\/wp\/v2\/product\/22731","targetHints":{"allow":["GET"]}}],"collection":[{"href":"https:\/\/oroel.com\/fr\/wp-json\/wp\/v2\/product"}],"about":[{"href":"https:\/\/oroel.com\/fr\/wp-json\/wp\/v2\/types\/product"}],"replies":[{"embeddable":true,"href":"https:\/\/oroel.com\/fr\/wp-json\/wp\/v2\/comments?post=22731"}],"wp:featuredmedia":[{"embeddable":true,"href":"https:\/\/oroel.com\/fr\/wp-json\/wp\/v2\/media\/929"}],"wp:attachment":[{"href":"https:\/\/oroel.com\/fr\/wp-json\/wp\/v2\/media?parent=22731"}],"wp:term":[{"taxonomy":"product_brand","embeddable":true,"href":"https:\/\/oroel.com\/fr\/wp-json\/wp\/v2\/product_brand?post=22731"},{"taxonomy":"product_cat","embeddable":true,"href":"https:\/\/oroel.com\/fr\/wp-json\/wp\/v2\/product_cat?post=22731"},{"taxonomy":"product_tag","embeddable":true,"href":"https:\/\/oroel.com\/fr\/wp-json\/wp\/v2\/product_tag?post=22731"}],"curies":[{"name":"wp","href":"https:\/\/api.w.org\/{rel}","templated":true}]}}