{"id":22728,"date":"2025-06-18T09:46:00","date_gmt":"2025-06-18T09:46:00","guid":{"rendered":"https:\/\/oroel.com\/producto\/veste-fermee-reflechissante\/"},"modified":"2025-06-18T09:46:00","modified_gmt":"2025-06-18T09:46:00","slug":"veste-fermee-reflechissante","status":"publish","type":"product","link":"https:\/\/oroel.com\/fr\/producto\/veste-fermee-reflechissante\/","title":{"rendered":"Veste ferm\u00e9e r\u00e9fl\u00e9chissante"},"content":{"rendered":"<p>Lorsqu\u2019il est n\u00e9cessaire d\u2019utiliser des v\u00eatements r\u00e9fl\u00e9chissants haute visibilit\u00e9 et que les temp\u00e9ratures ne sont pas id\u00e9ales, cette veste r\u00e9fl\u00e9chissante offre une s\u00e9curit\u00e9, une chaleur et un confort complets.<\/p>\n<p>Il est compos\u00e9 \u00e0 60&nbsp;% de coton et 40&nbsp;% de polyester, et poss\u00e8de des poignets et une taille r\u00e9glables ainsi qu\u2019un double col pour emp\u00eacher le froid d\u2019entrer. Ses trois poches \u00e0 l\u2019avant rendront le travail de l\u2019employ\u00e9 plus confortable lors de l\u2019ex\u00e9cution de l\u2019une de ses t\u00e2ches. <\/p>\n<p>Avec ce v\u00eatement, il est plus facile pour les conducteurs d\u2019\u00eatre vus plus facilement car l\u2019\u0153il humain r\u00e9agit mieux et plus rapidement aux gros objets lumineux en mouvement.<\/p>\n<h3>Veste ferm\u00e9e r\u00e9fl\u00e9chissante Rules D230288B8<\/h3>\n<p><strong>EN ISO 20471 :<\/strong> ce certificat garantit que le v\u00eatement a un niveau minimum de mat\u00e9riau fluorescent qui le rend adapt\u00e9 \u00e0 une utilisation dans des conditions de faible visibilit\u00e9.<\/p>\n","protected":false},"excerpt":{"rendered":"<p>Poignets et taille r\u00e9glables. Passepoil r\u00e9fl\u00e9chissant sur les empi\u00e8cements.<br \/>\nComposition&nbsp;: 60&nbsp;% coton &#8211; 40&nbsp;% polyester, 240 g\/m\u00b2 <\/p>\n","protected":false},"featured_media":20311,"comment_status":"closed","ping_status":"closed","template":"","meta":{"_acf_changed":false},"product_brand":[],"product_cat":[150,226,146,176],"product_tag":[],"class_list":{"0":"post-22728","1":"product","2":"type-product","3":"status-publish","4":"has-post-thumbnail","6":"product_cat-veste-de-travail","7":"product_cat-vestes-a-v","8":"product_cat-vetements-de-travail-industriels","9":"product_cat-vetements-haute-visibilite","10":"resize-featured-image","11":"sales-flash-overlay","12":"woocommerce-text-align-center","13":"woocommerce-image-align-center","14":"do-quantity-buttons","16":"first","17":"instock","18":"shipping-taxable","19":"product-type-simple"},"acf":[],"_links":{"self":[{"href":"https:\/\/oroel.com\/fr\/wp-json\/wp\/v2\/product\/22728","targetHints":{"allow":["GET"]}}],"collection":[{"href":"https:\/\/oroel.com\/fr\/wp-json\/wp\/v2\/product"}],"about":[{"href":"https:\/\/oroel.com\/fr\/wp-json\/wp\/v2\/types\/product"}],"replies":[{"embeddable":true,"href":"https:\/\/oroel.com\/fr\/wp-json\/wp\/v2\/comments?post=22728"}],"wp:featuredmedia":[{"embeddable":true,"href":"https:\/\/oroel.com\/fr\/wp-json\/wp\/v2\/media\/20311"}],"wp:attachment":[{"href":"https:\/\/oroel.com\/fr\/wp-json\/wp\/v2\/media?parent=22728"}],"wp:term":[{"taxonomy":"product_brand","embeddable":true,"href":"https:\/\/oroel.com\/fr\/wp-json\/wp\/v2\/product_brand?post=22728"},{"taxonomy":"product_cat","embeddable":true,"href":"https:\/\/oroel.com\/fr\/wp-json\/wp\/v2\/product_cat?post=22728"},{"taxonomy":"product_tag","embeddable":true,"href":"https:\/\/oroel.com\/fr\/wp-json\/wp\/v2\/product_tag?post=22728"}],"curies":[{"name":"wp","href":"https:\/\/api.w.org\/{rel}","templated":true}]}}