{"id":22724,"date":"2025-06-18T09:46:00","date_gmt":"2025-06-18T09:46:00","guid":{"rendered":"https:\/\/oroel.com\/producto\/caban-haute-visibilite-rembourre-et-impermeable-orange\/"},"modified":"2025-06-18T09:46:00","modified_gmt":"2025-06-18T09:46:00","slug":"caban-haute-visibilite-rembourre-et-impermeable-orange","status":"publish","type":"product","link":"https:\/\/oroel.com\/fr\/producto\/caban-haute-visibilite-rembourre-et-impermeable-orange\/","title":{"rendered":"Caban haute visibilit\u00e9 rembourr\u00e9 et imperm\u00e9able orange"},"content":{"rendered":"<p>Cette veste imperm\u00e9able haute visibilit\u00e9 est un v\u00eatement id\u00e9al pour garantir <strong>une visibilit\u00e9 maximale<\/strong> \u00e0 celui qui le porte, tout en apportant un maximum de confort et de s\u00e9curit\u00e9.<\/p>\n<p>Son <strong>tissu imperm\u00e9able<\/strong> prot\u00e8ge le travailleur de la pluie et de l\u2019humidit\u00e9 afin qu\u2019il se sente un maximum de confort dans l\u2019ex\u00e9cution de son travail. De plus, il dispose d\u2019une capuche cach\u00e9e qui peut \u00eatre utilis\u00e9e dans des conditions m\u00e9t\u00e9orologiques d\u00e9favorables. <\/p>\n<p>D\u2019autre part, cette veste imperm\u00e9able orange avec des d\u00e9tails bleu marine poss\u00e8de plusieurs <strong>bandes r\u00e9fl\u00e9chissantes<\/strong> qui en font un v\u00eatement de protection haute visibilit\u00e9, car elle garantit la signalisation visuelle correcte de tous ceux qui le portent.<\/p>\n<p>Concernant sa composition, ce caban haute visibilit\u00e9 a \u00e9t\u00e9 fabriqu\u00e9 avec du 100&nbsp;% polyester avec du polyur\u00e9thane. Son isolation thermique contient 100&nbsp;% de polyester et sa doublure a le m\u00eame mat\u00e9riau, mais avec un poids inf\u00e9rieur. <\/p>\n<p>De plus, ses <strong>trois poches<\/strong> situ\u00e9es sur le haut du devant et sur les c\u00f4t\u00e9s en font un v\u00eatement confortable et tr\u00e8s pratique. Sa fermeture comprend une fermeture \u00e9clair et des boutons \u00e0 l\u2019ext\u00e9rieur qui le laissent cach\u00e9. <\/p>\n<h3>Normes du caban haute visibilit\u00e9 orange H094175B8-ST rembourr\u00e9 et imperm\u00e9able<\/h3>\n<p><strong>EN ISO 20471 :<\/strong> cette norme internationale jette les bases sur lesquelles les v\u00eatements \u00e0 haute visibilit\u00e9 sont r\u00e9glement\u00e9s afin de garantir une signalisation correcte du travailleur.<\/p>\n<p><strong>EN 343 :<\/strong> les v\u00eatements de protection certifi\u00e9s selon la norme EN 343 offrent une protection contre la pluie, tout en assurant une bonne respirabilit\u00e9 du v\u00eatement.<\/p>\n<p><strong>EN 14058 :<\/strong> cette norme \u00e9tablit les exigences et les m\u00e9thodes d\u2019essai pour les v\u00eatements qui prot\u00e8gent le corps des environnements froids. Un environnement froid se caract\u00e9rise par la combinaison possible de l\u2019humidit\u00e9 et du vent \u00e0 une temp\u00e9rature de -5\u00baC ou plus. <\/p>\n","protected":false},"excerpt":{"rendered":"<p>Veste de protection imperm\u00e9able avec capuche r\u00e9tractable d\u2019Oroel.<br \/>\nComposition&nbsp;: Mati\u00e8re principale&nbsp;: 100&nbsp;% polyester avec polyur\u00e9thane, 160 g\/m\u00b2<br \/>\nIsolation thermique&nbsp;: 100&nbsp;% polyester, 100 g\/m\u00b2<br \/>\nDoublure&nbsp;: 100&nbsp;% polyester, 50 g\/m\u00b2<\/p>\n","protected":false},"featured_media":20313,"comment_status":"closed","ping_status":"closed","template":"","meta":{"_acf_changed":false},"product_brand":[],"product_cat":[190,146,176],"product_tag":[],"class_list":{"0":"post-22724","1":"product","2":"type-product","3":"status-publish","4":"has-post-thumbnail","6":"product_cat-parkas-a-v-fr","7":"product_cat-vetements-de-travail-industriels","8":"product_cat-vetements-haute-visibilite","9":"resize-featured-image","10":"sales-flash-overlay","11":"woocommerce-text-align-center","12":"woocommerce-image-align-center","13":"do-quantity-buttons","15":"first","16":"instock","17":"shipping-taxable","18":"product-type-simple"},"acf":[],"_links":{"self":[{"href":"https:\/\/oroel.com\/fr\/wp-json\/wp\/v2\/product\/22724","targetHints":{"allow":["GET"]}}],"collection":[{"href":"https:\/\/oroel.com\/fr\/wp-json\/wp\/v2\/product"}],"about":[{"href":"https:\/\/oroel.com\/fr\/wp-json\/wp\/v2\/types\/product"}],"replies":[{"embeddable":true,"href":"https:\/\/oroel.com\/fr\/wp-json\/wp\/v2\/comments?post=22724"}],"wp:featuredmedia":[{"embeddable":true,"href":"https:\/\/oroel.com\/fr\/wp-json\/wp\/v2\/media\/20313"}],"wp:attachment":[{"href":"https:\/\/oroel.com\/fr\/wp-json\/wp\/v2\/media?parent=22724"}],"wp:term":[{"taxonomy":"product_brand","embeddable":true,"href":"https:\/\/oroel.com\/fr\/wp-json\/wp\/v2\/product_brand?post=22724"},{"taxonomy":"product_cat","embeddable":true,"href":"https:\/\/oroel.com\/fr\/wp-json\/wp\/v2\/product_cat?post=22724"},{"taxonomy":"product_tag","embeddable":true,"href":"https:\/\/oroel.com\/fr\/wp-json\/wp\/v2\/product_tag?post=22724"}],"curies":[{"name":"wp","href":"https:\/\/api.w.org\/{rel}","templated":true}]}}