{"id":22723,"date":"2025-06-18T09:45:43","date_gmt":"2025-06-18T09:45:43","guid":{"rendered":"https:\/\/oroel.com\/producto\/pantalon-anti-coupure-tronconneuse-jaune\/"},"modified":"2025-06-18T09:45:43","modified_gmt":"2025-06-18T09:45:43","slug":"pantalon-anti-coupure-tronconneuse-jaune","status":"publish","type":"product","link":"https:\/\/oroel.com\/fr\/producto\/pantalon-anti-coupure-tronconneuse-jaune\/","title":{"rendered":"Pantalon anti-coupure tron\u00e7onneuse jaune"},"content":{"rendered":"<p>Ce <strong>pantalon r\u00e9sistant aux coupures <\/strong>avec fermeture \u00e9clair et bouton vous apportera la s\u00e9curit\u00e9 n\u00e9cessaire \u00e0 tous points de vue. Sa couleur et sa bande r\u00e9fl\u00e9chissante vous rendront visible \u00e0 toutes fins utiles. <\/p>\n<p>D\u2019autre part, gr\u00e2ce \u00e0 la qualit\u00e9 de sa fabrication, il vous offrira une s\u00e9curit\u00e9 physique, car il contient une couche de fibres r\u00e9sistantes pour l\u2019antivol \u00e0 la tron\u00e7onneuse.<\/p>\n<p>Le pantalon anti-coupure \u00e0 la tron\u00e7onneuse est fabriqu\u00e9 en polyester et en coton.<\/p>\n","protected":false},"excerpt":{"rendered":"<p>Ceinture \u00e9lastique. Doublure multicouche pour une protection anti-coupure.<br \/>\nComposition : 65&nbsp;% polyester &#8211; 35&nbsp;% coton, 200 g\/m\u00b2 <\/p>\n<p><strong>CLASSE 2<\/strong><\/p>\n<p><strong>TYPE A<\/strong><\/p>\n","protected":false},"featured_media":20295,"comment_status":"closed","ping_status":"closed","template":"","meta":{"_acf_changed":false},"product_brand":[],"product_cat":[223,146,216],"product_tag":[],"class_list":{"0":"post-22723","1":"product","2":"type-product","3":"status-publish","4":"has-post-thumbnail","6":"product_cat-pantalon-anti-coupure","7":"product_cat-vetements-de-travail-industriels","8":"product_cat-vetements-resistants-aux-coupures-pour-tronconneuses","9":"resize-featured-image","10":"sales-flash-overlay","11":"woocommerce-text-align-center","12":"woocommerce-image-align-center","13":"do-quantity-buttons","15":"first","16":"instock","17":"shipping-taxable","18":"product-type-simple"},"acf":[],"_links":{"self":[{"href":"https:\/\/oroel.com\/fr\/wp-json\/wp\/v2\/product\/22723","targetHints":{"allow":["GET"]}}],"collection":[{"href":"https:\/\/oroel.com\/fr\/wp-json\/wp\/v2\/product"}],"about":[{"href":"https:\/\/oroel.com\/fr\/wp-json\/wp\/v2\/types\/product"}],"replies":[{"embeddable":true,"href":"https:\/\/oroel.com\/fr\/wp-json\/wp\/v2\/comments?post=22723"}],"wp:featuredmedia":[{"embeddable":true,"href":"https:\/\/oroel.com\/fr\/wp-json\/wp\/v2\/media\/20295"}],"wp:attachment":[{"href":"https:\/\/oroel.com\/fr\/wp-json\/wp\/v2\/media?parent=22723"}],"wp:term":[{"taxonomy":"product_brand","embeddable":true,"href":"https:\/\/oroel.com\/fr\/wp-json\/wp\/v2\/product_brand?post=22723"},{"taxonomy":"product_cat","embeddable":true,"href":"https:\/\/oroel.com\/fr\/wp-json\/wp\/v2\/product_cat?post=22723"},{"taxonomy":"product_tag","embeddable":true,"href":"https:\/\/oroel.com\/fr\/wp-json\/wp\/v2\/product_tag?post=22723"}],"curies":[{"name":"wp","href":"https:\/\/api.w.org\/{rel}","templated":true}]}}