{"id":22717,"date":"2025-06-18T09:45:43","date_gmt":"2025-06-18T09:45:43","guid":{"rendered":"https:\/\/oroel.com\/producto\/pantalon-anti-coupure-vert-a-la-tronconneuse\/"},"modified":"2025-06-18T09:45:43","modified_gmt":"2025-06-18T09:45:43","slug":"pantalon-anti-coupure-vert-a-la-tronconneuse","status":"publish","type":"product","link":"https:\/\/oroel.com\/fr\/producto\/pantalon-anti-coupure-vert-a-la-tronconneuse\/","title":{"rendered":"Pantalon anti-coupure vert \u00e0 la tron\u00e7onneuse"},"content":{"rendered":"<p><span style=\"vertical-align: inherit;\"><span style=\"vertical-align: inherit;\">Ce pantalon r\u00e9sistant aux coupures avec fermeture \u00e9clair et bouton assure une protection maximale contre les tron\u00e7onneuses.<\/span><\/span><\/p>\n<p><span style=\"vertical-align: inherit;\"><span style=\"vertical-align: inherit;\">Fabriqu\u00e9 en polyester et en coton, il contient une couche de fibres qui provoque l\u2019arr\u00eat instantan\u00e9 de la tron\u00e7onneuse.<\/span><\/span><\/p>\n<p><span style=\"vertical-align: inherit;\"><span style=\"vertical-align: inherit;\">De plus, le <\/span><\/span><strong><span style=\"vertical-align: inherit;\"><span style=\"vertical-align: inherit;\">pantalon anti-coupure<\/span><\/span><\/strong><span style=\"vertical-align: inherit;\"><span style=\"vertical-align: inherit;\"> comprend une ceinture \u00e9lastique qui lui donne le confort n\u00e9cessaire.<\/span><\/span><\/p>\n<p><span style=\"vertical-align: inherit;\"><span style=\"vertical-align: inherit;\">Conforme \u00e0 toutes les r\u00e8gles et r\u00e9glementations pertinentes.<\/span><\/span><\/p>\n","protected":false},"excerpt":{"rendered":"<p><span style=\"vertical-align: inherit;\"><span style=\"vertical-align: inherit;\">Avec ceinture \u00e9lastique. <\/span><span style=\"vertical-align: inherit;\">Doublure multicouche pour une protection anti-coupure. <\/span><\/span><br \/>\n<span style=\"vertical-align: inherit;\"><span style=\"vertical-align: inherit;\">Composition : 65&nbsp;% polyester &#8211; 35&nbsp;% coton, 200 g\/m\u00b2<\/span><\/span><\/p>\n<p><strong>CLASSE 2<\/strong><\/p>\n<p><strong>TYPE A<\/strong><\/p>\n","protected":false},"featured_media":20287,"comment_status":"closed","ping_status":"closed","template":"","meta":{"_acf_changed":false},"product_brand":[],"product_cat":[223,146,216],"product_tag":[],"class_list":{"0":"post-22717","1":"product","2":"type-product","3":"status-publish","4":"has-post-thumbnail","6":"product_cat-pantalon-anti-coupure","7":"product_cat-vetements-de-travail-industriels","8":"product_cat-vetements-resistants-aux-coupures-pour-tronconneuses","9":"resize-featured-image","10":"sales-flash-overlay","11":"woocommerce-text-align-center","12":"woocommerce-image-align-center","13":"do-quantity-buttons","15":"first","16":"instock","17":"shipping-taxable","18":"product-type-simple"},"acf":[],"_links":{"self":[{"href":"https:\/\/oroel.com\/fr\/wp-json\/wp\/v2\/product\/22717","targetHints":{"allow":["GET"]}}],"collection":[{"href":"https:\/\/oroel.com\/fr\/wp-json\/wp\/v2\/product"}],"about":[{"href":"https:\/\/oroel.com\/fr\/wp-json\/wp\/v2\/types\/product"}],"replies":[{"embeddable":true,"href":"https:\/\/oroel.com\/fr\/wp-json\/wp\/v2\/comments?post=22717"}],"wp:featuredmedia":[{"embeddable":true,"href":"https:\/\/oroel.com\/fr\/wp-json\/wp\/v2\/media\/20287"}],"wp:attachment":[{"href":"https:\/\/oroel.com\/fr\/wp-json\/wp\/v2\/media?parent=22717"}],"wp:term":[{"taxonomy":"product_brand","embeddable":true,"href":"https:\/\/oroel.com\/fr\/wp-json\/wp\/v2\/product_brand?post=22717"},{"taxonomy":"product_cat","embeddable":true,"href":"https:\/\/oroel.com\/fr\/wp-json\/wp\/v2\/product_cat?post=22717"},{"taxonomy":"product_tag","embeddable":true,"href":"https:\/\/oroel.com\/fr\/wp-json\/wp\/v2\/product_tag?post=22717"}],"curies":[{"name":"wp","href":"https:\/\/api.w.org\/{rel}","templated":true}]}}