{"id":22715,"date":"2025-06-18T09:45:43","date_gmt":"2025-06-18T09:45:43","guid":{"rendered":"https:\/\/oroel.com\/producto\/bavette-anti-coupure-tronconneuse-jaune-et-orange\/"},"modified":"2025-06-18T09:45:43","modified_gmt":"2025-06-18T09:45:43","slug":"bavette-anti-coupure-tronconneuse-jaune-et-orange","status":"publish","type":"product","link":"https:\/\/oroel.com\/fr\/producto\/bavette-anti-coupure-tronconneuse-jaune-et-orange\/","title":{"rendered":"Bavette anti-coupure tron\u00e7onneuse jaune et orange"},"content":{"rendered":"<p>Ce pantalon \u00e0 bretelles anti-coupure avec fermeture \u00e9clair est parfait pour les travaux de d\u00e9blaiement.<\/p>\n<p>Ferm\u00e9 par une fermeture \u00e9clair et un bouton, et avec des bretelles qui lui conf\u00e8rent un maximum de confort.<\/p>\n<p>Cette <strong>bavette anti-coupure<\/strong> \u00e0 la <strong>tron\u00e7onneuse<\/strong> est fabriqu\u00e9e en polyester et en coton, et contient la couche correspondante de fibres qui lui donnent toute la s\u00e9curit\u00e9 n\u00e9cessaire.<\/p>\n<p>Il est conforme \u00e0 toutes les r\u00e9glementations et r\u00e9glementations en vigueur.<\/p>\n","protected":false},"excerpt":{"rendered":"<p>V\u00eatement de protection Oroel avec renfort anti-impact.<br \/>\nComposition&nbsp;: 65&nbsp;% polyester &#8211; 35&nbsp;% coton, 200 g\/ m2<\/p>\n<p><strong>CLASSE 2<\/strong><\/p>\n<p><strong>TYPE C<\/strong><\/p>\n","protected":false},"featured_media":20305,"comment_status":"closed","ping_status":"closed","template":"","meta":{"_acf_changed":false},"product_brand":[],"product_cat":[217,146,216],"product_tag":[],"class_list":{"0":"post-22715","1":"product","2":"type-product","3":"status-publish","4":"has-post-thumbnail","6":"product_cat-bavoirs-anti-coupure","7":"product_cat-vetements-de-travail-industriels","8":"product_cat-vetements-resistants-aux-coupures-pour-tronconneuses","9":"resize-featured-image","10":"sales-flash-overlay","11":"woocommerce-text-align-center","12":"woocommerce-image-align-center","13":"do-quantity-buttons","15":"first","16":"instock","17":"shipping-taxable","18":"product-type-simple"},"acf":[],"_links":{"self":[{"href":"https:\/\/oroel.com\/fr\/wp-json\/wp\/v2\/product\/22715","targetHints":{"allow":["GET"]}}],"collection":[{"href":"https:\/\/oroel.com\/fr\/wp-json\/wp\/v2\/product"}],"about":[{"href":"https:\/\/oroel.com\/fr\/wp-json\/wp\/v2\/types\/product"}],"replies":[{"embeddable":true,"href":"https:\/\/oroel.com\/fr\/wp-json\/wp\/v2\/comments?post=22715"}],"wp:featuredmedia":[{"embeddable":true,"href":"https:\/\/oroel.com\/fr\/wp-json\/wp\/v2\/media\/20305"}],"wp:attachment":[{"href":"https:\/\/oroel.com\/fr\/wp-json\/wp\/v2\/media?parent=22715"}],"wp:term":[{"taxonomy":"product_brand","embeddable":true,"href":"https:\/\/oroel.com\/fr\/wp-json\/wp\/v2\/product_brand?post=22715"},{"taxonomy":"product_cat","embeddable":true,"href":"https:\/\/oroel.com\/fr\/wp-json\/wp\/v2\/product_cat?post=22715"},{"taxonomy":"product_tag","embeddable":true,"href":"https:\/\/oroel.com\/fr\/wp-json\/wp\/v2\/product_tag?post=22715"}],"curies":[{"name":"wp","href":"https:\/\/api.w.org\/{rel}","templated":true}]}}