{"id":22712,"date":"2025-06-18T09:45:43","date_gmt":"2025-06-18T09:45:43","guid":{"rendered":"https:\/\/oroel.com\/producto\/veste-jaune-anti-coupure\/"},"modified":"2025-06-18T09:45:43","modified_gmt":"2025-06-18T09:45:43","slug":"veste-jaune-anti-coupure","status":"publish","type":"product","link":"https:\/\/oroel.com\/fr\/producto\/veste-jaune-anti-coupure\/","title":{"rendered":"Veste jaune anti-coupure"},"content":{"rendered":"<p>Cette <strong>veste anti-coupure \u00e0 fermeture \u00e9clair<\/strong> ferm\u00e9e nous offre la s\u00e9curit\u00e9 ad\u00e9quate pour les travaux de coupe \u00e0 la tron\u00e7onneuse.<\/p>\n<p>Il a une doublure multicouche qui contient les fibres qui lui donnent la s\u00e9curit\u00e9. Fabriqu\u00e9 en polyester et coton. <\/p>\n<p>La veste r\u00e9sistante aux coupures avec bande r\u00e9fl\u00e9chissante vous donnera la visibilit\u00e9 n\u00e9cessaire.<\/p>\n<p>Conforme \u00e0 toutes les r\u00e9glementations et normes ISO applicables.<\/p>\n","protected":false},"excerpt":{"rendered":"<p>Poignets r\u00e9glables avec boutons-pression. Doublure multicouche pour une protection anti-coupure.<br \/>\nComposition : 65&nbsp;% polyester &#8211; 35&nbsp;% coton, 200 g\/m\u00b2 <\/p>\n<p><strong>CLASSE 2<\/strong><\/p>\n","protected":false},"featured_media":20293,"comment_status":"closed","ping_status":"closed","template":"","meta":{"_acf_changed":false},"product_brand":[],"product_cat":[221,146,216],"product_tag":[],"class_list":{"0":"post-22712","1":"product","2":"type-product","3":"status-publish","4":"has-post-thumbnail","6":"product_cat-vestes-anti-coupure","7":"product_cat-vetements-de-travail-industriels","8":"product_cat-vetements-resistants-aux-coupures-pour-tronconneuses","9":"resize-featured-image","10":"sales-flash-overlay","11":"woocommerce-text-align-center","12":"woocommerce-image-align-center","13":"do-quantity-buttons","15":"first","16":"instock","17":"shipping-taxable","18":"product-type-simple"},"acf":[],"_links":{"self":[{"href":"https:\/\/oroel.com\/fr\/wp-json\/wp\/v2\/product\/22712","targetHints":{"allow":["GET"]}}],"collection":[{"href":"https:\/\/oroel.com\/fr\/wp-json\/wp\/v2\/product"}],"about":[{"href":"https:\/\/oroel.com\/fr\/wp-json\/wp\/v2\/types\/product"}],"replies":[{"embeddable":true,"href":"https:\/\/oroel.com\/fr\/wp-json\/wp\/v2\/comments?post=22712"}],"wp:featuredmedia":[{"embeddable":true,"href":"https:\/\/oroel.com\/fr\/wp-json\/wp\/v2\/media\/20293"}],"wp:attachment":[{"href":"https:\/\/oroel.com\/fr\/wp-json\/wp\/v2\/media?parent=22712"}],"wp:term":[{"taxonomy":"product_brand","embeddable":true,"href":"https:\/\/oroel.com\/fr\/wp-json\/wp\/v2\/product_brand?post=22712"},{"taxonomy":"product_cat","embeddable":true,"href":"https:\/\/oroel.com\/fr\/wp-json\/wp\/v2\/product_cat?post=22712"},{"taxonomy":"product_tag","embeddable":true,"href":"https:\/\/oroel.com\/fr\/wp-json\/wp\/v2\/product_tag?post=22712"}],"curies":[{"name":"wp","href":"https:\/\/api.w.org\/{rel}","templated":true}]}}