{"id":22711,"date":"2025-06-18T09:45:43","date_gmt":"2025-06-18T09:45:43","guid":{"rendered":"https:\/\/oroel.com\/producto\/bavette-anti-coupure-anti-coupure-orange-et-vert\/"},"modified":"2025-06-18T09:45:43","modified_gmt":"2025-06-18T09:45:43","slug":"bavette-anti-coupure-anti-coupure-orange-et-vert","status":"publish","type":"product","link":"https:\/\/oroel.com\/fr\/producto\/bavette-anti-coupure-anti-coupure-orange-et-vert\/","title":{"rendered":"Bavette anti-coupure anti-coupure orange et vert"},"content":{"rendered":"<p><span style=\"vertical-align: inherit;\"><span style=\"vertical-align: inherit;\">Pantalon anti-coupure de type bavette avec bretelles indiqu\u00e9es pour le travail de d\u00e9blaiement.<\/span><\/span><\/p>\n<p><span style=\"vertical-align: inherit;\"><span style=\"vertical-align: inherit;\">Ce <\/span><\/span><strong><span style=\"vertical-align: inherit;\"><span style=\"vertical-align: inherit;\">bavoir anti-coupure \u00e0 la tron\u00e7onneuse<\/span><\/span><\/strong><span style=\"vertical-align: inherit;\"><span style=\"vertical-align: inherit;\">, en polyester et coton, avec une couche de fibres r\u00e9sistantes qui assurent une s\u00e9curit\u00e9 maximale.<\/span><\/span><\/p>\n<p><span style=\"vertical-align: inherit;\"><span style=\"vertical-align: inherit;\">Les sangles vous offrent le confort dont vous avez besoin pour vous attaquer aux travaux de coupe \u00e0 la tron\u00e7onneuse.<\/span><\/span><\/p>\n<p><span style=\"vertical-align: inherit;\"><span style=\"vertical-align: inherit;\">Il est conforme \u00e0 toutes les r\u00e8gles et r\u00e9glementations correspondantes.<\/span><\/span><\/p>\n","protected":false},"excerpt":{"rendered":"<p><span style=\"vertical-align: inherit;\"><span style=\"vertical-align: inherit;\">Renfort de protection anti-impact. <\/span><span style=\"vertical-align: inherit;\">Ferm\u00e9 par une fermeture \u00e9clair et un bouton. <\/span><\/span><br \/>\n<span style=\"vertical-align: inherit;\"><span style=\"vertical-align: inherit;\">Composition : 65&nbsp;% polyester &#8211; 35&nbsp;% coton, 200 g\/m2<\/span><\/span><\/p>\n<p><strong>CLASSE 2<\/strong><\/p>\n<p><strong>TYPE C<\/strong><\/p>\n","protected":false},"featured_media":20303,"comment_status":"closed","ping_status":"closed","template":"","meta":{"_acf_changed":false},"product_brand":[],"product_cat":[217,146,216],"product_tag":[],"class_list":{"0":"post-22711","1":"product","2":"type-product","3":"status-publish","4":"has-post-thumbnail","6":"product_cat-bavoirs-anti-coupure","7":"product_cat-vetements-de-travail-industriels","8":"product_cat-vetements-resistants-aux-coupures-pour-tronconneuses","9":"resize-featured-image","10":"sales-flash-overlay","11":"woocommerce-text-align-center","12":"woocommerce-image-align-center","13":"do-quantity-buttons","15":"first","16":"instock","17":"shipping-taxable","18":"product-type-simple"},"acf":[],"_links":{"self":[{"href":"https:\/\/oroel.com\/fr\/wp-json\/wp\/v2\/product\/22711","targetHints":{"allow":["GET"]}}],"collection":[{"href":"https:\/\/oroel.com\/fr\/wp-json\/wp\/v2\/product"}],"about":[{"href":"https:\/\/oroel.com\/fr\/wp-json\/wp\/v2\/types\/product"}],"replies":[{"embeddable":true,"href":"https:\/\/oroel.com\/fr\/wp-json\/wp\/v2\/comments?post=22711"}],"wp:featuredmedia":[{"embeddable":true,"href":"https:\/\/oroel.com\/fr\/wp-json\/wp\/v2\/media\/20303"}],"wp:attachment":[{"href":"https:\/\/oroel.com\/fr\/wp-json\/wp\/v2\/media?parent=22711"}],"wp:term":[{"taxonomy":"product_brand","embeddable":true,"href":"https:\/\/oroel.com\/fr\/wp-json\/wp\/v2\/product_brand?post=22711"},{"taxonomy":"product_cat","embeddable":true,"href":"https:\/\/oroel.com\/fr\/wp-json\/wp\/v2\/product_cat?post=22711"},{"taxonomy":"product_tag","embeddable":true,"href":"https:\/\/oroel.com\/fr\/wp-json\/wp\/v2\/product_tag?post=22711"}],"curies":[{"name":"wp","href":"https:\/\/api.w.org\/{rel}","templated":true}]}}