{"id":22708,"date":"2025-06-18T09:45:43","date_gmt":"2025-06-18T09:45:43","guid":{"rendered":"https:\/\/oroel.com\/producto\/bavette-anti-coupure-a-la-tronconneuse-verte-et-rouge\/"},"modified":"2025-06-18T09:45:43","modified_gmt":"2025-06-18T09:45:43","slug":"bavette-anti-coupure-a-la-tronconneuse-verte-et-rouge","status":"publish","type":"product","link":"https:\/\/oroel.com\/fr\/producto\/bavette-anti-coupure-a-la-tronconneuse-verte-et-rouge\/","title":{"rendered":"Bavette anti-coupure \u00e0 la tron\u00e7onneuse verte et rouge"},"content":{"rendered":"<p>La bavette r\u00e9sistante aux coupures est con\u00e7ue pour effectuer des travaux de coupe \u00e0 la tron\u00e7onneuse offrant une s\u00e9curit\u00e9 maximale.<\/p>\n<p>S\u00e9curit\u00e9 assur\u00e9e par sa fabrication en polyester et coton, et la couche de s\u00e9curit\u00e9 correspondante.<\/p>\n<p>Le<strong> bavoir anti-coupure \u00e0 la tron\u00e7onneuse<\/strong> a des bretelles r\u00e9glables qui le rendent tr\u00e8s confortable, ce qui est parfait pour ce type de travail.<\/p>\n<p>Il r\u00e9pond \u00e0 toutes les exigences des r\u00e9glementations et r\u00e9glementations correspondantes.<\/p>\n","protected":false},"excerpt":{"rendered":"<p>V\u00eatement de protection Oroel avec doublure de protection anti-coupure multicouche.<br \/>\nComposition : 65&nbsp;% polyester &#8211; 35&nbsp;% coton, 200 g\/m\u00b2<\/p>\n<p><strong>CLASSE 2<\/strong><\/p>\n<p><strong>TYPE A<\/strong><\/p>\n","protected":false},"featured_media":20301,"comment_status":"closed","ping_status":"closed","template":"","meta":{"_acf_changed":false},"product_brand":[],"product_cat":[217,146,216],"product_tag":[],"class_list":{"0":"post-22708","1":"product","2":"type-product","3":"status-publish","4":"has-post-thumbnail","6":"product_cat-bavoirs-anti-coupure","7":"product_cat-vetements-de-travail-industriels","8":"product_cat-vetements-resistants-aux-coupures-pour-tronconneuses","9":"resize-featured-image","10":"sales-flash-overlay","11":"woocommerce-text-align-center","12":"woocommerce-image-align-center","13":"do-quantity-buttons","15":"first","16":"instock","17":"shipping-taxable","18":"product-type-simple"},"acf":[],"_links":{"self":[{"href":"https:\/\/oroel.com\/fr\/wp-json\/wp\/v2\/product\/22708","targetHints":{"allow":["GET"]}}],"collection":[{"href":"https:\/\/oroel.com\/fr\/wp-json\/wp\/v2\/product"}],"about":[{"href":"https:\/\/oroel.com\/fr\/wp-json\/wp\/v2\/types\/product"}],"replies":[{"embeddable":true,"href":"https:\/\/oroel.com\/fr\/wp-json\/wp\/v2\/comments?post=22708"}],"wp:featuredmedia":[{"embeddable":true,"href":"https:\/\/oroel.com\/fr\/wp-json\/wp\/v2\/media\/20301"}],"wp:attachment":[{"href":"https:\/\/oroel.com\/fr\/wp-json\/wp\/v2\/media?parent=22708"}],"wp:term":[{"taxonomy":"product_brand","embeddable":true,"href":"https:\/\/oroel.com\/fr\/wp-json\/wp\/v2\/product_brand?post=22708"},{"taxonomy":"product_cat","embeddable":true,"href":"https:\/\/oroel.com\/fr\/wp-json\/wp\/v2\/product_cat?post=22708"},{"taxonomy":"product_tag","embeddable":true,"href":"https:\/\/oroel.com\/fr\/wp-json\/wp\/v2\/product_tag?post=22708"}],"curies":[{"name":"wp","href":"https:\/\/api.w.org\/{rel}","templated":true}]}}