{"id":22705,"date":"2025-06-18T09:45:43","date_gmt":"2025-06-18T09:45:43","guid":{"rendered":"https:\/\/oroel.com\/producto\/bavette-anti-coupure-tronconneuse-verte-et-orange\/"},"modified":"2025-06-18T09:45:43","modified_gmt":"2025-06-18T09:45:43","slug":"bavette-anti-coupure-tronconneuse-verte-et-orange","status":"publish","type":"product","link":"https:\/\/oroel.com\/fr\/producto\/bavette-anti-coupure-tronconneuse-verte-et-orange\/","title":{"rendered":"Bavette anti-coupure tron\u00e7onneuse verte et orange"},"content":{"rendered":"<p>Cette bavette anti-coupure \u00e0 bretelles est parfaite pour les travaux de coupe et de d\u00e9blaiement.<\/p>\n<p>Ses tissus lui conf\u00e8rent la plus grande s\u00e9curit\u00e9 possible.<\/p>\n<p>Le <strong>dossard anti-coupure \u00e0 la tron\u00e7onneuse<\/strong> <strong> s\u2019adapte parfaitement et offre le plus grand confort possible.<\/p>\n<p>Il est conforme aux exigences et r\u00e9glementations en vigueur.<\/strong><\/p>\n","protected":false},"excerpt":{"rendered":"<p><span style=\"vertical-align: inherit;\"><span style=\"vertical-align: inherit;\">Bavoir de protection avec doublure anti-coupure multicouche. <\/span><\/span><br \/>\n<span style=\"vertical-align: inherit;\"><span style=\"vertical-align: inherit;\">Composition : 65&nbsp;% polyester &#8211; 35&nbsp;% coton, 200 g\/m\u00b2<\/span><\/span><\/p>\n<p><strong>CLASSE 2<\/strong><\/p>\n<p><strong>TYPE C<\/strong><\/p>\n","protected":false},"featured_media":20289,"comment_status":"closed","ping_status":"closed","template":"","meta":{"_acf_changed":false},"product_brand":[],"product_cat":[217,146,216],"product_tag":[],"class_list":{"0":"post-22705","1":"product","2":"type-product","3":"status-publish","4":"has-post-thumbnail","6":"product_cat-bavoirs-anti-coupure","7":"product_cat-vetements-de-travail-industriels","8":"product_cat-vetements-resistants-aux-coupures-pour-tronconneuses","9":"resize-featured-image","10":"sales-flash-overlay","11":"woocommerce-text-align-center","12":"woocommerce-image-align-center","13":"do-quantity-buttons","15":"first","16":"instock","17":"shipping-taxable","18":"product-type-simple"},"acf":[],"_links":{"self":[{"href":"https:\/\/oroel.com\/fr\/wp-json\/wp\/v2\/product\/22705","targetHints":{"allow":["GET"]}}],"collection":[{"href":"https:\/\/oroel.com\/fr\/wp-json\/wp\/v2\/product"}],"about":[{"href":"https:\/\/oroel.com\/fr\/wp-json\/wp\/v2\/types\/product"}],"replies":[{"embeddable":true,"href":"https:\/\/oroel.com\/fr\/wp-json\/wp\/v2\/comments?post=22705"}],"wp:featuredmedia":[{"embeddable":true,"href":"https:\/\/oroel.com\/fr\/wp-json\/wp\/v2\/media\/20289"}],"wp:attachment":[{"href":"https:\/\/oroel.com\/fr\/wp-json\/wp\/v2\/media?parent=22705"}],"wp:term":[{"taxonomy":"product_brand","embeddable":true,"href":"https:\/\/oroel.com\/fr\/wp-json\/wp\/v2\/product_brand?post=22705"},{"taxonomy":"product_cat","embeddable":true,"href":"https:\/\/oroel.com\/fr\/wp-json\/wp\/v2\/product_cat?post=22705"},{"taxonomy":"product_tag","embeddable":true,"href":"https:\/\/oroel.com\/fr\/wp-json\/wp\/v2\/product_tag?post=22705"}],"curies":[{"name":"wp","href":"https:\/\/api.w.org\/{rel}","templated":true}]}}