{"id":22698,"date":"2025-06-18T09:45:42","date_gmt":"2025-06-18T09:45:42","guid":{"rendered":"https:\/\/oroel.com\/producto\/ceinture-de-securite-ignifuge-reglable-et-velcro\/"},"modified":"2025-06-18T09:45:42","modified_gmt":"2025-06-18T09:45:42","slug":"ceinture-de-securite-ignifuge-reglable-et-velcro","status":"publish","type":"product","link":"https:\/\/oroel.com\/fr\/producto\/ceinture-de-securite-ignifuge-reglable-et-velcro\/","title":{"rendered":"Ceinture de s\u00e9curit\u00e9 ignifuge, r\u00e9glable et velcro"},"content":{"rendered":"<h2>Ceinture de s\u00e9curit\u00e9 ignifuge<\/h2>\n<p>Lorsque les pompiers entrent dans un b\u00e2timent en feu, ils comptent sur leur \u00e9quipement de protection pour assurer leur s\u00e9curit\u00e9. Une pi\u00e8ce d\u2019\u00e9quipement importante est la ceinture de s\u00e9curit\u00e9 ignifuge. Cette ceinture<strong> aide \u00e0 prot\u00e9ger les pompiers contre les br\u00fblures ou les blessures caus\u00e9es par des d\u00e9bris.<\/strong>  <\/p>\n<h2>Comment puis-je acheter la ceinture de s\u00e9curit\u00e9 ignifuge ?<\/h2>\n<p>En raison des caract\u00e9ristiques, l\u2019achat doit \u00eatre effectu\u00e9 principalement par le biais de la forme,<strong>  Les moyens de nous contacter sont les suivants.<\/strong><\/p>\n<ul>\n<li>Vous pouvez l\u2019obtenir via le <strong>formulaire que vous voyez \u00e0 c\u00f4t\u00e9 du produit.<\/strong><\/li>\n<li>Vous pouvez nous appeler directement au<strong> 976 14 92 60<\/strong><\/li>\n<li>Pour l\u2019achat de divers v\u00eatements ou accessoires, vous pouvez nous envoyer <strong>un e-mail \u00e0 info@oroel.com<\/strong><\/li>\n<\/ul>\n<h2>Pourquoi faire confiance \u00e0 Oroel pour l\u2019achat de la ceinture de s\u00e9curit\u00e9 ignifuge ?<\/h2>\n<p>En tant qu\u2019experts en v\u00eatements de protection et avec <strong>une exp\u00e9rience de 40 ans<\/strong> , nous rendons nos clients fiers d\u2019\u00eatre avec nous.<\/p>\n<p>Notre ceinture coupe-feu est l\u2019un des plus de 2100 articles que nous fournissons et le chiffre <strong>de 1 000 000 de travailleurs prot\u00e9g\u00e9s<\/strong> a d\u00e9j\u00e0 \u00e9t\u00e9 atteint.<\/p>\n<p>Notre exp\u00e9rience a rendu tout cela possible, vous pouvez faire partie des<strong> plus de 400 clients qui nous font confiance ann\u00e9e apr\u00e8s ann\u00e9e<\/strong> .<\/p>\n<p>&nbsp;<\/p>\n<p>&nbsp;<\/p>\n<p>&nbsp;<\/p>\n<p>&nbsp;<\/p>\n","protected":false},"excerpt":{"rendered":"<p>Composition : 91&nbsp;% m-aramide &#8211; 5&nbsp;% p-aramide &#8211; 2&nbsp;% antistatique &#8211; 2&nbsp;% \u00e9lasthanne, 220 g\/m\u00b2<\/p>\n<p><img loading=\"lazy\" decoding=\"async\" class=\"alignnone wp-image-5248 size-full\" src=\"https:\/\/oroel.com\/wp-content\/uploads\/2021\/11\/EN-ISO-11612.svg\" alt=\"Ceinture en tissu ignifuge, r\u00e9glable avec boucle et velcro pour v\u00eatements ignifuges et antistatiques avec la norme EN ISO 11612\" width=\"80\" height=\"80\"><img loading=\"lazy\" decoding=\"async\" class=\"alignnone wp-image-5215 size-full\" src=\"https:\/\/oroel.com\/wp-content\/uploads\/2021\/11\/EN-1149-5.svg\" alt=\"Ceinture en tissu ignifuge, r\u00e9glable avec boucle et velcro dans les v\u00eatements ignifuges et antistatiques avec la norme EN 1149-5\" width=\"80\" height=\"80\"><\/p>\n","protected":false},"featured_media":20269,"comment_status":"closed","ping_status":"closed","template":"","meta":{"_acf_changed":false},"product_brand":[],"product_cat":[206,146],"product_tag":[],"class_list":{"0":"post-22698","1":"product","2":"type-product","3":"status-publish","4":"has-post-thumbnail","6":"product_cat-accessoires-ignifuges-et-antistatiques","7":"product_cat-vetements-de-travail-industriels","8":"resize-featured-image","9":"sales-flash-overlay","10":"woocommerce-text-align-center","11":"woocommerce-image-align-center","12":"do-quantity-buttons","14":"first","15":"instock","16":"shipping-taxable","17":"product-type-simple"},"acf":[],"_links":{"self":[{"href":"https:\/\/oroel.com\/fr\/wp-json\/wp\/v2\/product\/22698","targetHints":{"allow":["GET"]}}],"collection":[{"href":"https:\/\/oroel.com\/fr\/wp-json\/wp\/v2\/product"}],"about":[{"href":"https:\/\/oroel.com\/fr\/wp-json\/wp\/v2\/types\/product"}],"replies":[{"embeddable":true,"href":"https:\/\/oroel.com\/fr\/wp-json\/wp\/v2\/comments?post=22698"}],"wp:featuredmedia":[{"embeddable":true,"href":"https:\/\/oroel.com\/fr\/wp-json\/wp\/v2\/media\/20269"}],"wp:attachment":[{"href":"https:\/\/oroel.com\/fr\/wp-json\/wp\/v2\/media?parent=22698"}],"wp:term":[{"taxonomy":"product_brand","embeddable":true,"href":"https:\/\/oroel.com\/fr\/wp-json\/wp\/v2\/product_brand?post=22698"},{"taxonomy":"product_cat","embeddable":true,"href":"https:\/\/oroel.com\/fr\/wp-json\/wp\/v2\/product_cat?post=22698"},{"taxonomy":"product_tag","embeddable":true,"href":"https:\/\/oroel.com\/fr\/wp-json\/wp\/v2\/product_tag?post=22698"}],"curies":[{"name":"wp","href":"https:\/\/api.w.org\/{rel}","templated":true}]}}