{"id":22685,"date":"2025-06-18T09:45:41","date_gmt":"2025-06-18T09:45:41","guid":{"rendered":"https:\/\/oroel.com\/producto\/doudoune-avec-fermeture-eclair-et-boutons-pression-verts\/"},"modified":"2025-06-18T09:45:41","modified_gmt":"2025-06-18T09:45:41","slug":"doudoune-avec-fermeture-eclair-et-boutons-pression-verts","status":"publish","type":"product","link":"https:\/\/oroel.com\/fr\/producto\/doudoune-avec-fermeture-eclair-et-boutons-pression-verts\/","title":{"rendered":"Doudoune avec fermeture \u00e9clair et boutons-pression verts"},"content":{"rendered":"","protected":false},"excerpt":{"rendered":"<p>Composition&nbsp;: Mati\u00e8re principale&nbsp;: 54&nbsp;% modaacrylique &#8211; 44&nbsp;% coton &#8211; 2&nbsp;% antistatique avec finition FC, 240 g\/m\u00b2<br \/>\nIsolation thermique&nbsp;: 100&nbsp;% polyester FR, 100 g\/m\u00b2<br \/>\nDoublure&nbsp;: 54&nbsp;% coton &#8211; 45&nbsp;% modaacrylique &#8211; 1&nbsp;% antistatique, 150 g\/m\u00b2<\/p>\n<p><img loading=\"lazy\" decoding=\"async\" class=\"alignnone wp-image-5248 size-full\" src=\"https:\/\/oroel.com\/wp-content\/uploads\/2021\/11\/EN-ISO-11612.svg\" alt=\"Doudoune avec fermeture \u00e9clair et boutons-pression verts pour une faible visibilit\u00e9 Norme EN ISO 11612\" width=\"80\" height=\"80\"><img loading=\"lazy\" decoding=\"async\" class=\"alignnone wp-image-5215 size-full\" src=\"https:\/\/oroel.com\/wp-content\/uploads\/2021\/11\/EN-1149-5.svg\" alt=\"Doudoune avec fermeture \u00e9clair et boutons-pression vert pour une faible visibilit\u00e9 Norme EN 1149-5\" width=\"80\" height=\"80\"><img loading=\"lazy\" decoding=\"async\" class=\"alignnone wp-image-5251 size-full\" src=\"https:\/\/oroel.com\/wp-content\/uploads\/2021\/11\/EN-ISO-20471.svg\" alt=\"Doudoune avec fermeture \u00e9clair et boutons-pression verts \u00e0 faible visibilit\u00e9 Norme EN ISO 20471\" width=\"80\" height=\"80\"><\/p>\n","protected":false},"featured_media":868,"comment_status":"closed","ping_status":"closed","template":"","meta":{"_acf_changed":false},"product_brand":[],"product_cat":[146],"product_tag":[],"class_list":{"0":"post-22685","1":"product","2":"type-product","3":"status-publish","4":"has-post-thumbnail","6":"product_cat-vetements-de-travail-industriels","7":"resize-featured-image","8":"sales-flash-overlay","9":"woocommerce-text-align-center","10":"woocommerce-image-align-center","11":"do-quantity-buttons","13":"first","14":"instock","15":"shipping-taxable","16":"product-type-simple"},"acf":[],"_links":{"self":[{"href":"https:\/\/oroel.com\/fr\/wp-json\/wp\/v2\/product\/22685","targetHints":{"allow":["GET"]}}],"collection":[{"href":"https:\/\/oroel.com\/fr\/wp-json\/wp\/v2\/product"}],"about":[{"href":"https:\/\/oroel.com\/fr\/wp-json\/wp\/v2\/types\/product"}],"replies":[{"embeddable":true,"href":"https:\/\/oroel.com\/fr\/wp-json\/wp\/v2\/comments?post=22685"}],"wp:featuredmedia":[{"embeddable":true,"href":"https:\/\/oroel.com\/fr\/wp-json\/wp\/v2\/media\/868"}],"wp:attachment":[{"href":"https:\/\/oroel.com\/fr\/wp-json\/wp\/v2\/media?parent=22685"}],"wp:term":[{"taxonomy":"product_brand","embeddable":true,"href":"https:\/\/oroel.com\/fr\/wp-json\/wp\/v2\/product_brand?post=22685"},{"taxonomy":"product_cat","embeddable":true,"href":"https:\/\/oroel.com\/fr\/wp-json\/wp\/v2\/product_cat?post=22685"},{"taxonomy":"product_tag","embeddable":true,"href":"https:\/\/oroel.com\/fr\/wp-json\/wp\/v2\/product_tag?post=22685"}],"curies":[{"name":"wp","href":"https:\/\/api.w.org\/{rel}","templated":true}]}}