{"id":22683,"date":"2025-06-18T09:45:41","date_gmt":"2025-06-18T09:45:41","guid":{"rendered":"https:\/\/oroel.com\/producto\/veste-de-soudeur\/"},"modified":"2025-06-18T09:45:41","modified_gmt":"2025-06-18T09:45:41","slug":"veste-de-soudeur","status":"publish","type":"product","link":"https:\/\/oroel.com\/fr\/producto\/veste-de-soudeur\/","title":{"rendered":"Veste de soudeur"},"content":{"rendered":"<p>Cette veste ferm\u00e9e pour les soudeurs offre un grand <strong>confort et une protection<\/strong> lors de tout travail ou processus de soudage li\u00e9 \u00e0 cette activit\u00e9. Il est cousu avec du fil ignifuge et est bleu marine. Il dispose de deux bandes horizontales qui garantissent une grande visibilit\u00e9 du travailleur n\u2019importe o\u00f9.  <\/p>\n<p>Ses poignets sont ferm\u00e9s et \u00e9tant \u00e9galement \u00e9lastiques, ils offrent un grand confort et une grande s\u00e9curit\u00e9 lors de l\u2019ex\u00e9cution de toute t\u00e2che.<\/p>\n<p>La fermeture frontale a \u00e9t\u00e9 con\u00e7ue avec une fermeture \u00e9clair et un velcro, pour assurer une protection maximale pendant l\u2019utilisation. De plus, avec cette conception, le cou de l\u2019utilisateur est enti\u00e8rement prot\u00e9g\u00e9. <\/p>\n<p>En ce qui concerne la composition de ce v\u00eatement de protection, on peut souligner 99&nbsp;% de coton FR et 1&nbsp;% d\u2019antistatique, avec un grammage de 335 g\/m\u00b2.<\/p>\n<h3>Normes de chemise pour D318908E7 soudeur \u2013 ST<\/h3>\n<p><strong>EN ISO 11612 :<\/strong> Cette norme internationale sp\u00e9cifie les performances de cette veste de soudage qui a \u00e9t\u00e9 fabriqu\u00e9e \u00e0 partir de mat\u00e9riaux souples, et a \u00e9t\u00e9 con\u00e7ue pour prot\u00e9ger le corps de l\u2019utilisateur de la chaleur et\/ou des flammes, \u00e0 l\u2019exception des mains.<\/p>\n<p><strong>EN ISO 11611 :<\/strong> Cette norme \u00e9tablit que cette enveloppe de protection pour les travaux de soudage r\u00e9pond aux exigences minimales de s\u00e9curit\u00e9 qui doivent \u00eatre garanties lors de l\u2019ex\u00e9cution de ce type d\u2019activit\u00e9 et d\u2019autres processus techniques pr\u00e9sentant des risques similaires.<\/p>\n<p><strong>EN 1149-5 :<\/strong> Cette norme europ\u00e9enne explique les exigences auxquelles doivent r\u00e9pondre tant le mat\u00e9riau que la conception du v\u00eatement afin de garantir la dissipation \u00e9lectrostatique, utilis\u00e9 comme pi\u00e8ce d\u2019un ensemble mis \u00e0 la terre, afin d\u2019\u00e9viter les d\u00e9charges incendiaires.<\/p>\n<p><strong>EN ISO 20471 :<\/strong> cette norme internationale d\u00e9finit les exigences relatives aux v\u00eatements de protection visibles par les travailleurs qui se trouvent dans des zones \u00e0 haut risque, de sorte que le v\u00eatement permette de signaler visuellement la pr\u00e9sence du porteur \u00e0 tout moment.<\/p>\n","protected":false},"excerpt":{"rendered":"<p>V\u00eatement de protection Oroel.<br \/>\nComposition : 99&nbsp;% coton ignifuge &#8211; 1&nbsp;% antistatique, 335 g\/m\u00b2<\/p>\n","protected":false},"featured_media":871,"comment_status":"closed","ping_status":"closed","template":"","meta":{"_acf_changed":false},"product_brand":[],"product_cat":[150,210,207,146],"product_tag":[],"class_list":{"0":"post-22683","1":"product","2":"type-product","3":"status-publish","4":"has-post-thumbnail","6":"product_cat-veste-de-travail","7":"product_cat-vestes-de-soudeur","8":"product_cat-vetements-de-soudeur","9":"product_cat-vetements-de-travail-industriels","10":"resize-featured-image","11":"sales-flash-overlay","12":"woocommerce-text-align-center","13":"woocommerce-image-align-center","14":"do-quantity-buttons","16":"first","17":"instock","18":"shipping-taxable","19":"product-type-simple"},"acf":[],"_links":{"self":[{"href":"https:\/\/oroel.com\/fr\/wp-json\/wp\/v2\/product\/22683","targetHints":{"allow":["GET"]}}],"collection":[{"href":"https:\/\/oroel.com\/fr\/wp-json\/wp\/v2\/product"}],"about":[{"href":"https:\/\/oroel.com\/fr\/wp-json\/wp\/v2\/types\/product"}],"replies":[{"embeddable":true,"href":"https:\/\/oroel.com\/fr\/wp-json\/wp\/v2\/comments?post=22683"}],"wp:featuredmedia":[{"embeddable":true,"href":"https:\/\/oroel.com\/fr\/wp-json\/wp\/v2\/media\/871"}],"wp:attachment":[{"href":"https:\/\/oroel.com\/fr\/wp-json\/wp\/v2\/media?parent=22683"}],"wp:term":[{"taxonomy":"product_brand","embeddable":true,"href":"https:\/\/oroel.com\/fr\/wp-json\/wp\/v2\/product_brand?post=22683"},{"taxonomy":"product_cat","embeddable":true,"href":"https:\/\/oroel.com\/fr\/wp-json\/wp\/v2\/product_cat?post=22683"},{"taxonomy":"product_tag","embeddable":true,"href":"https:\/\/oroel.com\/fr\/wp-json\/wp\/v2\/product_tag?post=22683"}],"curies":[{"name":"wp","href":"https:\/\/api.w.org\/{rel}","templated":true}]}}