{"id":22681,"date":"2025-06-18T09:45:41","date_gmt":"2025-06-18T09:45:41","guid":{"rendered":"https:\/\/oroel.com\/producto\/pantalon-de-soudeur\/"},"modified":"2025-06-18T09:45:41","modified_gmt":"2025-06-18T09:45:41","slug":"pantalon-de-soudeur","status":"publish","type":"product","link":"https:\/\/oroel.com\/fr\/producto\/pantalon-de-soudeur\/","title":{"rendered":"Pantalon de soudeur"},"content":{"rendered":"<p>Ce pantalon con\u00e7u pour r\u00e9aliser des <strong>activit\u00e9s de soudage<\/strong> offre un grand confort et une grande s\u00e9curit\u00e9. Son utilisation est recommand\u00e9e dans les activit\u00e9s qui pr\u00e9sentent des risques de projection de m\u00e9taux en fusion \u00e0 partir de t\u00e2ches de soudage, ou pour les zones o\u00f9 il existe un risque \u00e9lev\u00e9 d\u2019incendie et\/ou d\u2019explosion, en raison de projections de m\u00e9tal en fusion dues au stockage de gaz non visibles. <\/p>\n<p>Ce pantalon est compos\u00e9 \u00e0 99&nbsp;% de coton ignifuge et \u00e0 1&nbsp;% antistatique, pour un grammage de 335 g\/m\u00b2.<\/p>\n<p>Il dispose de deux poches sur le devant avec une fermeture \u00e9clair et d\u2019une <strong>taille \u00e9lastique<\/strong> qui permet une adaptation compl\u00e8te de ce v\u00eatement \u00e0 notre corps.<\/p>\n<p>En ce qui concerne leur couleur, ces pantalons de soudeur sont <strong>bleu marine<\/strong> et comprennent deux bandes r\u00e9fl\u00e9chissantes qui garantissent la visibilit\u00e9 de l\u2019utilisateur partout et \u00e0 tout moment, de nuit comme de jour.<\/p>\n<h3>Normes pour les pantalons de soudeur E318908E7 \u2013 ST<\/h3>\n<p><strong>EN ISO 11612 :<\/strong> Cette norme prot\u00e8ge contre les risques r\u00e9sultant de l\u2019exposition \u00e0 la chaleur et\/ou aux flammes sous une ou plusieurs des formes suivantes : feu et, chaleur de contact et\/ou chaleur convective et\/ou chaleur rayonnante et\/ou petites \u00e9claboussures.<\/p>\n<p><strong>EN ISO 11611 :<\/strong> Cette norme d\u00e9finit les exigences requises tant dans la conception que dans la protection thermique pour la fabrication d\u2019un v\u00eatement utilis\u00e9 par des soudeurs ou des travailleurs qui effectuent des t\u00e2ches similaires. Cet \u00e9quipement de protection doit prot\u00e9ger contre les petites projections de m\u00e9tal en fusion, le contact \u00e0 court terme avec une flamme et \u00e9galement la chaleur rayonnante. <\/p>\n<p><strong>EN 1149-5 :<\/strong> Cette norme europ\u00e9enne sp\u00e9cifie \u00e0 la fois les mat\u00e9riaux et la conception des \u00e9quipements de protection qui ont une dissipation \u00e9lectrostatique, utilis\u00e9s comme \u00e9l\u00e9ment de l\u2019ensemble mis \u00e0 la terre, afin d\u2019\u00e9viter les d\u00e9charges qui pr\u00e9sentent un danger.<\/p>\n<p><strong>EN ISO 20471 :<\/strong> Cette norme sp\u00e9cifie les exigences relatives aux \u00e9quipements de protection \u00e0 haute visibilit\u00e9 afin de signaler visuellement la pr\u00e9sence de l\u2019utilisateur.<\/p>\n","protected":false},"excerpt":{"rendered":"<p>Composition : 99&nbsp;% coton ignifuge &#8211; 1&nbsp;% antistatique, 335 g\/m\u00b2<\/p>\n","protected":false},"featured_media":872,"comment_status":"closed","ping_status":"closed","template":"","meta":{"_acf_changed":false},"product_brand":[],"product_cat":[208,141,207,146],"product_tag":[],"class_list":{"0":"post-22681","1":"product","2":"type-product","3":"status-publish","4":"has-post-thumbnail","6":"product_cat-pantalons-de-soudeur","7":"product_cat-pantalons-de-travail","8":"product_cat-vetements-de-soudeur","9":"product_cat-vetements-de-travail-industriels","10":"resize-featured-image","11":"sales-flash-overlay","12":"woocommerce-text-align-center","13":"woocommerce-image-align-center","14":"do-quantity-buttons","16":"first","17":"instock","18":"shipping-taxable","19":"product-type-simple"},"acf":[],"_links":{"self":[{"href":"https:\/\/oroel.com\/fr\/wp-json\/wp\/v2\/product\/22681","targetHints":{"allow":["GET"]}}],"collection":[{"href":"https:\/\/oroel.com\/fr\/wp-json\/wp\/v2\/product"}],"about":[{"href":"https:\/\/oroel.com\/fr\/wp-json\/wp\/v2\/types\/product"}],"replies":[{"embeddable":true,"href":"https:\/\/oroel.com\/fr\/wp-json\/wp\/v2\/comments?post=22681"}],"wp:featuredmedia":[{"embeddable":true,"href":"https:\/\/oroel.com\/fr\/wp-json\/wp\/v2\/media\/872"}],"wp:attachment":[{"href":"https:\/\/oroel.com\/fr\/wp-json\/wp\/v2\/media?parent=22681"}],"wp:term":[{"taxonomy":"product_brand","embeddable":true,"href":"https:\/\/oroel.com\/fr\/wp-json\/wp\/v2\/product_brand?post=22681"},{"taxonomy":"product_cat","embeddable":true,"href":"https:\/\/oroel.com\/fr\/wp-json\/wp\/v2\/product_cat?post=22681"},{"taxonomy":"product_tag","embeddable":true,"href":"https:\/\/oroel.com\/fr\/wp-json\/wp\/v2\/product_tag?post=22681"}],"curies":[{"name":"wp","href":"https:\/\/api.w.org\/{rel}","templated":true}]}}