{"id":22680,"date":"2025-06-18T09:45:42","date_gmt":"2025-06-18T09:45:42","guid":{"rendered":"https:\/\/oroel.com\/producto\/bourreau-court-a-double-epaisseur\/"},"modified":"2025-06-18T09:45:42","modified_gmt":"2025-06-18T09:45:42","slug":"bourreau-court-a-double-epaisseur","status":"publish","type":"product","link":"https:\/\/oroel.com\/fr\/producto\/bourreau-court-a-double-epaisseur\/","title":{"rendered":"Bourreau court \u00e0 double \u00e9paisseur"},"content":{"rendered":"","protected":false},"excerpt":{"rendered":"<p>V\u00eatement de protection Oroel.<br \/>\nComposition : 95&nbsp;% m-aramide &#8211; 5&nbsp;% p-aramide, 340 g\/m\u00b2<\/p>\n<p><img loading=\"lazy\" decoding=\"async\" class=\"alignnone wp-image-5248 size-full\" src=\"https:\/\/oroel.com\/wp-content\/uploads\/2021\/11\/EN-ISO-11612.svg\" alt=\"Ex\u00e9cuteur court \u00e0 double couche pour v\u00eatements ignifuges et antistatiques selon la norme EN ISO 11612\" width=\"80\" height=\"80\"><\/p>\n","protected":false},"featured_media":20279,"comment_status":"closed","ping_status":"closed","template":"","meta":{"_acf_changed":false},"product_brand":[],"product_cat":[206,146],"product_tag":[],"class_list":{"0":"post-22680","1":"product","2":"type-product","3":"status-publish","4":"has-post-thumbnail","6":"product_cat-accessoires-ignifuges-et-antistatiques","7":"product_cat-vetements-de-travail-industriels","8":"resize-featured-image","9":"sales-flash-overlay","10":"woocommerce-text-align-center","11":"woocommerce-image-align-center","12":"do-quantity-buttons","14":"first","15":"instock","16":"shipping-taxable","17":"product-type-simple"},"acf":[],"_links":{"self":[{"href":"https:\/\/oroel.com\/fr\/wp-json\/wp\/v2\/product\/22680","targetHints":{"allow":["GET"]}}],"collection":[{"href":"https:\/\/oroel.com\/fr\/wp-json\/wp\/v2\/product"}],"about":[{"href":"https:\/\/oroel.com\/fr\/wp-json\/wp\/v2\/types\/product"}],"replies":[{"embeddable":true,"href":"https:\/\/oroel.com\/fr\/wp-json\/wp\/v2\/comments?post=22680"}],"wp:featuredmedia":[{"embeddable":true,"href":"https:\/\/oroel.com\/fr\/wp-json\/wp\/v2\/media\/20279"}],"wp:attachment":[{"href":"https:\/\/oroel.com\/fr\/wp-json\/wp\/v2\/media?parent=22680"}],"wp:term":[{"taxonomy":"product_brand","embeddable":true,"href":"https:\/\/oroel.com\/fr\/wp-json\/wp\/v2\/product_brand?post=22680"},{"taxonomy":"product_cat","embeddable":true,"href":"https:\/\/oroel.com\/fr\/wp-json\/wp\/v2\/product_cat?post=22680"},{"taxonomy":"product_tag","embeddable":true,"href":"https:\/\/oroel.com\/fr\/wp-json\/wp\/v2\/product_tag?post=22680"}],"curies":[{"name":"wp","href":"https:\/\/api.w.org\/{rel}","templated":true}]}}