{"id":22619,"date":"2025-06-18T09:46:55","date_gmt":"2025-06-18T09:46:55","guid":{"rendered":"https:\/\/oroel.com\/producto\/gilet-rembourre-de-sauvetage-technique\/"},"modified":"2025-06-18T09:46:55","modified_gmt":"2025-06-18T09:46:55","slug":"gilet-rembourre-de-sauvetage-technique","status":"publish","type":"product","link":"https:\/\/oroel.com\/fr\/producto\/gilet-rembourre-de-sauvetage-technique\/","title":{"rendered":"Gilet rembourr\u00e9 de sauvetage technique"},"content":{"rendered":"","protected":false},"excerpt":{"rendered":"<p>Caract\u00e9ristiques du gilet rembourr\u00e9<\/p>\n<ul>\n<li>Isolation thermique.<\/li>\n<li>Tissu int\u00e9rieur et ext\u00e9rieur ignifuge.<\/li>\n<li>Composition&nbsp;: 50&nbsp;% m-aramide 45&nbsp;%<\/li>\n<li>FR Viscose 5&nbsp;% p-aramide 115 g\/m2.<\/li>\n<li>Isolation thermique 100&nbsp;% polyester FR<\/li>\n<\/ul>\n","protected":false},"featured_media":20509,"comment_status":"closed","ping_status":"closed","template":"","meta":{"_acf_changed":false},"product_brand":[],"product_cat":[197,136],"product_tag":[],"class_list":{"0":"post-22619","1":"product","2":"type-product","3":"status-publish","4":"has-post-thumbnail","6":"product_cat-gilets-de-sauvetage-techniques-fr","7":"product_cat-vetements-techniques-de-sauvetage","8":"resize-featured-image","9":"sales-flash-overlay","10":"woocommerce-text-align-center","11":"woocommerce-image-align-center","12":"do-quantity-buttons","13":"wc-has-gallery","15":"first","16":"instock","17":"shipping-taxable","18":"product-type-simple"},"acf":[],"_links":{"self":[{"href":"https:\/\/oroel.com\/fr\/wp-json\/wp\/v2\/product\/22619","targetHints":{"allow":["GET"]}}],"collection":[{"href":"https:\/\/oroel.com\/fr\/wp-json\/wp\/v2\/product"}],"about":[{"href":"https:\/\/oroel.com\/fr\/wp-json\/wp\/v2\/types\/product"}],"replies":[{"embeddable":true,"href":"https:\/\/oroel.com\/fr\/wp-json\/wp\/v2\/comments?post=22619"}],"wp:featuredmedia":[{"embeddable":true,"href":"https:\/\/oroel.com\/fr\/wp-json\/wp\/v2\/media\/20509"}],"wp:attachment":[{"href":"https:\/\/oroel.com\/fr\/wp-json\/wp\/v2\/media?parent=22619"}],"wp:term":[{"taxonomy":"product_brand","embeddable":true,"href":"https:\/\/oroel.com\/fr\/wp-json\/wp\/v2\/product_brand?post=22619"},{"taxonomy":"product_cat","embeddable":true,"href":"https:\/\/oroel.com\/fr\/wp-json\/wp\/v2\/product_cat?post=22619"},{"taxonomy":"product_tag","embeddable":true,"href":"https:\/\/oroel.com\/fr\/wp-json\/wp\/v2\/product_tag?post=22619"}],"curies":[{"name":"wp","href":"https:\/\/api.w.org\/{rel}","templated":true}]}}