{"id":22616,"date":"2025-06-18T09:46:55","date_gmt":"2025-06-18T09:46:55","guid":{"rendered":"https:\/\/oroel.com\/producto\/revetement-a-arc-electrique-haute-visibilite-classe-2\/"},"modified":"2025-06-18T09:46:55","modified_gmt":"2025-06-18T09:46:55","slug":"revetement-a-arc-electrique-haute-visibilite-classe-2","status":"publish","type":"product","link":"https:\/\/oroel.com\/fr\/producto\/revetement-a-arc-electrique-haute-visibilite-classe-2\/","title":{"rendered":"Rev\u00eatement \u00e0 arc \u00e9lectrique haute visibilit\u00e9 Classe 2"},"content":{"rendered":"","protected":false},"excerpt":{"rendered":"<p>R\u00e9f.&nbsp;: H143696K7<\/p>\n<p><img loading=\"lazy\" decoding=\"async\" class=\"alignnone size-full wp-image-11547\" src=\"https:\/\/oroel.com\/wp-content\/uploads\/2023\/01\/GRA_EN-61482-2-e1674817406827.png\" alt=\"\" width=\"62\" height=\"80\">   <img loading=\"lazy\" decoding=\"async\" class=\"alignnone size-full wp-image-11535\" src=\"https:\/\/oroel.com\/wp-content\/uploads\/2023\/01\/GRA_13034_NoT-e1674817457683.jpg\" alt=\"\" width=\"65\" height=\"80\">   <img loading=\"lazy\" decoding=\"async\" class=\"alignnone size-full wp-image-11541\" src=\"https:\/\/oroel.com\/wp-content\/uploads\/2023\/01\/GRA_14116_NoT-e1674817430117.jpg\" alt=\"\" width=\"66\" height=\"80\">   <img loading=\"lazy\" decoding=\"async\" class=\"alignnone size-full wp-image-11553\" src=\"https:\/\/oroel.com\/wp-content\/uploads\/2023\/01\/GRA_EN471_NoT-e1674817379273.jpg\" alt=\"\" width=\"66\" height=\"80\">  <img loading=\"lazy\" decoding=\"async\" class=\"alignnone size-full wp-image-11556\" src=\"https:\/\/oroel.com\/wp-content\/uploads\/2023\/01\/GRA_EN1149_NoT-e1674817366837.jpg\" alt=\"\" width=\"63\" height=\"80\">  <img loading=\"lazy\" decoding=\"async\" class=\"alignnone size-full wp-image-11550\" src=\"https:\/\/oroel.com\/wp-content\/uploads\/2023\/01\/GRA_EN343_NoT-e1674817392184.jpg\" alt=\"\" width=\"65\" height=\"80\"> <img loading=\"lazy\" decoding=\"async\" class=\"alignnone size-full wp-image-11538\" src=\"https:\/\/oroel.com\/wp-content\/uploads\/2023\/01\/GRA_14058_NoT-e1674817445858.png\" alt=\"\" width=\"71\" height=\"80\"><\/p>\n<p>&nbsp;<\/p>\n","protected":false},"featured_media":20517,"comment_status":"closed","ping_status":"closed","template":"","meta":{"_acf_changed":false},"product_brand":[],"product_cat":[145,250,248,146],"product_tag":[],"class_list":{"0":"post-22616","1":"product","2":"type-product","3":"status-publish","4":"has-post-thumbnail","6":"product_cat-arc-electrique-de-classe-2","7":"product_cat-enveloppes-darc-electrique","8":"product_cat-vetements-contre-les-arcs-electriques","9":"product_cat-vetements-de-travail-industriels","10":"resize-featured-image","11":"sales-flash-overlay","12":"woocommerce-text-align-center","13":"woocommerce-image-align-center","14":"do-quantity-buttons","15":"wc-has-gallery","17":"first","18":"instock","19":"shipping-taxable","20":"product-type-simple"},"acf":[],"_links":{"self":[{"href":"https:\/\/oroel.com\/fr\/wp-json\/wp\/v2\/product\/22616","targetHints":{"allow":["GET"]}}],"collection":[{"href":"https:\/\/oroel.com\/fr\/wp-json\/wp\/v2\/product"}],"about":[{"href":"https:\/\/oroel.com\/fr\/wp-json\/wp\/v2\/types\/product"}],"replies":[{"embeddable":true,"href":"https:\/\/oroel.com\/fr\/wp-json\/wp\/v2\/comments?post=22616"}],"wp:featuredmedia":[{"embeddable":true,"href":"https:\/\/oroel.com\/fr\/wp-json\/wp\/v2\/media\/20517"}],"wp:attachment":[{"href":"https:\/\/oroel.com\/fr\/wp-json\/wp\/v2\/media?parent=22616"}],"wp:term":[{"taxonomy":"product_brand","embeddable":true,"href":"https:\/\/oroel.com\/fr\/wp-json\/wp\/v2\/product_brand?post=22616"},{"taxonomy":"product_cat","embeddable":true,"href":"https:\/\/oroel.com\/fr\/wp-json\/wp\/v2\/product_cat?post=22616"},{"taxonomy":"product_tag","embeddable":true,"href":"https:\/\/oroel.com\/fr\/wp-json\/wp\/v2\/product_tag?post=22616"}],"curies":[{"name":"wp","href":"https:\/\/api.w.org\/{rel}","templated":true}]}}