{"id":22607,"date":"2025-06-18T09:46:38","date_gmt":"2025-06-18T09:46:38","guid":{"rendered":"https:\/\/oroel.com\/producto\/pantalon-reflechissant-noir-avec-fermeture-eclair-et-bouton\/"},"modified":"2025-06-18T09:46:38","modified_gmt":"2025-06-18T09:46:38","slug":"pantalon-reflechissant-noir-avec-fermeture-eclair-et-bouton","status":"publish","type":"product","link":"https:\/\/oroel.com\/fr\/producto\/pantalon-reflechissant-noir-avec-fermeture-eclair-et-bouton\/","title":{"rendered":"Pantalon r\u00e9fl\u00e9chissant noir avec fermeture \u00e9clair et bouton"},"content":{"rendered":"","protected":false},"excerpt":{"rendered":"<p>V\u00eatement de protection noir.<br \/>\nComposition : 64&nbsp;% polyester &#8211; 35&nbsp;% coton &#8211; 1&nbsp;% antistatique, 240 g\/m\u00b2<br \/>\nTaille ajustable et fermeture boutonn\u00e9e et zipp\u00e9e.<\/p>\n<p><img loading=\"lazy\" decoding=\"async\" class=\"alignnone size-full wp-image-250\" src=\"https:\/\/oroel.com\/wp-content\/uploads\/2020\/07\/05-1149-ANTIESTATICO.jpg\" alt=\"\" width=\"71\" height=\"100\"> <img loading=\"lazy\" decoding=\"async\" class=\"alignnone size-full wp-image-238\" src=\"https:\/\/oroel.com\/wp-content\/uploads\/2020\/07\/17-20471-VISIBILIDAD.jpg\" alt=\"\" width=\"71\" height=\"100\"><\/p>\n","protected":false},"featured_media":20461,"comment_status":"closed","ping_status":"closed","template":"","meta":{"_acf_changed":false},"product_brand":[],"product_cat":[141,147,146],"product_tag":[],"class_list":{"0":"post-22607","1":"product","2":"type-product","3":"status-publish","4":"has-post-thumbnail","6":"product_cat-pantalons-de-travail","7":"product_cat-vetements-de-protection-antistatiques","8":"product_cat-vetements-de-travail-industriels","9":"resize-featured-image","10":"sales-flash-overlay","11":"woocommerce-text-align-center","12":"woocommerce-image-align-center","13":"do-quantity-buttons","15":"first","16":"instock","17":"shipping-taxable","18":"product-type-simple"},"acf":[],"_links":{"self":[{"href":"https:\/\/oroel.com\/fr\/wp-json\/wp\/v2\/product\/22607","targetHints":{"allow":["GET"]}}],"collection":[{"href":"https:\/\/oroel.com\/fr\/wp-json\/wp\/v2\/product"}],"about":[{"href":"https:\/\/oroel.com\/fr\/wp-json\/wp\/v2\/types\/product"}],"replies":[{"embeddable":true,"href":"https:\/\/oroel.com\/fr\/wp-json\/wp\/v2\/comments?post=22607"}],"wp:featuredmedia":[{"embeddable":true,"href":"https:\/\/oroel.com\/fr\/wp-json\/wp\/v2\/media\/20461"}],"wp:attachment":[{"href":"https:\/\/oroel.com\/fr\/wp-json\/wp\/v2\/media?parent=22607"}],"wp:term":[{"taxonomy":"product_brand","embeddable":true,"href":"https:\/\/oroel.com\/fr\/wp-json\/wp\/v2\/product_brand?post=22607"},{"taxonomy":"product_cat","embeddable":true,"href":"https:\/\/oroel.com\/fr\/wp-json\/wp\/v2\/product_cat?post=22607"},{"taxonomy":"product_tag","embeddable":true,"href":"https:\/\/oroel.com\/fr\/wp-json\/wp\/v2\/product_tag?post=22607"}],"curies":[{"name":"wp","href":"https:\/\/api.w.org\/{rel}","templated":true}]}}