{"id":22600,"date":"2025-06-18T09:46:38","date_gmt":"2025-06-18T09:46:38","guid":{"rendered":"https:\/\/oroel.com\/producto\/veste-matelassee-et-impermeable-marron\/"},"modified":"2025-06-18T09:46:38","modified_gmt":"2025-06-18T09:46:38","slug":"veste-matelassee-et-impermeable-marron","status":"publish","type":"product","link":"https:\/\/oroel.com\/fr\/producto\/veste-matelassee-et-impermeable-marron\/","title":{"rendered":"Veste matelass\u00e9e et imperm\u00e9able marron"},"content":{"rendered":"","protected":false},"excerpt":{"rendered":"<p>Capuche r\u00e9tractable.<br \/>\nComposition : Mati\u00e8re premi\u00e8re : 45&nbsp;% coton &#8211; 40&nbsp;% polyester &#8211; 1&nbsp;% antistatique &#8211; 14&nbsp;% polyur\u00e9thane, 165 g\/m\u00b2<br \/>\nIsolation thermique : 100&nbsp;% polyester, 100 g\/m\u00b2<br \/>\nDoublure : 100&nbsp;% polyester, 50 g\/m\u00b2<\/p>\n","protected":false},"featured_media":20441,"comment_status":"closed","ping_status":"closed","template":"","meta":{"_acf_changed":false},"product_brand":[],"product_cat":[147,146],"product_tag":[],"class_list":{"0":"post-22600","1":"product","2":"type-product","3":"status-publish","4":"has-post-thumbnail","6":"product_cat-vetements-de-protection-antistatiques","7":"product_cat-vetements-de-travail-industriels","8":"resize-featured-image","9":"sales-flash-overlay","10":"woocommerce-text-align-center","11":"woocommerce-image-align-center","12":"do-quantity-buttons","14":"first","15":"instock","16":"shipping-taxable","17":"product-type-simple"},"acf":[],"_links":{"self":[{"href":"https:\/\/oroel.com\/fr\/wp-json\/wp\/v2\/product\/22600","targetHints":{"allow":["GET"]}}],"collection":[{"href":"https:\/\/oroel.com\/fr\/wp-json\/wp\/v2\/product"}],"about":[{"href":"https:\/\/oroel.com\/fr\/wp-json\/wp\/v2\/types\/product"}],"replies":[{"embeddable":true,"href":"https:\/\/oroel.com\/fr\/wp-json\/wp\/v2\/comments?post=22600"}],"wp:featuredmedia":[{"embeddable":true,"href":"https:\/\/oroel.com\/fr\/wp-json\/wp\/v2\/media\/20441"}],"wp:attachment":[{"href":"https:\/\/oroel.com\/fr\/wp-json\/wp\/v2\/media?parent=22600"}],"wp:term":[{"taxonomy":"product_brand","embeddable":true,"href":"https:\/\/oroel.com\/fr\/wp-json\/wp\/v2\/product_brand?post=22600"},{"taxonomy":"product_cat","embeddable":true,"href":"https:\/\/oroel.com\/fr\/wp-json\/wp\/v2\/product_cat?post=22600"},{"taxonomy":"product_tag","embeddable":true,"href":"https:\/\/oroel.com\/fr\/wp-json\/wp\/v2\/product_tag?post=22600"}],"curies":[{"name":"wp","href":"https:\/\/api.w.org\/{rel}","templated":true}]}}