{"id":22583,"date":"2025-06-18T09:46:02","date_gmt":"2025-06-18T09:46:02","guid":{"rendered":"https:\/\/oroel.com\/producto\/polo-a-manches-longues-avec-reflechissant-discontinu\/"},"modified":"2025-06-18T09:46:02","modified_gmt":"2025-06-18T09:46:02","slug":"polo-a-manches-longues-avec-reflechissant-discontinu","status":"publish","type":"product","link":"https:\/\/oroel.com\/fr\/producto\/polo-a-manches-longues-avec-reflechissant-discontinu\/","title":{"rendered":"Polo \u00e0 manches longues avec r\u00e9fl\u00e9chissant discontinu"},"content":{"rendered":"<p>Ce polo haute visibilit\u00e9 \u00e0 manches longues avec bandes r\u00e9fl\u00e9chissantes est dot\u00e9 d\u2019un col ouvert \u00e0 trois boutons et de poignets c\u00f4tel\u00e9s. Il offre un grand confort au travailleur qui le porte dans toutes ses activit\u00e9s, en plus de garantir une grande protection compte tenu de ses propri\u00e9t\u00e9s de haute visibilit\u00e9. <\/p>\n<p>Ce v\u00eatement est compos\u00e9 de r\u00e9fl\u00e9chissants discontinus, et combine du jaune et du bleu marine sur le col, les manches et la partie inf\u00e9rieure du tronc. Les bandes r\u00e9fl\u00e9chissantes sont situ\u00e9es dans la partie centrale. <\/p>\n<p>Sa composition est 100&nbsp;% polyester, et gr\u00e2ce aux bandes r\u00e9fl\u00e9chissantes \u00e9paisses, la visibilit\u00e9 du travailleur est assur\u00e9e, \u00e9vitant ainsi les accidents et pr\u00e9venant les risques professionnels.<\/p>\n<h3>Normes pour le polo \u00e0 manches longues avec G219923F7 r\u00e9fl\u00e9chissant discontinu \u2013 ST<\/h3>\n<p><strong>EN ISO 20471<\/strong> : ce certificat international garantit que le v\u00eatement de s\u00e9curit\u00e9 garantit une visibilit\u00e9 maximale pour le porteur dans des environnements \u00e0 haut risque.<\/p>\n","protected":false},"excerpt":{"rendered":"<p>Col principal en tissu et poignets c\u00f4tel\u00e9s. R\u00e9fl\u00e9chissant discontinu.<br \/>\nComposition : 100&nbsp;% polyester Ag+, 180 g\/m\u00b2 <\/p>\n","protected":false},"featured_media":946,"comment_status":"closed","ping_status":"closed","template":"","meta":{"_acf_changed":false},"product_brand":[],"product_cat":[180,146,176],"product_tag":[],"class_list":{"0":"post-22583","1":"product","2":"type-product","3":"status-publish","4":"has-post-thumbnail","6":"product_cat-polos-a-v-fr","7":"product_cat-vetements-de-travail-industriels","8":"product_cat-vetements-haute-visibilite","9":"resize-featured-image","10":"sales-flash-overlay","11":"woocommerce-text-align-center","12":"woocommerce-image-align-center","13":"do-quantity-buttons","15":"first","16":"instock","17":"shipping-taxable","18":"product-type-simple"},"acf":[],"_links":{"self":[{"href":"https:\/\/oroel.com\/fr\/wp-json\/wp\/v2\/product\/22583","targetHints":{"allow":["GET"]}}],"collection":[{"href":"https:\/\/oroel.com\/fr\/wp-json\/wp\/v2\/product"}],"about":[{"href":"https:\/\/oroel.com\/fr\/wp-json\/wp\/v2\/types\/product"}],"replies":[{"embeddable":true,"href":"https:\/\/oroel.com\/fr\/wp-json\/wp\/v2\/comments?post=22583"}],"wp:featuredmedia":[{"embeddable":true,"href":"https:\/\/oroel.com\/fr\/wp-json\/wp\/v2\/media\/946"}],"wp:attachment":[{"href":"https:\/\/oroel.com\/fr\/wp-json\/wp\/v2\/media?parent=22583"}],"wp:term":[{"taxonomy":"product_brand","embeddable":true,"href":"https:\/\/oroel.com\/fr\/wp-json\/wp\/v2\/product_brand?post=22583"},{"taxonomy":"product_cat","embeddable":true,"href":"https:\/\/oroel.com\/fr\/wp-json\/wp\/v2\/product_cat?post=22583"},{"taxonomy":"product_tag","embeddable":true,"href":"https:\/\/oroel.com\/fr\/wp-json\/wp\/v2\/product_tag?post=22583"}],"curies":[{"name":"wp","href":"https:\/\/api.w.org\/{rel}","templated":true}]}}